{"id":28685,"date":"2013-02-01T20:47:48","date_gmt":"2013-02-01T19:47:48","guid":{"rendered":"http:\/\/www.libraria-occitana.org\/all-products\/limousin-corps-ame?lang=oc"},"modified":"2024-07-04T00:42:18","modified_gmt":"2024-07-03T22:42:18","slug":"limousin-corps-ame","status":"publish","type":"product","link":"https:\/\/www.libraria-occitana.org\/oc\/produch\/limousin-corps-ame\/","title":{"rendered":"Limousin : Corps &#038; \u00c2me"},"content":{"rendered":"<p>Le livre <em>Limousin Corps et \u00e2me<\/em> pr\u00e9sente le Limousin tel que nous le connaissons, tel que nous voulons le promouvoir : des photos exceptionnelles, la richesse de l\u2019identit\u00e9 limousine explor\u00e9e sous toutes ses facettes, les t\u00e9moignages de tous les experts de la r\u00e9gion\u2026<\/p>\n<p><em>Corps et \u00c2me<\/em> raconte un territoire en partageant et r\u00e9v\u00e9lant l\u2019extraordinaire richesse de son identit\u00e9 sous toutes ses facettes. \u00c9crit par Sophie de Paillette et pr\u00e9fac\u00e9 par l\u2019ethnologue Maurice Robert, <em>Limousin Corps et \u00c2me<\/em> met en correspondance les connaissances et les t\u00e9moignages des meilleurs experts, hommes et femmes porte-parole et acteurs passionn\u00e9s de leur r\u00e9gion : historiens, g\u00e9ographes, sociologues, ethnologues, entrepreneurs, chercheurs, artisans, responsables d\u2019associations, architectes, \u00e9crivains, journalistes, photographes, plasticiens, po\u00e8tes, conteurs\u2026<br \/>\n<em>Corps et \u00c2me<\/em> offre au lecteur un autre regard, tout en beaut\u00e9, et bien au-del\u00e0 des apparences, pour aller \u00e0 la d\u00e9couverte d\u2019une r\u00e9gion comme si elle \u00e9tait une personne. Une porte ouverte \u00e0 l\u2019\u00e9merveillement et la promesse d\u2019une vraie rencontre, unique et intime, parce que chaque r\u00e9gion n\u2019est semblable \u00e0 nulle autre.<\/p>\n","protected":false},"excerpt":{"rendered":"<p>Le livre Limousin Corps et \u00e2me pr\u00e9sente le Limousin tel que nous le connaissons, tel que nous voulons le promouvoir : des photos exceptionnelles, la richesse de l\u2019identit\u00e9 limousine explor\u00e9e sous toutes ses facettes, les t\u00e9moignages de tous les experts de la r\u00e9gion\u2026 Corps et \u00c2me raconte un territoire en partageant et r\u00e9v\u00e9lant l\u2019extraordinaire richesse [&hellip;]<\/p>\n","protected":false},"featured_media":28683,"template":"","meta":{"_acf_changed":false,"_genesis_hide_title":false,"_genesis_hide_breadcrumbs":false,"_genesis_hide_singular_image":false,"_genesis_hide_footer_widgets":false,"_genesis_custom_body_class":"","_genesis_custom_post_class":"","_genesis_layout":""},"product_brand":[],"product_cat":[7199,7133,7197],"product_tag":[],"class_list":{"0":"post-28685","1":"product","2":"type-product","3":"status-publish","4":"has-post-thumbnail","6":"product_cat-guides-torisme-viatge-oc","7":"product_cat-libres-oc","8":"product_cat-natura-torisme-oc","9":"pa_auteur-paillette-sophie-de-oc","10":"pa_editeur-editions-du-pantheon-oc","11":"pa_langue-francais-oc","12":"entry","14":"first","15":"outofstock","16":"shipping-taxable","17":"purchasable","18":"product-type-simple"},"acf":[],"_links":{"self":[{"href":"https:\/\/www.libraria-occitana.org\/oc\/wp-json\/wp\/v2\/product\/28685","targetHints":{"allow":["GET"]}}],"collection":[{"href":"https:\/\/www.libraria-occitana.org\/oc\/wp-json\/wp\/v2\/product"}],"about":[{"href":"https:\/\/www.libraria-occitana.org\/oc\/wp-json\/wp\/v2\/types\/product"}],"wp:featuredmedia":[{"embeddable":true,"href":"https:\/\/www.libraria-occitana.org\/oc\/wp-json\/wp\/v2\/media\/28683"}],"wp:attachment":[{"href":"https:\/\/www.libraria-occitana.org\/oc\/wp-json\/wp\/v2\/media?parent=28685"}],"wp:term":[{"taxonomy":"product_brand","embeddable":true,"href":"https:\/\/www.libraria-occitana.org\/oc\/wp-json\/wp\/v2\/product_brand?post=28685"},{"taxonomy":"product_cat","embeddable":true,"href":"https:\/\/www.libraria-occitana.org\/oc\/wp-json\/wp\/v2\/product_cat?post=28685"},{"taxonomy":"product_tag","embeddable":true,"href":"https:\/\/www.libraria-occitana.org\/oc\/wp-json\/wp\/v2\/product_tag?post=28685"}],"curies":[{"name":"wp","href":"https:\/\/api.w.org\/{rel}","templated":true}]}}