{"id":28700,"date":"2016-01-11T17:32:50","date_gmt":"2016-01-11T16:32:50","guid":{"rendered":"http:\/\/www.libraria-occitana.org\/all-products\/le-capitaine-des-meurt-de-faim-histoire-limousine?lang=oc"},"modified":"2026-04-25T01:11:48","modified_gmt":"2026-04-24T23:11:48","slug":"le-capitaine-des-meurt-de-faim-histoire-limousine","status":"publish","type":"product","link":"https:\/\/www.libraria-occitana.org\/oc\/produch\/le-capitaine-des-meurt-de-faim-histoire-limousine\/","title":{"rendered":"Le Capitaine des Meurt-de-Faim : Histoire limousine"},"content":{"rendered":"<p>1815. Apr\u00e8s la d\u00e9faite de Waterloo, Brutus-L\u00e9onidas Raimondy, un jeune officier de l\u2019arm\u00e9e napol\u00e9onienne, rejoint son p\u00e8re qui s\u2019est nouvellement install\u00e9 rue des Combes \u00e0 Limoges. Ce dernier, Pierre Raimondy, reconna\u00eet \u00e0 la sortie de l\u2019\u00e9glise Saint-Pierre, en la personne du baron d\u2019Espelettes, un tra\u00eetre \u00e0 la conjuration des \u00c9gaux.<br \/>\nSe sentant menac\u00e9, le baron d\u00e9cide de faire taire Pierre Raimondy, mais pour l\u2019atteindre, il fomente un complot contre son fils. Dans le m\u00eame temps, Brutus-L\u00e9onidas aide \u00e0 monter une r\u00e9volte visant \u00e0 renverser le pouvoir en place au profit des ouvriers, porcelainiers, naveteaux et autres chaudronniers de Limoges&#8230;<br \/>\nComplots, tra\u00eetrises et manipulations sont les ferments de l\u2019intrigue de ce roman-feuilleton sur fond de chute de l\u2019Empire napol\u00e9onien et des d\u00e9buts de la Restauration. Ce r\u00e9cit in\u00e9dit prom\u00e8ne le lecteur \u00e0 travers les quartiers typiques de Limoges et replace la ville et ses habitants au sein de la grande histoire.<\/p>\n","protected":false},"excerpt":{"rendered":"<p>1815. Apr\u00e8s la d\u00e9faite de Waterloo, Brutus-L\u00e9onidas Raimondy, un jeune officier de l\u2019arm\u00e9e napol\u00e9onienne, rejoint son p\u00e8re qui s\u2019est nouvellement install\u00e9 rue des Combes \u00e0 Limoges. Ce dernier, Pierre Raimondy, reconna\u00eet \u00e0 la sortie de l\u2019\u00e9glise Saint-Pierre, en la personne du baron d\u2019Espelettes, un tra\u00eetre \u00e0 la conjuration des \u00c9gaux. Se sentant menac\u00e9, le baron [&hellip;]<\/p>\n","protected":false},"featured_media":28698,"template":"","meta":{"_acf_changed":false,"_genesis_hide_title":false,"_genesis_hide_breadcrumbs":false,"_genesis_hide_singular_image":false,"_genesis_hide_footer_widgets":false,"_genesis_custom_body_class":"","_genesis_custom_post_class":"","_genesis_layout":""},"product_brand":[],"product_cat":[7133,7175,7183],"product_tag":[],"class_list":{"0":"post-28700","1":"product","2":"type-product","3":"status-publish","4":"has-post-thumbnail","6":"product_cat-libres-oc","7":"product_cat-literatura-oc","8":"product_cat-romans-novelas-oc","9":"pa_auteur-clement-a-en-oc","10":"pa_editeur-les-ardents-editeurs-oc","11":"pa_langue-francais-oc","12":"entry","14":"first","15":"instock","16":"shipping-taxable","17":"purchasable","18":"product-type-simple"},"acf":[],"_links":{"self":[{"href":"https:\/\/www.libraria-occitana.org\/oc\/wp-json\/wp\/v2\/product\/28700","targetHints":{"allow":["GET"]}}],"collection":[{"href":"https:\/\/www.libraria-occitana.org\/oc\/wp-json\/wp\/v2\/product"}],"about":[{"href":"https:\/\/www.libraria-occitana.org\/oc\/wp-json\/wp\/v2\/types\/product"}],"wp:featuredmedia":[{"embeddable":true,"href":"https:\/\/www.libraria-occitana.org\/oc\/wp-json\/wp\/v2\/media\/28698"}],"wp:attachment":[{"href":"https:\/\/www.libraria-occitana.org\/oc\/wp-json\/wp\/v2\/media?parent=28700"}],"wp:term":[{"taxonomy":"product_brand","embeddable":true,"href":"https:\/\/www.libraria-occitana.org\/oc\/wp-json\/wp\/v2\/product_brand?post=28700"},{"taxonomy":"product_cat","embeddable":true,"href":"https:\/\/www.libraria-occitana.org\/oc\/wp-json\/wp\/v2\/product_cat?post=28700"},{"taxonomy":"product_tag","embeddable":true,"href":"https:\/\/www.libraria-occitana.org\/oc\/wp-json\/wp\/v2\/product_tag?post=28700"}],"curies":[{"name":"wp","href":"https:\/\/api.w.org\/{rel}","templated":true}]}}