{"id":28713,"date":"2010-06-12T10:34:12","date_gmt":"2010-06-12T09:34:12","guid":{"rendered":"http:\/\/www.libraria-occitana.org\/all-products\/contes-de-gasconha-prumera-garba-contes-epics?lang=oc"},"modified":"2026-04-10T22:46:52","modified_gmt":"2026-04-10T20:46:52","slug":"contes-de-gasconha-prumera-garba-contes-epics","status":"publish","type":"product","link":"https:\/\/www.libraria-occitana.org\/oc\/produch\/contes-de-gasconha-prumera-garba-contes-epics\/","title":{"rendered":"Contes de Gasconha Prum\u00e8ra garba (Contes epics)"},"content":{"rendered":"<p>Nav\u00e8ra edicion corregida.<\/p>\n<p>Joan Franc\u00e9s Blad\u00e8r (1827-1900) de Leitora, on est\u00f3 b\u00e8ra pausa jutge de patz, que\u2019s d\u00e8 a la coll\u00e8cta deu tesaur folcloric gascon. Mes que passa los collectaires deu son temps. N\u2019i a pas nat dobte que las honts soas e siin autenticas, e que se n\u2019explica. Mes qu\u2019ei segur tanben que hon\u00f3, dramatiz\u00e8, patin\u00e8 dab lo son art de la pr\u00f2sa los contes populars. Aqueth Nodier, aqueth Grimm de Gasconha qu\u2019ei un gran escrivan qui rend aumenatge a l\u2019eng\u00e8ni popular en s\u2019i incorporar. Los contes que l\u2019autor designa com \u00ab epics \u00bb que son caps d\u2019\u00f2bras incontestats, classics de la literatura d\u2019\u00f2c au medish t\u00edtol que las \u00f2bras deus autors mei esmiraglants. Nat legedor non p\u00f2t escapar a la magia d\u2019aqueras enonciacions simplas : <em>jo sabi un conte, lo conte de la mar que canta, de la poma que dan\u00e7a, e de l\u2019auseron que ditz tot<\/em>, a la seguretat d\u2019ua composicion eminentament dramatica, a l\u2019ensabatada d\u2019aquera Gasconha illimitada per camins fantastics, a la gravetat ponhenta deus hats umans que lo recit encadena.<\/p>\n<p style=\"text-align: right;\">R. Lafont, C. Anatole, <em>Nouvelle histoire de la litt\u00e9rature occitane<\/em>, PUF, Paris, 1971.<\/p>\n<p><em><a href=\"http:\/\/www.libraria-occitana.org\/produit\/contes-de-gasconha-segonda-garba\/\">Contes de Gasconha Segonda garba<\/a><\/em><br \/>\n<em><a href=\"http:\/\/www.libraria-occitana.org\/produit\/contes-de-gasconha-darrera-garba\/\">Contes de Gasconha Darr\u00e8ra garba<\/a><\/em><\/p>\n","protected":false},"excerpt":{"rendered":"<p>Nav\u00e8ra edicion corregida. Joan Franc\u00e9s Blad\u00e8r (1827-1900) de Leitora, on est\u00f3 b\u00e8ra pausa jutge de patz, que\u2019s d\u00e8 a la coll\u00e8cta deu tesaur folcloric gascon. Mes que passa los collectaires deu son temps. N\u2019i a pas nat dobte que las honts soas e siin autenticas, e que se n\u2019explica. Mes qu\u2019ei segur tanben que hon\u00f3, [&hellip;]<\/p>\n","protected":false},"featured_media":28711,"template":"","meta":{"_acf_changed":false,"_genesis_hide_title":false,"_genesis_hide_breadcrumbs":false,"_genesis_hide_singular_image":false,"_genesis_hide_footer_widgets":false,"_genesis_custom_body_class":"","_genesis_custom_post_class":"","_genesis_layout":""},"product_brand":[],"product_cat":[7177,7133,7175],"product_tag":[],"class_list":{"0":"post-28713","1":"product","2":"type-product","3":"status-publish","4":"has-post-thumbnail","6":"product_cat-contes-fablas-oc","7":"product_cat-libres-oc","8":"product_cat-literatura-oc","9":"pa_auteur-blader-joan-frances-oc","10":"pa_editeur-per-noste-oc","11":"pa_langue-occitan-oc","12":"pa_langue-occitan-gascon-oc","13":"entry","15":"first","16":"instock","17":"shipping-taxable","18":"purchasable","19":"product-type-simple"},"acf":[],"_links":{"self":[{"href":"https:\/\/www.libraria-occitana.org\/oc\/wp-json\/wp\/v2\/product\/28713","targetHints":{"allow":["GET"]}}],"collection":[{"href":"https:\/\/www.libraria-occitana.org\/oc\/wp-json\/wp\/v2\/product"}],"about":[{"href":"https:\/\/www.libraria-occitana.org\/oc\/wp-json\/wp\/v2\/types\/product"}],"wp:featuredmedia":[{"embeddable":true,"href":"https:\/\/www.libraria-occitana.org\/oc\/wp-json\/wp\/v2\/media\/28711"}],"wp:attachment":[{"href":"https:\/\/www.libraria-occitana.org\/oc\/wp-json\/wp\/v2\/media?parent=28713"}],"wp:term":[{"taxonomy":"product_brand","embeddable":true,"href":"https:\/\/www.libraria-occitana.org\/oc\/wp-json\/wp\/v2\/product_brand?post=28713"},{"taxonomy":"product_cat","embeddable":true,"href":"https:\/\/www.libraria-occitana.org\/oc\/wp-json\/wp\/v2\/product_cat?post=28713"},{"taxonomy":"product_tag","embeddable":true,"href":"https:\/\/www.libraria-occitana.org\/oc\/wp-json\/wp\/v2\/product_tag?post=28713"}],"curies":[{"name":"wp","href":"https:\/\/api.w.org\/{rel}","templated":true}]}}