{"id":28721,"date":"1985-01-01T10:41:14","date_gmt":"1985-01-01T09:41:14","guid":{"rendered":"http:\/\/www.libraria-occitana.org\/all-products\/contes-de-gasconha-segonda-garba?lang=oc"},"modified":"2026-04-03T02:21:20","modified_gmt":"2026-04-03T00:21:20","slug":"contes-de-gasconha-segonda-garba","status":"publish","type":"product","link":"https:\/\/www.libraria-occitana.org\/oc\/produch\/contes-de-gasconha-segonda-garba\/","title":{"rendered":"Contes de Gasconha Segonda garba"},"content":{"rendered":"<p><em>Joan de Cal\u00e9s<\/em> e los <em>M\u00f2rts covidaires<\/em>, <em>Senta Fe<\/em> gresilhada e <em>Sant Grapasi<\/em> escapitat sus la pla\u00e7a d&#8217;Agen, las <em>Hadas<\/em> deu b\u00f2sc de Miranda e las <em>Serenas<\/em> deu G\u00e8rs, <em>N\u00f2ste-S\u00e9nher<\/em> e <em>Sent P\u00e8ir<\/em> en viatge sus la t\u00e8rra, lo <em>Drac<\/em> de las escuderias e lo <em>Rei Art\u00fas<\/em> damnat per aver tr\u00f2p aimat la ca\u00e7a, lo <em>Mandag\u00f2t<\/em> p\u00f2rta-fortuna e lo <em>Gat negre<\/em> sortit de l&#8217;inf\u00e8rn, los <em>Becuts<\/em> minja-crestians e l&#8217;<em>\u00d2me verd<\/em> m\u00e8ste deus aus\u00e8ths e de totas b\u00e8stias volairas, que trobam dens aquesta segonda garba de <em>Contes<\/em> tot lo tresaur de las tradicions miticas e devociosas de la vi\u00e8lha Gasconha amassadas au s\u00e8gle passat per l&#8217;\u00ab escriba int\u00e8gre e pi\u00f3s\u00a0\u00bb, Joan-Franc\u00e9s Blad\u00e8r, de Leitora (1827-1900). Peu prum\u00e8r c\u00f2p dens lo t\u00e8xte originau occitan.<\/p>\n<p><em><a href=\"http:\/\/www.libraria-occitana.org\/produit\/contes-de-gasconha-prumera-garba-contes-epics\/\">Contes de Gasconha Prum\u00e8ra garba (Contes epics)<\/a><br \/>\n<a href=\"http:\/\/www.libraria-occitana.org\/produit\/contes-de-gasconha-darrera-garba\/\">Contes de Gasconha Darr\u00e8ra garba<\/a><\/em><\/p>\n","protected":false},"excerpt":{"rendered":"<p>Joan de Cal\u00e9s e los M\u00f2rts covidaires, Senta Fe gresilhada e Sant Grapasi escapitat sus la pla\u00e7a d&#8217;Agen, las Hadas deu b\u00f2sc de Miranda e las Serenas deu G\u00e8rs, N\u00f2ste-S\u00e9nher e Sent P\u00e8ir en viatge sus la t\u00e8rra, lo Drac de las escuderias e lo Rei Art\u00fas damnat per aver tr\u00f2p aimat la ca\u00e7a, lo [&hellip;]<\/p>\n","protected":false},"featured_media":28719,"template":"","meta":{"_acf_changed":false,"_genesis_hide_title":false,"_genesis_hide_breadcrumbs":false,"_genesis_hide_singular_image":false,"_genesis_hide_footer_widgets":false,"_genesis_custom_body_class":"","_genesis_custom_post_class":"","_genesis_layout":""},"product_brand":[],"product_cat":[7133,7175,7177],"product_tag":[],"class_list":{"0":"post-28721","1":"product","2":"type-product","3":"status-publish","4":"has-post-thumbnail","6":"product_cat-libres-oc","7":"product_cat-literatura-oc","8":"product_cat-contes-fablas-oc","9":"pa_auteur-blader-joan-frances-oc","10":"pa_editeur-ieo-fr-oc","11":"pa_langue-occitan-oc","12":"pa_langue-occitan-gascon-oc","13":"entry","15":"first","16":"instock","17":"shipping-taxable","18":"purchasable","19":"product-type-simple"},"acf":[],"_links":{"self":[{"href":"https:\/\/www.libraria-occitana.org\/oc\/wp-json\/wp\/v2\/product\/28721","targetHints":{"allow":["GET"]}}],"collection":[{"href":"https:\/\/www.libraria-occitana.org\/oc\/wp-json\/wp\/v2\/product"}],"about":[{"href":"https:\/\/www.libraria-occitana.org\/oc\/wp-json\/wp\/v2\/types\/product"}],"wp:featuredmedia":[{"embeddable":true,"href":"https:\/\/www.libraria-occitana.org\/oc\/wp-json\/wp\/v2\/media\/28719"}],"wp:attachment":[{"href":"https:\/\/www.libraria-occitana.org\/oc\/wp-json\/wp\/v2\/media?parent=28721"}],"wp:term":[{"taxonomy":"product_brand","embeddable":true,"href":"https:\/\/www.libraria-occitana.org\/oc\/wp-json\/wp\/v2\/product_brand?post=28721"},{"taxonomy":"product_cat","embeddable":true,"href":"https:\/\/www.libraria-occitana.org\/oc\/wp-json\/wp\/v2\/product_cat?post=28721"},{"taxonomy":"product_tag","embeddable":true,"href":"https:\/\/www.libraria-occitana.org\/oc\/wp-json\/wp\/v2\/product_tag?post=28721"}],"curies":[{"name":"wp","href":"https:\/\/api.w.org\/{rel}","templated":true}]}}