{"id":28745,"date":"2016-07-12T12:05:14","date_gmt":"2016-07-12T10:05:14","guid":{"rendered":"http:\/\/www.libraria-occitana.org\/all-products\/ordich-musique-traditionnelle-limousin-marche?lang=oc"},"modified":"2026-04-25T03:11:31","modified_gmt":"2026-04-25T01:11:31","slug":"ordich-musique-traditionnelle-limousin-marche","status":"publish","type":"product","link":"https:\/\/www.libraria-occitana.org\/oc\/produch\/ordich-musique-traditionnelle-limousin-marche\/","title":{"rendered":"Ordich ! : Musique traditionnelle Limousin Marche"},"content":{"rendered":"<p><strong>Alexandra Lacouchie :<\/strong> violons<br \/>\n<strong>Anne Rivaud :<\/strong> accord\u00e9ons diatoniques<\/p>\n<p>\u00ab Je ne sais pas pourquoi mais il y a des moments musicaux qui restent grav\u00e9s dans la m\u00e9moire de chacun.<br \/>\nLa musique a ce pouvoir-l\u00e0, et personne ne peut expliquer pourquoi, tellement c\u2019est subjectif\u2026 Quand j\u2019ai entendu, pour la premi\u00e8re fois, la musique d\u2019Anne &amp; Alexandra, j\u2019ai \u00e9t\u00e9 particuli\u00e8rement touch\u00e9 par cette \u00e9nergie subtile, fine, cadenc\u00e9e et d\u2019une puissance qui permet \u00e0 chaque danseur de se sentir libre\u2026<br \/>\nJe suis tr\u00e8s heureux que ce moment grav\u00e9 dans ma m\u00e9moire le soit aujourd\u2019hui sur un CD ! Merci les filles ! \u00bb<\/p>\n<p style=\"text-align: right;\">Herv\u00e9 Capel<\/p>\n<p>Indication des sources. Traditionnels : Marche \/ Limousin (35 titres), Auvergne (1 titre).<\/p>\n<p><strong>Titres :<\/strong><br \/>\n1. Mazurka de Louis Jarraud \/ Mazurka de Rouffet (mazurkas, Limousin)<br \/>\n2. Las dr\u00f2llas dei Lonzac \/ Bourr\u00e9e \/ Bourr\u00e9e du tacot (bourr\u00e9es, Limousin)<br \/>\n3. Dans un pr\u00e9 \/ Scottish de Pierre Grelet \/ La balada (scottishs, Limousin, Marche)<br \/>\n4. Qu\u00f2 es lo mairilhier e lo curet \/ Barra-la emb clau (sauti\u00e8res, Limousin)<br \/>\n5. Delai lo rivatel \/ Lo merle (bourr\u00e9es, Limousin)<br \/>\n6. Quand je suis \u00e0 la messe all\u00e9e \/ Charmante et beaut\u00e9 que j\u2019adore (m\u00e9lodies vals\u00e9es, Limousin)<br \/>\n7. Ordich Janeta \/ Scottish d\u2019Eug\u00e8ne Tarrade (scottishs, Limousin)<br \/>\n8. Giate de Pierre Arfeuille \/ Giate de L\u00e9on Petit (giates, Marche)<br \/>\n9. Giate de Lucien Chaput \/ Giate de Paul Pruny (giates, Auvergne, Marche)<br \/>\n10. Mazurka d\u2019Ars\u00e8ne Courty (mazurka, Marche)<br \/>\n11. Barra-la emb clau \/ Sauti\u00e8re de L\u00e9on Bonis (sauti\u00e8res, Limousin)<br \/>\n12. Scottish d\u2019Ars\u00e8ne Courty \/ Scottish de Michel P\u00e9chadre \/ Scottish d&#8217;Ars\u00e8ne Courty (scottishs, Marche, Limousin)<br \/>\n13. La Champagnac \/ Montagnarde de Fran\u00e7ois Muravaud (bourr\u00e9es, Limousin, Marche)<br \/>\n14. Brenne-valse (valse, Marche)<br \/>\n15. Tilou tilou (polka-piqu\u00e9e, Marche)<br \/>\n16. Los Chaumelhos \/ Bourr\u00e9e de Michel P\u00e9chadre (bourr\u00e9es, Limousin)<br \/>\n17. Qu\u00f2 es las dr\u00f2llas \/ Sauti\u00e8re d\u2019Orgnac \/ Sauti\u00e8re de L\u00e9on Bonis (sauti\u00e8res, Limousin)<\/p>\n","protected":false},"excerpt":{"rendered":"<p>Alexandra Lacouchie : violons Anne Rivaud : accord\u00e9ons diatoniques \u00ab Je ne sais pas pourquoi mais il y a des moments musicaux qui restent grav\u00e9s dans la m\u00e9moire de chacun. La musique a ce pouvoir-l\u00e0, et personne ne peut expliquer pourquoi, tellement c\u2019est subjectif\u2026 Quand j\u2019ai entendu, pour la premi\u00e8re fois, la musique d\u2019Anne &amp; [&hellip;]<\/p>\n","protected":false},"featured_media":28743,"template":"","meta":{"_acf_changed":false,"_genesis_hide_title":false,"_genesis_hide_breadcrumbs":false,"_genesis_hide_singular_image":false,"_genesis_hide_footer_widgets":false,"_genesis_custom_body_class":"","_genesis_custom_post_class":"","_genesis_layout":""},"product_brand":[],"product_cat":[16683,7229],"product_tag":[],"class_list":{"0":"post-28745","1":"product","2":"type-product","3":"status-publish","4":"has-post-thumbnail","6":"product_cat-musica-oc","7":"product_cat-novela-tradicion-oc","8":"pa_auteur-lacouchie-alexandra-oc","9":"pa_auteur-rivaud-anne-oc","10":"pa_editeur-aepem-oc","11":"pa_langue-occitan-oc","12":"pa_langue-occitan-lemosin-oc","13":"entry","15":"first","16":"outofstock","17":"shipping-taxable","18":"purchasable","19":"product-type-simple"},"acf":[],"_links":{"self":[{"href":"https:\/\/www.libraria-occitana.org\/oc\/wp-json\/wp\/v2\/product\/28745","targetHints":{"allow":["GET"]}}],"collection":[{"href":"https:\/\/www.libraria-occitana.org\/oc\/wp-json\/wp\/v2\/product"}],"about":[{"href":"https:\/\/www.libraria-occitana.org\/oc\/wp-json\/wp\/v2\/types\/product"}],"wp:featuredmedia":[{"embeddable":true,"href":"https:\/\/www.libraria-occitana.org\/oc\/wp-json\/wp\/v2\/media\/28743"}],"wp:attachment":[{"href":"https:\/\/www.libraria-occitana.org\/oc\/wp-json\/wp\/v2\/media?parent=28745"}],"wp:term":[{"taxonomy":"product_brand","embeddable":true,"href":"https:\/\/www.libraria-occitana.org\/oc\/wp-json\/wp\/v2\/product_brand?post=28745"},{"taxonomy":"product_cat","embeddable":true,"href":"https:\/\/www.libraria-occitana.org\/oc\/wp-json\/wp\/v2\/product_cat?post=28745"},{"taxonomy":"product_tag","embeddable":true,"href":"https:\/\/www.libraria-occitana.org\/oc\/wp-json\/wp\/v2\/product_tag?post=28745"}],"curies":[{"name":"wp","href":"https:\/\/api.w.org\/{rel}","templated":true}]}}