{"id":28770,"date":"2016-06-12T14:51:40","date_gmt":"2016-06-12T13:51:40","guid":{"rendered":"http:\/\/www.libraria-occitana.org\/all-products\/una-lonja-convalescencia?lang=oc"},"modified":"2026-04-29T10:42:28","modified_gmt":"2026-04-29T08:42:28","slug":"una-lonja-convalescencia","status":"publish","type":"product","link":"https:\/\/www.libraria-occitana.org\/oc\/produch\/una-lonja-convalescencia\/","title":{"rendered":"Una lonja convalesc\u00e9ncia"},"content":{"rendered":"<p><strong>[oc]<\/strong><br \/>\nEn seguida d\u2019un accident, un j\u00f2une \u00f2me se tr\u00f2ba a l\u2019espitau. Pensa de poder surtir pro leu, mas sa convalesc\u00e9ncia es mai lonja que previst.<\/p>\n<p><strong>[fr]<\/strong><br \/>\nSuite \u00e0 un accident, un jeune homme se retrouve \u00e0 l&#8217;h\u00f4pital. Il pense en sortir bient\u00f4t, mais sa convalescence va durer plus que pr\u00e9vu.<\/p>\n","protected":false},"excerpt":{"rendered":"<p>[oc] En seguida d\u2019un accident, un j\u00f2une \u00f2me se tr\u00f2ba a l\u2019espitau. Pensa de poder surtir pro leu, mas sa convalesc\u00e9ncia es mai lonja que previst. [fr] Suite \u00e0 un accident, un jeune homme se retrouve \u00e0 l&#8217;h\u00f4pital. Il pense en sortir bient\u00f4t, mais sa convalescence va durer plus que pr\u00e9vu.<\/p>\n","protected":false},"featured_media":28768,"template":"","meta":{"_acf_changed":false,"_genesis_hide_title":false,"_genesis_hide_breadcrumbs":false,"_genesis_hide_singular_image":false,"_genesis_hide_footer_widgets":false,"_genesis_custom_body_class":"","_genesis_custom_post_class":"","_genesis_layout":""},"product_brand":[],"product_cat":[7133,7175,7183],"product_tag":[],"class_list":{"0":"post-28770","1":"product","2":"type-product","3":"status-publish","4":"has-post-thumbnail","6":"product_cat-libres-oc","7":"product_cat-literatura-oc","8":"product_cat-romans-novelas-oc","9":"pa_auteur-ros-esteve-oc","10":"pa_editeur-ieo-fr-oc","11":"pa_langue-occitan-oc","12":"pa_langue-occitan-lemosin-oc","13":"entry","15":"first","16":"instock","17":"shipping-taxable","18":"purchasable","19":"product-type-simple"},"acf":[],"_links":{"self":[{"href":"https:\/\/www.libraria-occitana.org\/oc\/wp-json\/wp\/v2\/product\/28770","targetHints":{"allow":["GET"]}}],"collection":[{"href":"https:\/\/www.libraria-occitana.org\/oc\/wp-json\/wp\/v2\/product"}],"about":[{"href":"https:\/\/www.libraria-occitana.org\/oc\/wp-json\/wp\/v2\/types\/product"}],"wp:featuredmedia":[{"embeddable":true,"href":"https:\/\/www.libraria-occitana.org\/oc\/wp-json\/wp\/v2\/media\/28768"}],"wp:attachment":[{"href":"https:\/\/www.libraria-occitana.org\/oc\/wp-json\/wp\/v2\/media?parent=28770"}],"wp:term":[{"taxonomy":"product_brand","embeddable":true,"href":"https:\/\/www.libraria-occitana.org\/oc\/wp-json\/wp\/v2\/product_brand?post=28770"},{"taxonomy":"product_cat","embeddable":true,"href":"https:\/\/www.libraria-occitana.org\/oc\/wp-json\/wp\/v2\/product_cat?post=28770"},{"taxonomy":"product_tag","embeddable":true,"href":"https:\/\/www.libraria-occitana.org\/oc\/wp-json\/wp\/v2\/product_tag?post=28770"}],"curies":[{"name":"wp","href":"https:\/\/api.w.org\/{rel}","templated":true}]}}