{"id":28791,"date":"2016-01-12T15:52:04","date_gmt":"2016-01-12T14:52:04","guid":{"rendered":"http:\/\/www.libraria-occitana.org\/all-products\/conjugaison-occitane-savoir-conjuguer-en-occitan?lang=oc"},"modified":"2026-04-29T10:41:56","modified_gmt":"2026-04-29T08:41:56","slug":"conjugaison-occitane-savoir-conjuguer-en-occitan","status":"publish","type":"product","link":"https:\/\/www.libraria-occitana.org\/oc\/produch\/conjugaison-occitane-savoir-conjuguer-en-occitan\/","title":{"rendered":"Conjugaison occitane : Savoir conjuguer en occitan"},"content":{"rendered":"<p><strong>[oc]<\/strong><br \/>\nLa gramatica es en franc\u00e9s per una compreneson adaptada a la demanda dels aprenents. Los tabl\u00e8us de conjugason, eles, son en occitan (lengadocian) mas son de bon comprene. Aquel libre es la refer\u00e9ncia, l\u2019\u00ab equivalent \u00bb del Bescherelle pel franc\u00e9s, pels aprenents com pels locutors que se v\u00f2lon perfeccionnar dins la lenga :<\/p>\n<ul>\n<li>Gramatica dels v\u00e8rbs : totas las r\u00e8glas !<\/li>\n<li>Mod\u00e8ls de conjugason : 125 tabl\u00e8us !<\/li>\n<li>Repert\u00f2ri dels v\u00e8rbs : totes los v\u00e8rbs usuals !<\/li>\n<\/ul>\n<p><strong>[fr]<\/strong><br \/>\nLa grammaire des verbes est en fran\u00e7ais pour une meilleure compr\u00e9hension pour les apprenants. Les tableaux de conjugaison, en occitan (languedocien), sont facilement compr\u00e9hensibles par tous. Le livre de r\u00e9f\u00e9rence pour les apprenants et les locuteurs qui souhaitent perfectionner leur connaissance de l\u2019occitan :<\/p>\n<ul>\n<li>Grammaire des verbes : toutes les r\u00e8gles !<\/li>\n<li>Mod\u00e8les de conjugaison : 125 tableaux !<\/li>\n<li>R\u00e9pertoire des verbes : tous les verbes usuels !<\/li>\n<\/ul>\n","protected":false},"excerpt":{"rendered":"<p>[oc] La gramatica es en franc\u00e9s per una compreneson adaptada a la demanda dels aprenents. Los tabl\u00e8us de conjugason, eles, son en occitan (lengadocian) mas son de bon comprene. Aquel libre es la refer\u00e9ncia, l\u2019\u00ab equivalent \u00bb del Bescherelle pel franc\u00e9s, pels aprenents com pels locutors que se v\u00f2lon perfeccionnar dins la lenga : Gramatica [&hellip;]<\/p>\n","protected":false},"featured_media":28789,"template":"","meta":{"_acf_changed":false,"_genesis_hide_title":false,"_genesis_hide_breadcrumbs":false,"_genesis_hide_singular_image":false,"_genesis_hide_footer_widgets":false,"_genesis_custom_body_class":"","_genesis_custom_post_class":"","_genesis_layout":""},"product_brand":[],"product_cat":[7139,7137,7133],"product_tag":[],"class_list":{"0":"post-28791","1":"product","2":"type-product","3":"status-publish","4":"has-post-thumbnail","6":"product_cat-diccionaris-gramaticas-oc","7":"product_cat-diccionaris-lenga-escolar-oc","8":"product_cat-libres-oc","9":"pa_auteur-sauzet-patrick-oc","10":"pa_editeur-ieo-fr-oc","11":"pa_langue-occitan-lengadocian-oc","12":"pa_langue-occitan-francais-oc","13":"entry","15":"first","16":"instock","17":"shipping-taxable","18":"purchasable","19":"product-type-simple"},"acf":[],"_links":{"self":[{"href":"https:\/\/www.libraria-occitana.org\/oc\/wp-json\/wp\/v2\/product\/28791","targetHints":{"allow":["GET"]}}],"collection":[{"href":"https:\/\/www.libraria-occitana.org\/oc\/wp-json\/wp\/v2\/product"}],"about":[{"href":"https:\/\/www.libraria-occitana.org\/oc\/wp-json\/wp\/v2\/types\/product"}],"wp:featuredmedia":[{"embeddable":true,"href":"https:\/\/www.libraria-occitana.org\/oc\/wp-json\/wp\/v2\/media\/28789"}],"wp:attachment":[{"href":"https:\/\/www.libraria-occitana.org\/oc\/wp-json\/wp\/v2\/media?parent=28791"}],"wp:term":[{"taxonomy":"product_brand","embeddable":true,"href":"https:\/\/www.libraria-occitana.org\/oc\/wp-json\/wp\/v2\/product_brand?post=28791"},{"taxonomy":"product_cat","embeddable":true,"href":"https:\/\/www.libraria-occitana.org\/oc\/wp-json\/wp\/v2\/product_cat?post=28791"},{"taxonomy":"product_tag","embeddable":true,"href":"https:\/\/www.libraria-occitana.org\/oc\/wp-json\/wp\/v2\/product_tag?post=28791"}],"curies":[{"name":"wp","href":"https:\/\/api.w.org\/{rel}","templated":true}]}}