{"id":28797,"date":"2016-07-12T17:54:12","date_gmt":"2016-07-12T16:54:12","guid":{"rendered":"http:\/\/www.libraria-occitana.org\/all-products\/lo-libre-del-causse?lang=oc"},"modified":"2026-04-16T22:36:18","modified_gmt":"2026-04-16T20:36:18","slug":"lo-libre-del-causse","status":"publish","type":"product","link":"https:\/\/www.libraria-occitana.org\/oc\/produch\/lo-libre-del-causse\/","title":{"rendered":"Lo libre del Causse"},"content":{"rendered":"<p>Transcripcion en grafia normalizada de Domenja Blanchard.<\/p>\n<p>De la B\u00e8la Ep\u00f2ca a 1968, de la Gu\u00e8rra de 14 a l\u2019Occupacion, a la Resist\u00e9ncia, e al revisc\u00f2l de las Trentas Gloriosas, una saga familiala sus tr\u00e8s generacions ont, del Causse roerg\u00e0s fins a Montpelhi\u00e8r, es pas solament question de trabalh e de b\u00f2rias a sauvar, mas d\u2019argent, de s\u00e8xe e de passion.<br \/>\n\u00ab A cima, i a lo pa\u00eds. Sens illusion de pa\u00eds perdut. La mis\u00e8ria, l\u2019orgu\u00e8lh. Los \u00f2mes. Tot s\u2019int\u00e8gra al roman. Pas un sol personatge, e mai lo m\u00e8stre d\u2019esc\u00f2la, e mai Lis\u00f2ta qu\u2019es pas mai qu\u2019una filha de b\u00f2ria, e mai\u2026 e mai\u2026, pas un sol personatge que non si\u00e1 de carn e d\u2019\u00f2sses, que son astrada si\u00e1 pas escricha dins las realitats economicas et socialas del temps, vertadi\u00e8r fins que dins sa retenguda, fins dins aquela non-libertat que sembla los caracterizar totes. Un pa\u00eds d\u2019explosions dintradas. Vos convidi a i dintrar. \u00bb (Ives Roqueta)<br \/>\nEn 1968 sort\u00eds <em>Lo Libre del Causse<\/em>, seguit en 1970 pel <em>Segond Libre del Causse<\/em>. P\u00e8ire Escodornac : l\u2019er\u00f2i del libre, ronfut, espatlut, tan larg coma naut, escaissat Palf\u00e8rre. Es segut entre dos gendarmas al palatz de just\u00edcia de Ri\u00f2m d\u2019Auv\u00e8rnha. Per de qu\u00e9 ? O saurem pas qu\u2019a la tota fin del libre segond.<br \/>\nDos libres que ne fan qu\u2019un, dins un vestit flame n\u00f2u. Tant per la lenga coma per l\u2019escritura, pel debanar e la mestresa de l\u2019accion coma per la riquesa psicologica de sos personatges, un dels melhors romans de n\u00f2stra literatura mod\u00e8rna.<\/p>\n","protected":false},"excerpt":{"rendered":"<p>Transcripcion en grafia normalizada de Domenja Blanchard. De la B\u00e8la Ep\u00f2ca a 1968, de la Gu\u00e8rra de 14 a l\u2019Occupacion, a la Resist\u00e9ncia, e al revisc\u00f2l de las Trentas Gloriosas, una saga familiala sus tr\u00e8s generacions ont, del Causse roerg\u00e0s fins a Montpelhi\u00e8r, es pas solament question de trabalh e de b\u00f2rias a sauvar, mas [&hellip;]<\/p>\n","protected":false},"featured_media":28795,"template":"","meta":{"_acf_changed":false,"_genesis_hide_title":false,"_genesis_hide_breadcrumbs":false,"_genesis_hide_singular_image":false,"_genesis_hide_footer_widgets":false,"_genesis_custom_body_class":"","_genesis_custom_post_class":"","_genesis_layout":""},"product_brand":[],"product_cat":[7133,7175,7183],"product_tag":[],"class_list":{"0":"post-28797","1":"product","2":"type-product","3":"status-publish","4":"has-post-thumbnail","6":"product_cat-libres-oc","7":"product_cat-literatura-oc","8":"product_cat-romans-novelas-oc","9":"pa_auteur-gairaud-pau-oc","10":"pa_editeur-vent-terral-oc","11":"pa_langue-occitan-oc","12":"pa_langue-occitan-lengadocian-oc","13":"entry","15":"first","16":"instock","17":"shipping-taxable","18":"purchasable","19":"product-type-simple"},"acf":[],"_links":{"self":[{"href":"https:\/\/www.libraria-occitana.org\/oc\/wp-json\/wp\/v2\/product\/28797","targetHints":{"allow":["GET"]}}],"collection":[{"href":"https:\/\/www.libraria-occitana.org\/oc\/wp-json\/wp\/v2\/product"}],"about":[{"href":"https:\/\/www.libraria-occitana.org\/oc\/wp-json\/wp\/v2\/types\/product"}],"wp:featuredmedia":[{"embeddable":true,"href":"https:\/\/www.libraria-occitana.org\/oc\/wp-json\/wp\/v2\/media\/28795"}],"wp:attachment":[{"href":"https:\/\/www.libraria-occitana.org\/oc\/wp-json\/wp\/v2\/media?parent=28797"}],"wp:term":[{"taxonomy":"product_brand","embeddable":true,"href":"https:\/\/www.libraria-occitana.org\/oc\/wp-json\/wp\/v2\/product_brand?post=28797"},{"taxonomy":"product_cat","embeddable":true,"href":"https:\/\/www.libraria-occitana.org\/oc\/wp-json\/wp\/v2\/product_cat?post=28797"},{"taxonomy":"product_tag","embeddable":true,"href":"https:\/\/www.libraria-occitana.org\/oc\/wp-json\/wp\/v2\/product_tag?post=28797"}],"curies":[{"name":"wp","href":"https:\/\/api.w.org\/{rel}","templated":true}]}}