{"id":28852,"date":"2016-06-29T13:34:10","date_gmt":"2016-06-29T12:34:10","guid":{"rendered":"http:\/\/www.libraria-occitana.org\/all-products\/frederic-mistral-lombre-et-lecho-aspects-de-loeuvre-litteraire-mistralienne?lang=oc"},"modified":"2026-04-14T21:11:10","modified_gmt":"2026-04-14T19:11:10","slug":"frederic-mistral-lombre-et-lecho-aspects-de-loeuvre-litteraire-mistralienne","status":"publish","type":"product","link":"https:\/\/www.libraria-occitana.org\/oc\/produch\/frederic-mistral-lombre-et-lecho-aspects-de-loeuvre-litteraire-mistralienne\/","title":{"rendered":"Fr\u00e9d\u00e9ric Mistral, l&#8217;ombre et l&#8217;\u00e9cho : Aspects de l&#8217;\u0153uvre litt\u00e9raire mistralienne"},"content":{"rendered":"<p>L&#8217;\u0153uvre de Fr\u00e9d\u00e9ric Mistral est encore trop peu connue. Loin des clich\u00e9s et des lectures simplistes qui ont fait de ce po\u00e8te un chantre de la Provence, cet ouvrage entend cerner les fondements psychiques d&#8217;une \u0153uvre et analyser les traces po\u00e9tiques d\u00e9pos\u00e9es comme autant de limons dans l&#8217;ensemble du corpus mistralien. L&#8217;insertion de Mistral dans un vaste mouvement litt\u00e9raire est \u00e9galement \u00e9tudi\u00e9e, sous l&#8217;angle des r\u00e9seaux psychiques et textuels que d\u00e9termine un amont de l&#8217;\u00e9criture, r\u00e9seaux compar\u00e9s \u00e0 ceux que l&#8217;on observe dans les \u0153uvres de Rimbaud, Poe, Mallarm\u00e9, Val\u00e9ry, Barr\u00e8s, Proust, Faulkner et Giono. Ces traces d\u00e9finissent une \u00e9laboration litt\u00e9raire, tout en puisant dans ces r\u00e9seaux une n\u00e9cessaire mati\u00e8re th\u00e9matique et m\u00e9taphorique.<\/p>\n","protected":false},"excerpt":{"rendered":"<p>L&#8217;\u0153uvre de Fr\u00e9d\u00e9ric Mistral est encore trop peu connue. Loin des clich\u00e9s et des lectures simplistes qui ont fait de ce po\u00e8te un chantre de la Provence, cet ouvrage entend cerner les fondements psychiques d&#8217;une \u0153uvre et analyser les traces po\u00e9tiques d\u00e9pos\u00e9es comme autant de limons dans l&#8217;ensemble du corpus mistralien. L&#8217;insertion de Mistral dans [&hellip;]<\/p>\n","protected":false},"featured_media":28850,"template":"","meta":{"_acf_changed":false,"_genesis_hide_title":false,"_genesis_hide_breadcrumbs":false,"_genesis_hide_singular_image":false,"_genesis_hide_footer_widgets":false,"_genesis_custom_body_class":"","_genesis_custom_post_class":"","_genesis_layout":""},"product_brand":[],"product_cat":[7189,7133,7175],"product_tag":[],"class_list":{"0":"post-28852","1":"product","2":"type-product","3":"status-publish","4":"has-post-thumbnail","6":"product_cat-estudis-literaris-oc","7":"product_cat-libres-oc","8":"product_cat-literatura-oc","9":"pa_auteur-mistral-frederic-oc","10":"pa_langue-francais-oc","11":"entry","13":"first","14":"outofstock","15":"shipping-taxable","16":"purchasable","17":"product-type-simple"},"acf":[],"_links":{"self":[{"href":"https:\/\/www.libraria-occitana.org\/oc\/wp-json\/wp\/v2\/product\/28852","targetHints":{"allow":["GET"]}}],"collection":[{"href":"https:\/\/www.libraria-occitana.org\/oc\/wp-json\/wp\/v2\/product"}],"about":[{"href":"https:\/\/www.libraria-occitana.org\/oc\/wp-json\/wp\/v2\/types\/product"}],"wp:featuredmedia":[{"embeddable":true,"href":"https:\/\/www.libraria-occitana.org\/oc\/wp-json\/wp\/v2\/media\/28850"}],"wp:attachment":[{"href":"https:\/\/www.libraria-occitana.org\/oc\/wp-json\/wp\/v2\/media?parent=28852"}],"wp:term":[{"taxonomy":"product_brand","embeddable":true,"href":"https:\/\/www.libraria-occitana.org\/oc\/wp-json\/wp\/v2\/product_brand?post=28852"},{"taxonomy":"product_cat","embeddable":true,"href":"https:\/\/www.libraria-occitana.org\/oc\/wp-json\/wp\/v2\/product_cat?post=28852"},{"taxonomy":"product_tag","embeddable":true,"href":"https:\/\/www.libraria-occitana.org\/oc\/wp-json\/wp\/v2\/product_tag?post=28852"}],"curies":[{"name":"wp","href":"https:\/\/api.w.org\/{rel}","templated":true}]}}