{"id":28875,"date":"2010-04-07T16:03:32","date_gmt":"2010-04-07T15:03:32","guid":{"rendered":"http:\/\/www.libraria-occitana.org\/all-products\/les-felibres-et-leur-temps-renaissance-doc-et-opinion-1850-1914?lang=oc"},"modified":"2026-04-11T22:36:53","modified_gmt":"2026-04-11T20:36:53","slug":"les-felibres-et-leur-temps-renaissance-doc-et-opinion-1850-1914","status":"publish","type":"product","link":"https:\/\/www.libraria-occitana.org\/oc\/produch\/les-felibres-et-leur-temps-renaissance-doc-et-opinion-1850-1914\/","title":{"rendered":"Les f\u00e9libres et leur temps : Renaissance d&#8217;oc et opinion (1850-1914)"},"content":{"rendered":"<p>En quoi l&#8217;\u00e9pisode provincial des f\u00e9libres peut-il concerner l&#8217;histoire de la France contemporaine ? Pourtant ces intellectuels du Midi qui, dans la seconde moiti\u00e9 du XIXe si\u00e8cle, entreprennent de refaire de la langue d&#8217;oc la grande langue de cr\u00e9ation litt\u00e9raire qu&#8217;elle avait \u00e9t\u00e9 au temps des Troubadours, ont bel et bien eu un impact sur la soci\u00e9t\u00e9 de leur lieu et de leur temps. Tour \u00e0 tour c\u00e9l\u00e9br\u00e9s, attaqu\u00e9s ou moqu\u00e9s, ils ont suscit\u00e9 r\u00e9actions et d\u00e9bats dans l&#8217;opinion &#8211; celle de leurs provinces, bien s\u00fbr, mais aussi celle de Paris, qui prime dans le syst\u00e8me culturel fran\u00e7ais.<\/p>\n<p>Le projet f\u00e9libr\u00e9en d\u00e9passe l&#8217;aventure litt\u00e9raire pour investir le champ politique, et historique. Fr\u00e9d\u00e9ric Mistral et ses amis posent le probl\u00e8me de la reconnaissance d&#8217;une diversit\u00e9 linguistique dans une France ayant pour dogme l&#8217;indivisibilit\u00e9. Par leurs revendications pour l&#8217;occitan, mais aussi pour la d\u00e9centralisation voire le f\u00e9d\u00e9ralisme, ils soulignent que c&#8217;est l&#8217;image m\u00eame que la France se fait de sa propre identit\u00e9 qui est en jeu.<\/p>\n<p>Cet ouvrage propose, en examinant l&#8217;entreprise des f\u00e9libres et ses r\u00e9sultats, de questionner l&#8217;influence de ces derniers dans une perspective historique originale.<\/p>\n","protected":false},"excerpt":{"rendered":"<p>En quoi l&#8217;\u00e9pisode provincial des f\u00e9libres peut-il concerner l&#8217;histoire de la France contemporaine ? Pourtant ces intellectuels du Midi qui, dans la seconde moiti\u00e9 du XIXe si\u00e8cle, entreprennent de refaire de la langue d&#8217;oc la grande langue de cr\u00e9ation litt\u00e9raire qu&#8217;elle avait \u00e9t\u00e9 au temps des Troubadours, ont bel et bien eu un impact sur [&hellip;]<\/p>\n","protected":false},"featured_media":28873,"template":"","meta":{"_acf_changed":false,"_genesis_hide_title":false,"_genesis_hide_breadcrumbs":false,"_genesis_hide_singular_image":false,"_genesis_hide_footer_widgets":false,"_genesis_custom_body_class":"","_genesis_custom_post_class":"","_genesis_layout":""},"product_brand":[],"product_cat":[7159,7149,7133],"product_tag":[],"class_list":{"0":"post-28875","1":"product","2":"type-product","3":"status-publish","4":"has-post-thumbnail","6":"product_cat-istoria-moderna-e-contemporala-oc","7":"product_cat-istoria-geografia-oc","8":"product_cat-libres-oc","9":"pa_auteur-martel-philippe-oc","10":"pa_editeur-pu-bordeaux-oc","11":"pa_langue-francais-oc","12":"entry","14":"first","15":"outofstock","16":"shipping-taxable","17":"purchasable","18":"product-type-simple"},"acf":[],"_links":{"self":[{"href":"https:\/\/www.libraria-occitana.org\/oc\/wp-json\/wp\/v2\/product\/28875","targetHints":{"allow":["GET"]}}],"collection":[{"href":"https:\/\/www.libraria-occitana.org\/oc\/wp-json\/wp\/v2\/product"}],"about":[{"href":"https:\/\/www.libraria-occitana.org\/oc\/wp-json\/wp\/v2\/types\/product"}],"wp:featuredmedia":[{"embeddable":true,"href":"https:\/\/www.libraria-occitana.org\/oc\/wp-json\/wp\/v2\/media\/28873"}],"wp:attachment":[{"href":"https:\/\/www.libraria-occitana.org\/oc\/wp-json\/wp\/v2\/media?parent=28875"}],"wp:term":[{"taxonomy":"product_brand","embeddable":true,"href":"https:\/\/www.libraria-occitana.org\/oc\/wp-json\/wp\/v2\/product_brand?post=28875"},{"taxonomy":"product_cat","embeddable":true,"href":"https:\/\/www.libraria-occitana.org\/oc\/wp-json\/wp\/v2\/product_cat?post=28875"},{"taxonomy":"product_tag","embeddable":true,"href":"https:\/\/www.libraria-occitana.org\/oc\/wp-json\/wp\/v2\/product_tag?post=28875"}],"curies":[{"name":"wp","href":"https:\/\/api.w.org\/{rel}","templated":true}]}}