{"id":28932,"date":"2013-12-07T18:31:04","date_gmt":"2013-12-07T17:31:04","guid":{"rendered":"http:\/\/www.libraria-occitana.org\/all-products\/cancons-del-cap-del-pont-2?lang=oc"},"modified":"2026-04-29T01:16:30","modified_gmt":"2026-04-28T23:16:30","slug":"cancons-del-cap-del-pont-2","status":"publish","type":"product","link":"https:\/\/www.libraria-occitana.org\/oc\/produch\/cancons-del-cap-del-pont-2\/","title":{"rendered":"Can\u00e7ons del Cap del Pont"},"content":{"rendered":"<p>Chansons, formules et jeux, recueillis \u00e0 Albi et dans l&#8217;Albigeois, d&#8217;apr\u00e8s le manuscrit de Gabriel Soulages (1838-1903).<\/p>\n<p><em>Lo Cap del Pont<\/em>, ou Bout du Pont d&#8217;Albi (aujourd&#8217;hui Quartier de la Madeleine), situ\u00e9 sur la rive droite du Tarn, fut le terrain o\u00f9 Gabriel Soulages (1838-1903) captura dans les mailles de ses filets d&#8217;intellectuel curieux et passionn\u00e9, les meilleures pi\u00e8ces de ses collectages. Maire d&#8217;Albi de 1877 \u00e0 1888, cet avocat consacra les derni\u00e8res ann\u00e9es de sa vie \u00e0 recueillir de la bouche des membres de sa famille et de son entourage ce qu&#8217;il nomma &#8220;Chansons et po\u00e9sies populaires recueillies dans l&#8217;Albigeois&#8221;.<br \/>\nCe recueil exceptionnel pour l&#8217;\u00e9poque (pr\u00e8s de 250 pi\u00e8ces collect\u00e9es et retranscrites de fa\u00e7on rigoureuse) rec\u00e8le un r\u00e9pertoire tr\u00e8s vaste allant des berceuses, des comptines ou formules de l&#8217;enfance, aux jeux, aux chansons et chants \u00e0 danser, et se termine par une partie consacr\u00e9e \u00e0 des chansons semi-lettr\u00e9es et des compositions de chansonniers locaux.<\/p>\n<p>22 titres interpr\u00e9t\u00e9s et arrang\u00e9s par La Talvera ont \u00e9t\u00e9 \u00e9dit\u00e9s en CD.<\/p>\n<p><a title=\"Can\u00e7ons del Cap del Pont\" href=\"http:\/\/www.libraria-occitana.org\/all-products\/cancons-del-cap-del-pont\"><em>Can\u00e7ons del Cap del Pont<\/em> : le CD<\/a><\/p>\n","protected":false},"excerpt":{"rendered":"<p>Chansons, formules et jeux, recueillis \u00e0 Albi et dans l&#8217;Albigeois, d&#8217;apr\u00e8s le manuscrit de Gabriel Soulages (1838-1903). Lo Cap del Pont, ou Bout du Pont d&#8217;Albi (aujourd&#8217;hui Quartier de la Madeleine), situ\u00e9 sur la rive droite du Tarn, fut le terrain o\u00f9 Gabriel Soulages (1838-1903) captura dans les mailles de ses filets d&#8217;intellectuel curieux et [&hellip;]<\/p>\n","protected":false},"featured_media":28921,"template":"","meta":{"_acf_changed":false,"_genesis_hide_title":false,"_genesis_hide_breadcrumbs":false,"_genesis_hide_singular_image":false,"_genesis_hide_footer_widgets":false,"_genesis_custom_body_class":"","_genesis_custom_post_class":"","_genesis_layout":""},"product_brand":[],"product_cat":[7133,7191,7193],"product_tag":[],"class_list":{"0":"post-28932","1":"product","2":"type-product","3":"status-publish","4":"has-post-thumbnail","6":"product_cat-libres-oc","7":"product_cat-musica-danca-oc","8":"product_cat-particions-paraulas-de-chancons-oc","9":"pa_auteur-cordae-la-talvera-fr-oc","10":"pa_editeur-cordae-la-talvera-oc","11":"pa_langue-occitan-lengadocian-oc","12":"pa_langue-occitan-francais-oc","13":"entry","15":"first","16":"instock","17":"shipping-taxable","18":"purchasable","19":"product-type-simple"},"acf":[],"_links":{"self":[{"href":"https:\/\/www.libraria-occitana.org\/oc\/wp-json\/wp\/v2\/product\/28932","targetHints":{"allow":["GET"]}}],"collection":[{"href":"https:\/\/www.libraria-occitana.org\/oc\/wp-json\/wp\/v2\/product"}],"about":[{"href":"https:\/\/www.libraria-occitana.org\/oc\/wp-json\/wp\/v2\/types\/product"}],"wp:featuredmedia":[{"embeddable":true,"href":"https:\/\/www.libraria-occitana.org\/oc\/wp-json\/wp\/v2\/media\/28921"}],"wp:attachment":[{"href":"https:\/\/www.libraria-occitana.org\/oc\/wp-json\/wp\/v2\/media?parent=28932"}],"wp:term":[{"taxonomy":"product_brand","embeddable":true,"href":"https:\/\/www.libraria-occitana.org\/oc\/wp-json\/wp\/v2\/product_brand?post=28932"},{"taxonomy":"product_cat","embeddable":true,"href":"https:\/\/www.libraria-occitana.org\/oc\/wp-json\/wp\/v2\/product_cat?post=28932"},{"taxonomy":"product_tag","embeddable":true,"href":"https:\/\/www.libraria-occitana.org\/oc\/wp-json\/wp\/v2\/product_tag?post=28932"}],"curies":[{"name":"wp","href":"https:\/\/api.w.org\/{rel}","templated":true}]}}