{"id":28937,"date":"2014-08-07T20:01:18","date_gmt":"2014-08-07T18:01:18","guid":{"rendered":"http:\/\/www.libraria-occitana.org\/all-products\/charmeurs-doiseaux-et-siffleurs-de-danses?lang=oc"},"modified":"2026-04-13T00:57:02","modified_gmt":"2026-04-12T22:57:02","slug":"charmeurs-doiseaux-et-siffleurs-de-danses","status":"publish","type":"product","link":"https:\/\/www.libraria-occitana.org\/oc\/produch\/charmeurs-doiseaux-et-siffleurs-de-danses\/","title":{"rendered":"Charmeurs d&#8217;oiseaux et siffleurs de danses"},"content":{"rendered":"<p>Apr\u00e8s le disque compact publi\u00e9 en 1992 et r\u00e9\u00e9dit\u00e9 en 2006, le colloque international sur les langages siffl\u00e9s organis\u00e9 en 1993 \u00e0 Albi dont les actes ont \u00e9t\u00e9 \u00e9dit\u00e9s peu apr\u00e8s, l\u2019association CORDAE\/La Talvera avait r\u00e9alis\u00e9 en 1993 ce film vid\u00e9o afin de pr\u00e9senter les charmeurs d\u2019 oiseaux dans leur environnement et de mieux saisir la gestuelle autour du siffl\u00e9.<\/p>\n<p>Ce film au format VHS, vite \u00e9puis\u00e9, constituant un t\u00e9moignage incomparable en ce qui concerne les relations entre l\u2019homme et le monde des oiseaux a \u00e9t\u00e9 num\u00e9ris\u00e9 et est pr\u00e9sent\u00e9 ici au format DVD, accompagn\u00e9 d\u2019un bonus photos. Il nous fait d\u00e9couvrir un univers m\u00e9connu o\u00f9 des personnages attachants entretiennent avec les oiseaux des relations privil\u00e9gi\u00e9es. Il porte essentiellement sur quatre d\u00e9partements du nord de la r\u00e9gion Midi-Pyr\u00e9n\u00e9es : Aveyron, Lot, Tarn, et Tarn-et-Garonne.<\/p>\n","protected":false},"excerpt":{"rendered":"<p>Apr\u00e8s le disque compact publi\u00e9 en 1992 et r\u00e9\u00e9dit\u00e9 en 2006, le colloque international sur les langages siffl\u00e9s organis\u00e9 en 1993 \u00e0 Albi dont les actes ont \u00e9t\u00e9 \u00e9dit\u00e9s peu apr\u00e8s, l\u2019association CORDAE\/La Talvera avait r\u00e9alis\u00e9 en 1993 ce film vid\u00e9o afin de pr\u00e9senter les charmeurs d\u2019 oiseaux dans leur environnement et de mieux saisir [&hellip;]<\/p>\n","protected":false},"featured_media":28935,"template":"","meta":{"_acf_changed":false,"_genesis_hide_title":false,"_genesis_hide_breadcrumbs":false,"_genesis_hide_singular_image":false,"_genesis_hide_footer_widgets":false,"_genesis_custom_body_class":"","_genesis_custom_post_class":"","_genesis_layout":""},"product_brand":[],"product_cat":[7242,7240],"product_tag":[],"class_list":{"0":"post-28937","1":"product","2":"type-product","3":"status-publish","4":"has-post-thumbnail","6":"product_cat-documentari-oc","7":"product_cat-video-oc","8":"pa_auteur-loddo-daniel-oc","9":"pa_auteur-vidal-xavier-oc","10":"pa_editeur-cordae-la-talvera-oc","11":"pa_langue-occitan-lengadocian-oc","12":"pa_langue-occitan-francais-oc","13":"entry","15":"first","16":"instock","17":"shipping-taxable","18":"purchasable","19":"product-type-simple"},"acf":[],"_links":{"self":[{"href":"https:\/\/www.libraria-occitana.org\/oc\/wp-json\/wp\/v2\/product\/28937","targetHints":{"allow":["GET"]}}],"collection":[{"href":"https:\/\/www.libraria-occitana.org\/oc\/wp-json\/wp\/v2\/product"}],"about":[{"href":"https:\/\/www.libraria-occitana.org\/oc\/wp-json\/wp\/v2\/types\/product"}],"wp:featuredmedia":[{"embeddable":true,"href":"https:\/\/www.libraria-occitana.org\/oc\/wp-json\/wp\/v2\/media\/28935"}],"wp:attachment":[{"href":"https:\/\/www.libraria-occitana.org\/oc\/wp-json\/wp\/v2\/media?parent=28937"}],"wp:term":[{"taxonomy":"product_brand","embeddable":true,"href":"https:\/\/www.libraria-occitana.org\/oc\/wp-json\/wp\/v2\/product_brand?post=28937"},{"taxonomy":"product_cat","embeddable":true,"href":"https:\/\/www.libraria-occitana.org\/oc\/wp-json\/wp\/v2\/product_cat?post=28937"},{"taxonomy":"product_tag","embeddable":true,"href":"https:\/\/www.libraria-occitana.org\/oc\/wp-json\/wp\/v2\/product_tag?post=28937"}],"curies":[{"name":"wp","href":"https:\/\/api.w.org\/{rel}","templated":true}]}}