{"id":28950,"date":"2008-10-08T11:53:40","date_gmt":"2008-10-08T10:53:40","guid":{"rendered":"http:\/\/www.libraria-occitana.org\/all-products\/lyon-un-chantier-limousin-les-macons-migrants-1848-1940?lang=oc"},"modified":"2026-04-15T23:26:53","modified_gmt":"2026-04-15T21:26:53","slug":"lyon-un-chantier-limousin-les-macons-migrants-1848-1940","status":"publish","type":"product","link":"https:\/\/www.libraria-occitana.org\/oc\/produch\/lyon-un-chantier-limousin-les-macons-migrants-1848-1940\/","title":{"rendered":"Lyon, un chantier limousin : Les ma\u00e7ons migrants (1848-1940)"},"content":{"rendered":"<p>Au milieu du XIXe si\u00e8cle, les montagnes du Limousin, rurales et enclav\u00e9es, semblent totalement coup\u00e9es de la m\u00e9tropole lyonnaise, centre national de la soierie. Pourtant, un lien s\u2019est tiss\u00e9 entre ces deux univers, lien constitu\u00e9 par les migrations saisonni\u00e8res qu\u2019entreprennent, chaque printemps, plusieurs milliers de paysans limousins vers les chantiers de ma\u00e7onnerie de Lyon.<br \/>\nD\u2019abord repli\u00e9s sur eux-m\u00eames dans des quartiers bien d\u00e9limit\u00e9s comme la Guilloti\u00e8re, les migrants s\u2019int\u00e8grent peu \u00e0 peu au reste de la population et y jouent un r\u00f4le crucial, non seulement dans le d\u00e9veloppement de la ville, mais aussi dans l\u2019\u00e9volution de la condition ouvri\u00e8re et du syndicalisme dans le b\u00e2timent lyonnais.<br \/>\nL\u2019ouvrage, qui nous fait parcourir un si\u00e8cle de construction dans l\u2019agglom\u00e9ration lyonnaise, souligne les \u00e9tapes de l\u2019\u00e9volution de la profession entre 1848 et la Seconde Guerre mondiale, donnant notamment un aper\u00e7u des techniques de construction et des conditions de travail.<br \/>\nEnrichi par de nombreux documents et photographies d\u2019\u00e9poque, il retrace les grandes phases des migrations de Limousins \u00e0 Lyon, tous en les repla\u00e7ant dans leur contexte local, national, voire international avec l\u2019apparition des fili\u00e8res migratoires plus r\u00e9centes venues de l\u2019\u00e9tranger.<br \/>\nCette publication unique sur le sujet nous replonge au c\u0153ur du quotidien de ces paysans limousins devenus ma\u00e7ons lyonnais, qui ont largement fa\u00e7onn\u00e9 la ville que nous connaissons aujourd\u2019hui.<\/p>\n","protected":false},"excerpt":{"rendered":"<p>Au milieu du XIXe si\u00e8cle, les montagnes du Limousin, rurales et enclav\u00e9es, semblent totalement coup\u00e9es de la m\u00e9tropole lyonnaise, centre national de la soierie. Pourtant, un lien s\u2019est tiss\u00e9 entre ces deux univers, lien constitu\u00e9 par les migrations saisonni\u00e8res qu\u2019entreprennent, chaque printemps, plusieurs milliers de paysans limousins vers les chantiers de ma\u00e7onnerie de Lyon. D\u2019abord [&hellip;]<\/p>\n","protected":false},"featured_media":28948,"template":"","meta":{"_acf_changed":false,"_genesis_hide_title":false,"_genesis_hide_breadcrumbs":false,"_genesis_hide_singular_image":false,"_genesis_hide_footer_widgets":false,"_genesis_custom_body_class":"","_genesis_custom_post_class":"","_genesis_layout":""},"product_brand":[],"product_cat":[7159,7149,7133],"product_tag":[],"class_list":{"0":"post-28950","1":"product","2":"type-product","3":"status-publish","4":"has-post-thumbnail","6":"product_cat-istoria-moderna-e-contemporala-oc","7":"product_cat-istoria-geografia-oc","8":"product_cat-libres-oc","9":"pa_auteur-ochandiano-jean-luc-de-oc","10":"pa_editeur-editions-lieux-dits-oc","11":"pa_langue-francais-oc","12":"entry","14":"first","15":"instock","16":"shipping-taxable","17":"purchasable","18":"product-type-simple"},"acf":[],"_links":{"self":[{"href":"https:\/\/www.libraria-occitana.org\/oc\/wp-json\/wp\/v2\/product\/28950","targetHints":{"allow":["GET"]}}],"collection":[{"href":"https:\/\/www.libraria-occitana.org\/oc\/wp-json\/wp\/v2\/product"}],"about":[{"href":"https:\/\/www.libraria-occitana.org\/oc\/wp-json\/wp\/v2\/types\/product"}],"wp:featuredmedia":[{"embeddable":true,"href":"https:\/\/www.libraria-occitana.org\/oc\/wp-json\/wp\/v2\/media\/28948"}],"wp:attachment":[{"href":"https:\/\/www.libraria-occitana.org\/oc\/wp-json\/wp\/v2\/media?parent=28950"}],"wp:term":[{"taxonomy":"product_brand","embeddable":true,"href":"https:\/\/www.libraria-occitana.org\/oc\/wp-json\/wp\/v2\/product_brand?post=28950"},{"taxonomy":"product_cat","embeddable":true,"href":"https:\/\/www.libraria-occitana.org\/oc\/wp-json\/wp\/v2\/product_cat?post=28950"},{"taxonomy":"product_tag","embeddable":true,"href":"https:\/\/www.libraria-occitana.org\/oc\/wp-json\/wp\/v2\/product_tag?post=28950"}],"curies":[{"name":"wp","href":"https:\/\/api.w.org\/{rel}","templated":true}]}}