{"id":28968,"date":"2015-06-09T11:08:06","date_gmt":"2015-06-09T10:08:06","guid":{"rendered":"http:\/\/www.libraria-occitana.org\/all-products\/maximilien-luce-et-les-batisseurs-du-paris-haussmannien?lang=oc"},"modified":"2026-04-03T01:51:10","modified_gmt":"2026-04-02T23:51:10","slug":"maximilien-luce-et-les-batisseurs-du-paris-haussmannien","status":"publish","type":"product","link":"https:\/\/www.libraria-occitana.org\/oc\/produch\/maximilien-luce-et-les-batisseurs-du-paris-haussmannien\/","title":{"rendered":"Maximilien Luce et les b\u00e2tisseurs du Paris haussmannien"},"content":{"rendered":"<p>\u00ab L\u2019art de Luce, c\u2019est Luce lui-m\u00eame. Un  faubourien, aimant Paris, sa banlieue, ses quartiers qu\u2019on d\u00e9molit, qu\u2019on reb\u00e2tit, son peuple d\u2019ouvriers et l\u2019\u00e2me m\u00eame de ce peuple, ardente et r\u00e9volutionnaire \u00bb. Ces propos du po\u00e8te \u00c9mile Verhaeren qui figurent en exergue du catalogue accompagnant l\u2019exposition des toiles de Maximilien Luce chez le galeriste Durand-Ruel en 1899 r\u00e9sument la place toute particuli\u00e8re qu\u2019occupe un corpus d&#8217;\u0153uvres singulier dans la production de l&#8217;artiste : celui des paysages urbains.<\/p>\n<p>\u00c9dit\u00e9 pour l\u2019exposition du 11 juin au 6 septembre 2015 au Mus\u00e9e d\u2019art et d\u2019arch\u00e9ologie de Gu\u00e9ret.<\/p>\n","protected":false},"excerpt":{"rendered":"<p>\u00ab L\u2019art de Luce, c\u2019est Luce lui-m\u00eame. Un faubourien, aimant Paris, sa banlieue, ses quartiers qu\u2019on d\u00e9molit, qu\u2019on reb\u00e2tit, son peuple d\u2019ouvriers et l\u2019\u00e2me m\u00eame de ce peuple, ardente et r\u00e9volutionnaire \u00bb. Ces propos du po\u00e8te \u00c9mile Verhaeren qui figurent en exergue du catalogue accompagnant l\u2019exposition des toiles de Maximilien Luce chez le galeriste Durand-Ruel [&hellip;]<\/p>\n","protected":false},"featured_media":28966,"template":"","meta":{"_acf_changed":false,"_genesis_hide_title":false,"_genesis_hide_breadcrumbs":false,"_genesis_hide_singular_image":false,"_genesis_hide_footer_widgets":false,"_genesis_custom_body_class":"","_genesis_custom_post_class":"","_genesis_layout":""},"product_brand":[],"product_cat":[7133,7135],"product_tag":[],"class_list":{"0":"post-28968","1":"product","2":"type-product","3":"status-publish","4":"has-post-thumbnail","6":"product_cat-libres-oc","7":"product_cat-arts-oc","8":"pa_auteur-collectiu-oc-2","9":"pa_editeur-les-macons-de-la-creuse-fr-oc","10":"pa_langue-francais-oc","11":"entry","13":"first","14":"instock","15":"shipping-taxable","16":"purchasable","17":"product-type-simple"},"acf":[],"_links":{"self":[{"href":"https:\/\/www.libraria-occitana.org\/oc\/wp-json\/wp\/v2\/product\/28968","targetHints":{"allow":["GET"]}}],"collection":[{"href":"https:\/\/www.libraria-occitana.org\/oc\/wp-json\/wp\/v2\/product"}],"about":[{"href":"https:\/\/www.libraria-occitana.org\/oc\/wp-json\/wp\/v2\/types\/product"}],"wp:featuredmedia":[{"embeddable":true,"href":"https:\/\/www.libraria-occitana.org\/oc\/wp-json\/wp\/v2\/media\/28966"}],"wp:attachment":[{"href":"https:\/\/www.libraria-occitana.org\/oc\/wp-json\/wp\/v2\/media?parent=28968"}],"wp:term":[{"taxonomy":"product_brand","embeddable":true,"href":"https:\/\/www.libraria-occitana.org\/oc\/wp-json\/wp\/v2\/product_brand?post=28968"},{"taxonomy":"product_cat","embeddable":true,"href":"https:\/\/www.libraria-occitana.org\/oc\/wp-json\/wp\/v2\/product_cat?post=28968"},{"taxonomy":"product_tag","embeddable":true,"href":"https:\/\/www.libraria-occitana.org\/oc\/wp-json\/wp\/v2\/product_tag?post=28968"}],"curies":[{"name":"wp","href":"https:\/\/api.w.org\/{rel}","templated":true}]}}