{"id":29117,"date":"2016-10-04T19:45:52","date_gmt":"2016-10-04T17:45:52","guid":{"rendered":"http:\/\/www.libraria-occitana.org\/all-products\/dentre-tant-quauques-uns?lang=oc"},"modified":"2026-04-13T23:36:56","modified_gmt":"2026-04-13T21:36:56","slug":"dentre-tant-quauques-uns","status":"publish","type":"product","link":"https:\/\/www.libraria-occitana.org\/oc\/produch\/dentre-tant-quauques-uns\/","title":{"rendered":"D&#8217;entre tant, quauques uns"},"content":{"rendered":"<p><strong>[oc]<\/strong><br \/>\nTotas las qualitats qu\u2019aviatz aimadas dins los dos prumiers libres de Monica Sarrasin, las tornaretz \u2019qu\u00ed trobar, dins quilhs uech retrachs publijats jos lo titol \u00ab D\u2019Entre tant, quauques uns \u00bb.<br \/>\nL&#8217;autor sap campar lo monde dins lor veritat, los sap far viure, parlar, los sap menar de cencena d\u2019ist\u00f2ria, en granda justessa e libertat de ton.<br \/>\nLa lenga era plan bona, es \u2019qu\u00ed enguera mai richa.<br \/>\nUn bon libre ente, coma dins la vita, \u00f2m passa dau rire a las gremas, aqu\u00ed leugier, aqu\u00ed greu&#8230; La vita.<\/p>\n<p><strong>[fr]<\/strong><br \/>\nToutes les qualit\u00e9s que vous aviez aim\u00e9es dans les deux premiers livres de Monique Sarazy, vous les retrouverez ici dans ces huit portraits regroup\u00e9s sous le titre \u00ab D\u2019entre tant, quauques uns \u00bb. L&#8217;auteur sait camper les gens dans leur v\u00e9rit\u00e9, elle sait les faire vivre, parler, elle sait les mener dans le fil d\u2019une histoire, en grande justesse et libert\u00e9 de ton.<br \/>\nLa langue \u00e9tait tr\u00e8s bonne, elle est ici encore plus riche.<br \/>\nUn bon livre o\u00f9, comme dans la vie, on passe du rire aux larmes, ici l\u00e9ger, ici grave&#8230; La vie.<\/p>\n","protected":false},"excerpt":{"rendered":"<p>[oc] Totas las qualitats qu\u2019aviatz aimadas dins los dos prumiers libres de Monica Sarrasin, las tornaretz \u2019qu\u00ed trobar, dins quilhs uech retrachs publijats jos lo titol \u00ab D\u2019Entre tant, quauques uns \u00bb. L&#8217;autor sap campar lo monde dins lor veritat, los sap far viure, parlar, los sap menar de cencena d\u2019ist\u00f2ria, en granda justessa e [&hellip;]<\/p>\n","protected":false},"featured_media":29114,"template":"","meta":{"_acf_changed":false,"_genesis_hide_title":false,"_genesis_hide_breadcrumbs":false,"_genesis_hide_singular_image":false,"_genesis_hide_footer_widgets":false,"_genesis_custom_body_class":"","_genesis_custom_post_class":"","_genesis_layout":""},"product_brand":[],"product_cat":[7133,7175,7187],"product_tag":[],"class_list":{"0":"post-29117","1":"product","2":"type-product","3":"status-publish","4":"has-post-thumbnail","6":"product_cat-libres-oc","7":"product_cat-literatura-oc","8":"product_cat-temonhatges-memoris-oc","9":"pa_auteur-sarrasin-monica-oc","10":"pa_editeur-lo-chamin-de-sent-jaume-oc","11":"pa_langue-occitan-oc","12":"pa_langue-occitan-lemosin-oc","13":"entry","15":"first","16":"instock","17":"shipping-taxable","18":"purchasable","19":"product-type-simple"},"acf":[],"_links":{"self":[{"href":"https:\/\/www.libraria-occitana.org\/oc\/wp-json\/wp\/v2\/product\/29117","targetHints":{"allow":["GET"]}}],"collection":[{"href":"https:\/\/www.libraria-occitana.org\/oc\/wp-json\/wp\/v2\/product"}],"about":[{"href":"https:\/\/www.libraria-occitana.org\/oc\/wp-json\/wp\/v2\/types\/product"}],"wp:featuredmedia":[{"embeddable":true,"href":"https:\/\/www.libraria-occitana.org\/oc\/wp-json\/wp\/v2\/media\/29114"}],"wp:attachment":[{"href":"https:\/\/www.libraria-occitana.org\/oc\/wp-json\/wp\/v2\/media?parent=29117"}],"wp:term":[{"taxonomy":"product_brand","embeddable":true,"href":"https:\/\/www.libraria-occitana.org\/oc\/wp-json\/wp\/v2\/product_brand?post=29117"},{"taxonomy":"product_cat","embeddable":true,"href":"https:\/\/www.libraria-occitana.org\/oc\/wp-json\/wp\/v2\/product_cat?post=29117"},{"taxonomy":"product_tag","embeddable":true,"href":"https:\/\/www.libraria-occitana.org\/oc\/wp-json\/wp\/v2\/product_tag?post=29117"}],"curies":[{"name":"wp","href":"https:\/\/api.w.org\/{rel}","templated":true}]}}