{"id":29139,"date":"2008-10-05T16:03:49","date_gmt":"2008-10-05T14:03:49","guid":{"rendered":"http:\/\/www.libraria-occitana.org\/all-products\/chabretas-les-cornemuses-a-miroir-du-limousin?lang=oc"},"modified":"2026-04-14T05:06:39","modified_gmt":"2026-04-14T03:06:39","slug":"chabretas-les-cornemuses-a-miroir-du-limousin","status":"publish","type":"product","link":"https:\/\/www.libraria-occitana.org\/oc\/produch\/chabretas-les-cornemuses-a-miroir-du-limousin\/","title":{"rendered":"Chabretas : Les cornemuses \u00e0 miroir du Limousin"},"content":{"rendered":"<p><strong>\u00c9ric Montbel :<\/strong> chabretas (cornemuses du Limousin)<br \/>\n<strong>Guy Bertrand :<\/strong> fl\u00fbtes, sax soprano<br \/>\n<strong>Richard Mons\u00e9gu :<\/strong> percussions (dundun, sangban, kesereni, djemb\u00e9)<br \/>\n<strong>Jean-Fran\u00e7ois-Vrod :<\/strong> violon<\/p>\n<p>Les chabretas sont des cornemuses jou\u00e9es et fabriqu\u00e9es autour de Limoges. On rencontrait de nombreux joueurs de cornemuse en Limousin au XIX\u00e8me si\u00e8cle : en Haute-Vienne, en Corr\u00e8ze, en Dordogne, la cornemuse se nommait \u00ab chabreta \u00bb, et celui qui l\u2019utilisait \u00ab\u00a0chabretaire\u00a0\u00bb, dans cette langue d\u2019oc parl\u00e9e par tous jusqu\u2019\u00e0 la guerre de 1914. Les cornemuses jou\u00e9es en Limousin furent tr\u00e8s diverses : les plus r\u00e9centes, d\u2019importation auvergnate ou bourbonnaise, venaient du nord et du sud.<br \/>\nMais une cornemuse tr\u00e8s particuli\u00e8re fut longtemps fabriqu\u00e9e en Limousin-m\u00eame : c\u2019est elle que l\u2019on appelle aujourd\u2019hui \u00ab\u00a0chabreta\u00a0\u00bb, ou \u00ab\u00a0chabrette\u00a0\u00bb par francisation, et c\u2019est elle que font entendre ces enregistrements : la cornemuse \u00e0 miroirs, puisque son bo\u00eetier est toujours d\u00e9cor\u00e9 par de petits miroirs sertis \u00e0 l\u2019\u00e9tain, qui donnent \u00e0 l\u2019instrument sa beaut\u00e9, son myst\u00e8re. L\u2019\u00e9tranget\u00e9 de ces d\u00e9corations \u00e9voque tout autant les symboles anciens d\u2019une culture oubli\u00e9e, que les signes de la religion catholique, plus proche de nous : ostensoirs, c\u0153urs et \u00e9toiles, soleils&#8230;<\/p>\n<p><strong>Titres :<\/strong><br \/>\n1. Borr\u00e8ia d\u2019Aragon (E.M.) 3&#8217;19&#8221;<br \/>\n2. Borr\u00e8ia Charmelada \/ Borr\u00e8ia Dissendres (E.M.) 3&#8217;53&#8221;<br \/>\n3. Borr\u00e8ia l\u2019Estela \/ Borr\u00e8ia de Jaume (E.M.) 5&#8217;07&#8221;<br \/>\n4. Borr\u00e8ia d\u2019un violonaire \/ Borr\u00e8ia del Pocoti (E.M.) 2&#8217;50&#8221;<br \/>\n5. Borr\u00e8ia de P\u00e9chadre \/ Borr\u00e8ia de Lachaud (trad.) 2&#8217;57&#8221;<br \/>\n6. L\u2019\u00e2me entendit (cantique) \/ Borr\u00e8ia de Chaumeil \/ Borr\u00e8ia de Pouget \/ Borr\u00e8ia de P\u00e9chadre (trad.) 4&#8217;25&#8221;<br \/>\n7. Borr\u00e8ia de Peyrat \/ Borr\u00e8ia del Becat \/ Borr\u00e8ia de P\u00e9chadre (trad., E.M.) 3&#8217;46&#8221;<br \/>\n8. Les bois d\u2019Ardennes \/ Borr\u00e8ia de Massault (trad., E.M.) 5&#8217;23&#8221;<br \/>\n9. Mazurca de P\u00e9chadre \/ Borr\u00e8ia de P\u00e9chadre (trad.) 2&#8217;48&#8221;<br \/>\n10. Borr\u00e8ia Fielo de seda \/ Borr\u00e8ia la Zinga (E.M.) 3&#8217;59&#8221;<br \/>\n11. Borr\u00e8ia d\u2019un gat (E.M.) 2&#8217;29&#8221;<br \/>\n12. San-Marsau (cantique) \/ Borr\u00e8ia de l\u2019Avent (E.M.) 3&#8217;45&#8221;<br \/>\n13. Borr\u00e8ia del Trech \/ Borr\u00e8ia Tu la li (trad.) 2&#8217;36&#8221;<br \/>\n14. Ribatz ribatz (cantique) \/ Borr\u00e8ia de Chastagnols (trad.) 3&#8217;22&#8221;<\/p>\n","protected":false},"excerpt":{"rendered":"<p>\u00c9ric Montbel : chabretas (cornemuses du Limousin) Guy Bertrand : fl\u00fbtes, sax soprano Richard Mons\u00e9gu : percussions (dundun, sangban, kesereni, djemb\u00e9) Jean-Fran\u00e7ois-Vrod : violon Les chabretas sont des cornemuses jou\u00e9es et fabriqu\u00e9es autour de Limoges. On rencontrait de nombreux joueurs de cornemuse en Limousin au XIX\u00e8me si\u00e8cle : en Haute-Vienne, en Corr\u00e8ze, en Dordogne, la [&hellip;]<\/p>\n","protected":false},"featured_media":29137,"template":"","meta":{"_acf_changed":false,"_genesis_hide_title":false,"_genesis_hide_breadcrumbs":false,"_genesis_hide_singular_image":false,"_genesis_hide_footer_widgets":false,"_genesis_custom_body_class":"","_genesis_custom_post_class":"","_genesis_layout":""},"product_brand":[],"product_cat":[16683,7229],"product_tag":[],"class_list":{"0":"post-29139","1":"product","2":"type-product","3":"status-publish","4":"has-post-thumbnail","6":"product_cat-musica-oc","7":"product_cat-novela-tradicion-oc","8":"pa_auteur-montbel-eric-oc","9":"pa_editeur-nordsud-music-oc","10":"entry","12":"first","13":"outofstock","14":"shipping-taxable","15":"purchasable","16":"product-type-simple"},"acf":[],"_links":{"self":[{"href":"https:\/\/www.libraria-occitana.org\/oc\/wp-json\/wp\/v2\/product\/29139","targetHints":{"allow":["GET"]}}],"collection":[{"href":"https:\/\/www.libraria-occitana.org\/oc\/wp-json\/wp\/v2\/product"}],"about":[{"href":"https:\/\/www.libraria-occitana.org\/oc\/wp-json\/wp\/v2\/types\/product"}],"wp:featuredmedia":[{"embeddable":true,"href":"https:\/\/www.libraria-occitana.org\/oc\/wp-json\/wp\/v2\/media\/29137"}],"wp:attachment":[{"href":"https:\/\/www.libraria-occitana.org\/oc\/wp-json\/wp\/v2\/media?parent=29139"}],"wp:term":[{"taxonomy":"product_brand","embeddable":true,"href":"https:\/\/www.libraria-occitana.org\/oc\/wp-json\/wp\/v2\/product_brand?post=29139"},{"taxonomy":"product_cat","embeddable":true,"href":"https:\/\/www.libraria-occitana.org\/oc\/wp-json\/wp\/v2\/product_cat?post=29139"},{"taxonomy":"product_tag","embeddable":true,"href":"https:\/\/www.libraria-occitana.org\/oc\/wp-json\/wp\/v2\/product_tag?post=29139"}],"curies":[{"name":"wp","href":"https:\/\/api.w.org\/{rel}","templated":true}]}}