{"id":29146,"date":"2016-07-05T18:21:43","date_gmt":"2016-07-05T16:21:43","guid":{"rendered":"http:\/\/www.libraria-occitana.org\/all-products\/una-sopa-de-calhau-libre-cd?lang=oc"},"modified":"2026-04-03T04:41:16","modified_gmt":"2026-04-03T02:41:16","slug":"una-sopa-de-calhau-libre-cd","status":"publish","type":"product","link":"https:\/\/www.libraria-occitana.org\/oc\/produch\/una-sopa-de-calhau-libre-cd\/","title":{"rendered":"Una sopa de calhau (libre + CD)"},"content":{"rendered":"<p>Un pauc a l&#8217;escart se tr\u00f2ba la maison de la pola. Lo lop tusta a la p\u00f2rta, t\u00f2c, t\u00f2c, t\u00f2c.<br \/>\n&#8211; Qui es-qu\u00f2 ? damanda la pola.<br \/>\n&#8211; Qu\u00f2 es lo lop, respond-eu.<br \/>\nLa pola s&#8217;afolit :<br \/>\n&#8211; Lo lop !<\/p>\n<p>Una pita ist\u00f2ria adaptada d&#8217;un conte tradicionau que se torna trobar dins diferentas versions dins mai d&#8217;un contes populars europencs, asiatics e americans.<\/p>\n<p>Cicles 2 &amp; 3.<br \/>\nLibreton pedagogic <a href=\"http:\/\/capoc.crdp-aquitaine.fr\/articles.php?lng=en&amp;pg=450&amp;mnuid=304&amp;tconfig=0\">sus lo site dau CAP\u2019\u00d2C<\/a>.<\/p>\n","protected":false},"excerpt":{"rendered":"<p>Un pauc a l&#8217;escart se tr\u00f2ba la maison de la pola. Lo lop tusta a la p\u00f2rta, t\u00f2c, t\u00f2c, t\u00f2c. &#8211; Qui es-qu\u00f2 ? damanda la pola. &#8211; Qu\u00f2 es lo lop, respond-eu. La pola s&#8217;afolit : &#8211; Lo lop ! Una pita ist\u00f2ria adaptada d&#8217;un conte tradicionau que se torna trobar dins diferentas versions [&hellip;]<\/p>\n","protected":false},"featured_media":29144,"template":"","meta":{"_acf_changed":false,"_genesis_hide_title":false,"_genesis_hide_breadcrumbs":false,"_genesis_hide_singular_image":false,"_genesis_hide_footer_widgets":false,"_genesis_custom_body_class":"","_genesis_custom_post_class":"","_genesis_layout":""},"product_brand":[],"product_cat":[7133,7165,7171],"product_tag":[],"class_list":{"0":"post-29146","1":"product","2":"type-product","3":"status-publish","4":"has-post-thumbnail","6":"product_cat-libres-oc","7":"product_cat-jounessa-bd-umor","8":"product_cat-drolles-oc","9":"pa_auteur-capoc-oc","10":"pa_editeur-canope-editions-oc","11":"pa_illustrateur-rogier-francoise-oc","12":"pa_langue-occitan-lemosin-oc","13":"pa_langue-occitan-francais-oc","14":"entry","16":"first","17":"outofstock","18":"shipping-taxable","19":"purchasable","20":"product-type-simple"},"acf":[],"_links":{"self":[{"href":"https:\/\/www.libraria-occitana.org\/oc\/wp-json\/wp\/v2\/product\/29146","targetHints":{"allow":["GET"]}}],"collection":[{"href":"https:\/\/www.libraria-occitana.org\/oc\/wp-json\/wp\/v2\/product"}],"about":[{"href":"https:\/\/www.libraria-occitana.org\/oc\/wp-json\/wp\/v2\/types\/product"}],"wp:featuredmedia":[{"embeddable":true,"href":"https:\/\/www.libraria-occitana.org\/oc\/wp-json\/wp\/v2\/media\/29144"}],"wp:attachment":[{"href":"https:\/\/www.libraria-occitana.org\/oc\/wp-json\/wp\/v2\/media?parent=29146"}],"wp:term":[{"taxonomy":"product_brand","embeddable":true,"href":"https:\/\/www.libraria-occitana.org\/oc\/wp-json\/wp\/v2\/product_brand?post=29146"},{"taxonomy":"product_cat","embeddable":true,"href":"https:\/\/www.libraria-occitana.org\/oc\/wp-json\/wp\/v2\/product_cat?post=29146"},{"taxonomy":"product_tag","embeddable":true,"href":"https:\/\/www.libraria-occitana.org\/oc\/wp-json\/wp\/v2\/product_tag?post=29146"}],"curies":[{"name":"wp","href":"https:\/\/api.w.org\/{rel}","templated":true}]}}