{"id":29156,"date":"2016-10-06T16:05:32","date_gmt":"2016-10-06T15:05:32","guid":{"rendered":"http:\/\/www.libraria-occitana.org\/all-products\/des-mois-et-des-jours-almanach-occitan?lang=oc"},"modified":"2026-04-15T00:31:50","modified_gmt":"2026-04-14T22:31:50","slug":"des-mois-et-des-jours-almanach-occitan","status":"publish","type":"product","link":"https:\/\/www.libraria-occitana.org\/oc\/produch\/des-mois-et-des-jours-almanach-occitan\/","title":{"rendered":"Des mois et des jours : Almanach occitan"},"content":{"rendered":"<p>Cet ouvrage est d&#8217;abord le r\u00e9sultat d&#8217;une collecte de proverbes et de dictons commenc\u00e9e d\u00e8s l&#8217;enfance autour de la table familiale et avec pour seul mat\u00e9riel une m\u00e9moire toute neuve. Elle se poursuivit dans des discussions, des soir\u00e9es ou des enqu\u00eates de terrain \u00e0 travers tout le P\u00e9rigord, avec une plus forte repr\u00e9sentation des environs de P\u00e9rigueux et de Brant\u00f4me ainsi que de Sarlat et du P\u00e9rigord noir. On y ajoutera une partie de la Haute-Vienne et quelques cantons limitrophes appartenant \u00e0 des d\u00e9partements voisins. Certains informateurs, bien que r\u00e9sidant en P\u00e9rigord, ont pu \u00eatre originaires de r\u00e9gions occitanes plus \u00e9loign\u00e9es ou ont pu rapporter des dires entendus ailleurs.<br \/>\nLe premier m\u00e9rite de ce travail de plus de soixante ans est donc de pr\u00e9server de l&#8217;oubli le fruit de l&#8217;observation s\u00e9culaire des saisons, des mois et des jours en pays occitan. Le pr\u00e9server mais aussi l&#8217;expliquer et le remettre dans son contexte, en d\u00e9pit des bouleversements tant sociologiques que climatiques. Et nous faire partager, avec la plus grande justesse, l&#8217;extraordinaire richesse du savoir ancestral.<\/p>\n","protected":false},"excerpt":{"rendered":"<p>Cet ouvrage est d&#8217;abord le r\u00e9sultat d&#8217;une collecte de proverbes et de dictons commenc\u00e9e d\u00e8s l&#8217;enfance autour de la table familiale et avec pour seul mat\u00e9riel une m\u00e9moire toute neuve. Elle se poursuivit dans des discussions, des soir\u00e9es ou des enqu\u00eates de terrain \u00e0 travers tout le P\u00e9rigord, avec une plus forte repr\u00e9sentation des environs [&hellip;]<\/p>\n","protected":false},"featured_media":29154,"template":"","meta":{"_acf_changed":false,"_genesis_hide_title":false,"_genesis_hide_breadcrumbs":false,"_genesis_hide_singular_image":false,"_genesis_hide_footer_widgets":false,"_genesis_custom_body_class":"","_genesis_custom_post_class":"","_genesis_layout":""},"product_brand":[],"product_cat":[7133,7147],"product_tag":[],"class_list":{"0":"post-29156","1":"product","2":"type-product","3":"status-publish","4":"has-post-thumbnail","6":"product_cat-libres-oc","7":"product_cat-vocabulari-biais-de-dire-oc","8":"pa_auteur-chapduelh-micheu-oc","9":"pa_editeur-ieo-perigord-novelum-oc","10":"pa_illustrateur-girard-felipe-oc","11":"pa_langue-occitan-lemosin-oc","12":"pa_langue-occitan-lengadocian-oc","13":"pa_langue-occitan-francais-oc","14":"entry","16":"first","17":"instock","18":"shipping-taxable","19":"purchasable","20":"product-type-simple"},"acf":[],"_links":{"self":[{"href":"https:\/\/www.libraria-occitana.org\/oc\/wp-json\/wp\/v2\/product\/29156","targetHints":{"allow":["GET"]}}],"collection":[{"href":"https:\/\/www.libraria-occitana.org\/oc\/wp-json\/wp\/v2\/product"}],"about":[{"href":"https:\/\/www.libraria-occitana.org\/oc\/wp-json\/wp\/v2\/types\/product"}],"wp:featuredmedia":[{"embeddable":true,"href":"https:\/\/www.libraria-occitana.org\/oc\/wp-json\/wp\/v2\/media\/29154"}],"wp:attachment":[{"href":"https:\/\/www.libraria-occitana.org\/oc\/wp-json\/wp\/v2\/media?parent=29156"}],"wp:term":[{"taxonomy":"product_brand","embeddable":true,"href":"https:\/\/www.libraria-occitana.org\/oc\/wp-json\/wp\/v2\/product_brand?post=29156"},{"taxonomy":"product_cat","embeddable":true,"href":"https:\/\/www.libraria-occitana.org\/oc\/wp-json\/wp\/v2\/product_cat?post=29156"},{"taxonomy":"product_tag","embeddable":true,"href":"https:\/\/www.libraria-occitana.org\/oc\/wp-json\/wp\/v2\/product_tag?post=29156"}],"curies":[{"name":"wp","href":"https:\/\/api.w.org\/{rel}","templated":true}]}}