{"id":29162,"date":"1999-02-06T16:42:31","date_gmt":"1999-02-06T15:42:31","guid":{"rendered":"http:\/\/www.libraria-occitana.org\/all-products\/omenatge-a-marcela-delpastre-lo-leberaubre-n23-24?lang=oc"},"modified":"2026-04-15T03:16:25","modified_gmt":"2026-04-15T01:16:25","slug":"omenatge-a-marcela-delpastre-lo-leberaubre-n23-24","status":"publish","type":"product","link":"https:\/\/www.libraria-occitana.org\/oc\/produch\/omenatge-a-marcela-delpastre-lo-leberaubre-n23-24\/","title":{"rendered":"Omenatge a Marcela Delpastre \/ Lo Leberaubre N\u00b023-24"},"content":{"rendered":"<p>\u00ab Per balhar de las rai\u00e7 au leberon e far corre l\u2019aubre la nuech \u00bb<\/p>\n<p>Revue de litt\u00e9rature occitane c\u00e9l\u00e9brant les noces du mythe et de l\u2019absurde au chevet d\u2019une bonne fontaine sans d\u00e9dicace. Vit le jour en 1975.<\/p>\n<p>Num\u00e9ro sp\u00e9cial publi\u00e9 apr\u00e8s la mort de Marcelle Delpastre le 6 f\u00e9vrier 1998.<\/p>\n<p><strong>Taula :<\/strong><br \/>\n&#8211; Jan dau Melhau :<br \/>\nEn Germont, lo 18 de mar\u00e7<br \/>\n&#8211; Bernat Comb\u00ed :<br \/>\nDe \u00ab l&#8217;esvelhairitz d&#8217;en Germont \u00bb<br \/>\n&#8211; Domenja Decamps :<br \/>\nImatges de viatges<br \/>\nPer aquela que viguet m\u00e0s la mar un c\u00f2p<br \/>\n&#8211; Joan-Glaudi Rolet :<br \/>\nQueu rire<br \/>\n&#8211; Micheu Chapduelh :<br \/>\nL&#8217;aer<br \/>\n&#8211; Autre biais&#8230; d&#8217;omenatge<br \/>\n&#8211; Letra a la Marcela Delpastre<br \/>\n&#8211; Textes inedichs de Marcela Delpastre :<br \/>\nL&#8217;enquesta<br \/>\nMem\u00f2ris<br \/>\nLo darrier poema<br \/>\nSus lo pueg d&#8217;a Senta-Anna<br \/>\nBestiari lemosin (extrach)<br \/>\nLo libre de l&#8217;erbe e daus aubres (extrach)<br \/>\nEntrevisda imaginaria<br \/>\nDans-ce-cas<br \/>\nLo &#8220;train special&#8221;<br \/>\nQueu qui se tenguet drech<br \/>\nDins las mongetas<br \/>\nLos petits raubaires<br \/>\n&#8211; Lo lop, lo lop-beron, lo leberaubre<br \/>\n&#8211; \u00d2bras de Marcela Delpastre<br \/>\n&#8211; Dessenh de Marcela Delpastre<\/p>\n","protected":false},"excerpt":{"rendered":"<p>\u00ab Per balhar de las rai\u00e7 au leberon e far corre l\u2019aubre la nuech \u00bb Revue de litt\u00e9rature occitane c\u00e9l\u00e9brant les noces du mythe et de l\u2019absurde au chevet d\u2019une bonne fontaine sans d\u00e9dicace. Vit le jour en 1975. Num\u00e9ro sp\u00e9cial publi\u00e9 apr\u00e8s la mort de Marcelle Delpastre le 6 f\u00e9vrier 1998. Taula : &#8211; [&hellip;]<\/p>\n","protected":false},"featured_media":29160,"template":"","meta":{"_acf_changed":false,"_genesis_hide_title":false,"_genesis_hide_breadcrumbs":false,"_genesis_hide_singular_image":false,"_genesis_hide_footer_widgets":false,"_genesis_custom_body_class":"","_genesis_custom_post_class":"","_genesis_layout":""},"product_brand":[],"product_cat":[7133,7175],"product_tag":[],"class_list":{"0":"post-29162","1":"product","2":"type-product","3":"status-publish","4":"has-post-thumbnail","6":"product_cat-libres-oc","7":"product_cat-literatura-oc","8":"pa_auteur-collectiu-oc-2","9":"pa_editeur-literatura-e-cultura-populara-lemosinas-oc","10":"pa_langue-occitan-oc","11":"pa_langue-occitan-lemosin-oc","12":"entry","14":"first","15":"outofstock","16":"shipping-taxable","17":"purchasable","18":"product-type-simple"},"acf":[],"_links":{"self":[{"href":"https:\/\/www.libraria-occitana.org\/oc\/wp-json\/wp\/v2\/product\/29162","targetHints":{"allow":["GET"]}}],"collection":[{"href":"https:\/\/www.libraria-occitana.org\/oc\/wp-json\/wp\/v2\/product"}],"about":[{"href":"https:\/\/www.libraria-occitana.org\/oc\/wp-json\/wp\/v2\/types\/product"}],"wp:featuredmedia":[{"embeddable":true,"href":"https:\/\/www.libraria-occitana.org\/oc\/wp-json\/wp\/v2\/media\/29160"}],"wp:attachment":[{"href":"https:\/\/www.libraria-occitana.org\/oc\/wp-json\/wp\/v2\/media?parent=29162"}],"wp:term":[{"taxonomy":"product_brand","embeddable":true,"href":"https:\/\/www.libraria-occitana.org\/oc\/wp-json\/wp\/v2\/product_brand?post=29162"},{"taxonomy":"product_cat","embeddable":true,"href":"https:\/\/www.libraria-occitana.org\/oc\/wp-json\/wp\/v2\/product_cat?post=29162"},{"taxonomy":"product_tag","embeddable":true,"href":"https:\/\/www.libraria-occitana.org\/oc\/wp-json\/wp\/v2\/product_tag?post=29162"}],"curies":[{"name":"wp","href":"https:\/\/api.w.org\/{rel}","templated":true}]}}