{"id":29215,"date":"2015-07-12T15:00:53","date_gmt":"2015-07-12T14:00:53","guid":{"rendered":"http:\/\/www.libraria-occitana.org\/all-products\/la-grava-sul-camin-levangeli-de-bertomieu?lang=oc"},"modified":"2026-04-29T10:41:26","modified_gmt":"2026-04-29T08:41:26","slug":"la-grava-sul-camin-levangeli-de-bertomieu","status":"publish","type":"product","link":"https:\/\/www.libraria-occitana.org\/oc\/produch\/la-grava-sul-camin-levangeli-de-bertomieu\/","title":{"rendered":"La grava sul camin &#8211; L&#8217;Evang\u00e8li de Bertomieu"},"content":{"rendered":"<p><em>La grava sul camin<\/em> es un roman que fogu\u00e8t publicat pel primi\u00e8r c\u00f2p en 1956. Es inspirat de l\u2019ist\u00f2ria personala de Joan Bodon que fogu\u00e8t for\u00e7at de faire lo servici del trabalh obligat\u00f2ri (STO) en Silesia de 1943 a 1945.<br \/>\n<em>L\u2019Evang\u00e8li de Bertomieu<\/em> es parierament inspirat d\u2019aquela experi\u00e9ncia. Es un roman inedit del temps de Joan Bodon que ne\u2019n dem\u00f2ra sonque un manuscrich inacabat que se trobava pels papi\u00e8rs de l\u2019autor.<\/p>\n<p><strong>Joan Bodon<\/strong>\u00a0(Jean Boudou en franc\u00e9s) (Crespin, 11\/12\/1920 &#8211; Argeria, 24\/02\/1975), es un dels grands escrivans del mond mod\u00e8rne. Marcat per l\u2019imaginari del conte, tracta dins son \u00f2bra de t\u00e8mas universals o biblics per parlar de son intimitat amb la lenga occitana que vei demesir.<\/p>\n","protected":false},"excerpt":{"rendered":"<p>La grava sul camin es un roman que fogu\u00e8t publicat pel primi\u00e8r c\u00f2p en 1956. Es inspirat de l\u2019ist\u00f2ria personala de Joan Bodon que fogu\u00e8t for\u00e7at de faire lo servici del trabalh obligat\u00f2ri (STO) en Silesia de 1943 a 1945. L\u2019Evang\u00e8li de Bertomieu es parierament inspirat d\u2019aquela experi\u00e9ncia. Es un roman inedit del temps de [&hellip;]<\/p>\n","protected":false},"featured_media":28773,"template":"","meta":{"_acf_changed":false,"_genesis_hide_title":false,"_genesis_hide_breadcrumbs":false,"_genesis_hide_singular_image":false,"_genesis_hide_footer_widgets":false,"_genesis_custom_body_class":"","_genesis_custom_post_class":"","_genesis_layout":""},"product_brand":[],"product_cat":[7133,7175,7183],"product_tag":[],"class_list":{"0":"post-29215","1":"product","2":"type-product","3":"status-publish","4":"has-post-thumbnail","6":"product_cat-libres-oc","7":"product_cat-literatura-oc","8":"product_cat-romans-novelas-oc","9":"pa_auteur-bodon-joan-oc","10":"pa_editeur-ieo-fr-oc","11":"pa_langue-occitan-oc","12":"pa_langue-occitan-lengadocian-oc","13":"entry","15":"first","16":"instock","17":"shipping-taxable","18":"purchasable","19":"product-type-simple"},"acf":[],"_links":{"self":[{"href":"https:\/\/www.libraria-occitana.org\/oc\/wp-json\/wp\/v2\/product\/29215","targetHints":{"allow":["GET"]}}],"collection":[{"href":"https:\/\/www.libraria-occitana.org\/oc\/wp-json\/wp\/v2\/product"}],"about":[{"href":"https:\/\/www.libraria-occitana.org\/oc\/wp-json\/wp\/v2\/types\/product"}],"wp:featuredmedia":[{"embeddable":true,"href":"https:\/\/www.libraria-occitana.org\/oc\/wp-json\/wp\/v2\/media\/28773"}],"wp:attachment":[{"href":"https:\/\/www.libraria-occitana.org\/oc\/wp-json\/wp\/v2\/media?parent=29215"}],"wp:term":[{"taxonomy":"product_brand","embeddable":true,"href":"https:\/\/www.libraria-occitana.org\/oc\/wp-json\/wp\/v2\/product_brand?post=29215"},{"taxonomy":"product_cat","embeddable":true,"href":"https:\/\/www.libraria-occitana.org\/oc\/wp-json\/wp\/v2\/product_cat?post=29215"},{"taxonomy":"product_tag","embeddable":true,"href":"https:\/\/www.libraria-occitana.org\/oc\/wp-json\/wp\/v2\/product_tag?post=29215"}],"curies":[{"name":"wp","href":"https:\/\/api.w.org\/{rel}","templated":true}]}}