{"id":29354,"date":"2000-01-17T14:02:51","date_gmt":"2000-01-17T13:02:51","guid":{"rendered":"http:\/\/www.libraria-occitana.org\/all-products\/oeuvres-poetiques-limousines-et-occitanes-de-jean-mouzat-1905-1986-t-2?lang=oc"},"modified":"2026-04-25T04:16:49","modified_gmt":"2026-04-25T02:16:49","slug":"oeuvres-poetiques-limousines-et-occitanes-de-jean-mouzat-1905-1986-t-2","status":"publish","type":"product","link":"https:\/\/www.libraria-occitana.org\/oc\/produch\/oeuvres-poetiques-limousines-et-occitanes-de-jean-mouzat-1905-1986-t-2\/","title":{"rendered":"\u0152uvres po\u00e9tiques limousines et occitanes de Jean Mouzat (1905-1986) T.2"},"content":{"rendered":"<p><strong>Ensenhador :<\/strong><br \/>\n&#8211; Introduction : Jean Mouzat : lo terraire, la lenga, l&#8217;engenh e l&#8217;\u00e8ime (le terroir, la langue, les proc\u00e9d\u00e9s et l&#8217;esprit) par Robert Joudoux<br \/>\n&#8211; Ai ! Lemosin ! (1943-1975)<br \/>\n&#8211; Planhs e pregieiras (1960-apr\u00e8s 1973)<br \/>\n&#8211; Nocturns (1940-1962)<br \/>\n&#8211; L&#8217;aubre e la luna (1922-1972)<br \/>\n&#8211; J\u00f2i (1958-1967)<br \/>\n&#8211; Occitania. Seguida occitana. Viatge (1940-1972)<br \/>\n&#8211; Amor totjorn ! (1943-1972)<br \/>\n&#8211; Temonhatges e documents (1926-1999)<\/p>\n<p><a title=\"\u0152uvres po\u00e9tiques limousines et occitanes de Jean Mouzat (1905-1986) T.1\" href=\"http:\/\/www.libraria-occitana.org\/all-products\/oeuvres-poetiques-limousines-et-occitanes-de-jean-mouzat-1905-1986-t-1\"><em>\u0152uvres po\u00e9tiques limousines et occitanes de Jean Mouzat (1905-1986)<\/em> T.1<\/a><\/p>\n","protected":false},"excerpt":{"rendered":"<p>Ensenhador : &#8211; Introduction : Jean Mouzat : lo terraire, la lenga, l&#8217;engenh e l&#8217;\u00e8ime (le terroir, la langue, les proc\u00e9d\u00e9s et l&#8217;esprit) par Robert Joudoux &#8211; Ai ! Lemosin ! (1943-1975) &#8211; Planhs e pregieiras (1960-apr\u00e8s 1973) &#8211; Nocturns (1940-1962) &#8211; L&#8217;aubre e la luna (1922-1972) &#8211; J\u00f2i (1958-1967) &#8211; Occitania. Seguida occitana. Viatge [&hellip;]<\/p>\n","protected":false},"featured_media":29350,"template":"","meta":{"_acf_changed":false,"_genesis_hide_title":false,"_genesis_hide_breadcrumbs":false,"_genesis_hide_singular_image":false,"_genesis_hide_footer_widgets":false,"_genesis_custom_body_class":"","_genesis_custom_post_class":"","_genesis_layout":""},"product_brand":[],"product_cat":[7133,7175,7181],"product_tag":[],"class_list":{"0":"post-29354","1":"product","2":"type-product","3":"status-publish","4":"has-post-thumbnail","6":"product_cat-libres-oc","7":"product_cat-literatura-oc","8":"product_cat-poesia-oc","9":"pa_auteur-joudoux-robert-oc","10":"pa_auteur-mouzat-jean-oc","11":"pa_editeur-lemouzi-oc","12":"pa_langue-occitan-lemosin-oc","13":"pa_langue-occitan-francais-oc","14":"entry","16":"first","17":"instock","18":"shipping-taxable","19":"purchasable","20":"product-type-simple"},"acf":[],"_links":{"self":[{"href":"https:\/\/www.libraria-occitana.org\/oc\/wp-json\/wp\/v2\/product\/29354","targetHints":{"allow":["GET"]}}],"collection":[{"href":"https:\/\/www.libraria-occitana.org\/oc\/wp-json\/wp\/v2\/product"}],"about":[{"href":"https:\/\/www.libraria-occitana.org\/oc\/wp-json\/wp\/v2\/types\/product"}],"wp:featuredmedia":[{"embeddable":true,"href":"https:\/\/www.libraria-occitana.org\/oc\/wp-json\/wp\/v2\/media\/29350"}],"wp:attachment":[{"href":"https:\/\/www.libraria-occitana.org\/oc\/wp-json\/wp\/v2\/media?parent=29354"}],"wp:term":[{"taxonomy":"product_brand","embeddable":true,"href":"https:\/\/www.libraria-occitana.org\/oc\/wp-json\/wp\/v2\/product_brand?post=29354"},{"taxonomy":"product_cat","embeddable":true,"href":"https:\/\/www.libraria-occitana.org\/oc\/wp-json\/wp\/v2\/product_cat?post=29354"},{"taxonomy":"product_tag","embeddable":true,"href":"https:\/\/www.libraria-occitana.org\/oc\/wp-json\/wp\/v2\/product_tag?post=29354"}],"curies":[{"name":"wp","href":"https:\/\/api.w.org\/{rel}","templated":true}]}}