{"id":29386,"date":"2016-11-08T19:55:19","date_gmt":"2016-11-08T18:55:19","guid":{"rendered":"http:\/\/www.libraria-occitana.org\/all-products\/en-tut-segre-los-jorns?lang=oc"},"modified":"2026-04-03T01:16:18","modified_gmt":"2026-04-02T23:16:18","slug":"en-tut-segre-los-jorns","status":"publish","type":"product","link":"https:\/\/www.libraria-occitana.org\/oc\/produch\/en-tut-segre-los-jorns\/","title":{"rendered":"En tut segre los jorns"},"content":{"rendered":"<p><strong>Ant\u00f2ni Mar\u00f2t\u00a0:<\/strong> votz e guitarra<br \/>\n<strong>Floren\u00e7a Fontanille\u00a0:<\/strong> votz&#8230; e dessenhs<br \/>\n<strong>Magal\u00ed Urroz\u00a0:<\/strong>\u00a0votz e acordeon<br \/>\nConvidada\u00a0: <strong>Teresa Mager<\/strong> (14)<\/p>\n<p>\u00ab Per las Paschas de 1974, coma lo Frances Fauchier, director de l\u2019obrador dau pair Vibre, eram \u2019nats veire lo Daniel Borges, regent en Corresa-nauta, a Sent-Esteve-aus-Claus.<br \/>\n&#8220;\u00c7\u00f2 que nos manca, m\u2019avia dich, \u2019quo es de las chan\u00e7ons per los petits.&#8221;<br \/>\nTornat a Roier, lo ser-mesma, l-i me trapei, n\u2019escriguei vint-una, textes mai musicas, en quauquas oras. \u2019Na folia!<br \/>\nLas registrei, acompanhat per lo Pop\u2019Oc d\u2019Alem Dostromon, de l\u2019ensemble faguerem \u2019na caisseta e un an tardier, Ventadorn, d\u2019una chausida de tretze, un disc.<br \/>\nVeiqu\u00ed \u00e7\u00f2 que n\u2019escriguet \u2019laidonc la Marcela Delpastre : &#8220;Son pas tant mau, \u2019quelas chan\u00e7ons. Avetz-vos remarcat coma se pren Melhau per far \u2019na chan\u00e7on ? Pas tant de paraulas, mas las t\u00f2rna dire, las t\u00f2rna dire lo temps que chau, e chade c\u00f2p ne\u2019n chamnha doas o tres&#8230; \u2019Quo es aitau que, tot coma a las marelas, en res de temps, vos mena d\u2019un juec de mainatges au pus negre de l\u2019infern&#8230; Es plan lop-beron.&#8221;<br \/>\nNe\u2019n veiqu\u00ed quinze tornadas visitar 45 ans tardier, de bon e tot autre biais per Florencia Fontanilha, Magal\u00ed Urroz e Ant\u00f2ni Mar\u00f2t. \u00bb<\/p>\n<p style=\"text-align: right;\">Jan dau Melhau<\/p>\n<p><strong>Titres\u00a0:<\/strong><br \/>\n1. La Sent-Jan<br \/>\n2. Per l\u2019ivern<br \/>\n3. Veiqu\u00ed la nuech<br \/>\n4. L\u2019estiu ven<br \/>\n5. Blanc e negre<br \/>\n6. Aluiatz dr\u00f2lles<br \/>\n7. Lo ser<br \/>\n8. La chabrida<br \/>\n9. Mos sotliers<br \/>\n10. \u2019Nam l-i petits<br \/>\n11. N\u00f2stre chen gris<br \/>\n12. Las n\u00f2\u00e7as de senzilha<br \/>\n13. Pren ton bonet<br \/>\n14. Lo petit grilh<br \/>\n15. Seguia la via<\/p>\n<p>&nbsp;<\/p>\n","protected":false},"excerpt":{"rendered":"<p>Ant\u00f2ni Mar\u00f2t\u00a0: votz e guitarra Floren\u00e7a Fontanille\u00a0: votz&#8230; e dessenhs Magal\u00ed Urroz\u00a0:\u00a0votz e acordeon Convidada\u00a0: Teresa Mager (14) \u00ab Per las Paschas de 1974, coma lo Frances Fauchier, director de l\u2019obrador dau pair Vibre, eram \u2019nats veire lo Daniel Borges, regent en Corresa-nauta, a Sent-Esteve-aus-Claus. &#8220;\u00c7\u00f2 que nos manca, m\u2019avia dich, \u2019quo es de las [&hellip;]<\/p>\n","protected":false},"featured_media":29384,"template":"","meta":{"_acf_changed":false,"_genesis_hide_title":false,"_genesis_hide_breadcrumbs":false,"_genesis_hide_singular_image":false,"_genesis_hide_footer_widgets":false,"_genesis_custom_body_class":"","_genesis_custom_post_class":"","_genesis_layout":""},"product_brand":[],"product_cat":[7223,16683],"product_tag":[],"class_list":{"0":"post-29386","1":"product","2":"type-product","3":"status-publish","4":"has-post-thumbnail","6":"product_cat-jounessa-oc","7":"product_cat-musica-oc","8":"pa_auteur-fontanille-florenca-en-oc","9":"pa_auteur-marot-antoni-oc","10":"pa_auteur-urroz-magali-oc","11":"pa_editeur-los-da-roier-oc","12":"pa_langue-occitan-lemosin-oc","13":"pa_langue-occitan-francais-oc","14":"entry","16":"first","17":"instock","18":"shipping-taxable","19":"purchasable","20":"product-type-simple"},"acf":[],"_links":{"self":[{"href":"https:\/\/www.libraria-occitana.org\/oc\/wp-json\/wp\/v2\/product\/29386","targetHints":{"allow":["GET"]}}],"collection":[{"href":"https:\/\/www.libraria-occitana.org\/oc\/wp-json\/wp\/v2\/product"}],"about":[{"href":"https:\/\/www.libraria-occitana.org\/oc\/wp-json\/wp\/v2\/types\/product"}],"wp:featuredmedia":[{"embeddable":true,"href":"https:\/\/www.libraria-occitana.org\/oc\/wp-json\/wp\/v2\/media\/29384"}],"wp:attachment":[{"href":"https:\/\/www.libraria-occitana.org\/oc\/wp-json\/wp\/v2\/media?parent=29386"}],"wp:term":[{"taxonomy":"product_brand","embeddable":true,"href":"https:\/\/www.libraria-occitana.org\/oc\/wp-json\/wp\/v2\/product_brand?post=29386"},{"taxonomy":"product_cat","embeddable":true,"href":"https:\/\/www.libraria-occitana.org\/oc\/wp-json\/wp\/v2\/product_cat?post=29386"},{"taxonomy":"product_tag","embeddable":true,"href":"https:\/\/www.libraria-occitana.org\/oc\/wp-json\/wp\/v2\/product_tag?post=29386"}],"curies":[{"name":"wp","href":"https:\/\/api.w.org\/{rel}","templated":true}]}}