{"id":29413,"date":"2013-11-10T13:08:48","date_gmt":"2013-11-10T12:08:48","guid":{"rendered":"http:\/\/www.libraria-occitana.org\/all-products\/mironfa?lang=oc"},"modified":"2026-04-19T02:36:15","modified_gmt":"2026-04-19T00:36:15","slug":"mironfa","status":"publish","type":"product","link":"https:\/\/www.libraria-occitana.org\/oc\/produch\/mironfa\/","title":{"rendered":"Mironfa"},"content":{"rendered":"<p><strong>Pascal Bernard :<\/strong> chabrette, voix<br \/>\n<strong>Julien Caillaud :<\/strong> alto, violon, voix<br \/>\n<strong>Henri Clav\u00e9 :<\/strong> hautbois, percussions, voix lead<br \/>\n<strong>Nino Clav\u00e9-Chastang :<\/strong> chabrette, basse, voix<br \/>\n<strong>Jonathan Guillaume :<\/strong> piano, batterie, percussions<br \/>\n<strong>Alexandra Lacouchie :<\/strong> violon, voix<br \/>\n<strong>Sylvain Lacouchie :<\/strong> direction musicale, chabrettes, hautbois, saxophone, anantar, voix<br \/>\n<strong>Guillaume Lavaud :<\/strong> guitare \u00e9lectrique et arrangement \u00e9lectro (12)<br \/>\n<strong>Nicolas Nanet :<\/strong> chabrettes, voix<br \/>\n<strong>Peire Parot-Urroz :<\/strong> chabrette, voix<br \/>\n<strong>Lisa Randonneix :<\/strong> chabrette, voix<br \/>\n<strong>Magal\u00ed Urroz :<\/strong> accord\u00e9on diatonique, voix lead<br \/>\n<strong>Franck Verniolle :<\/strong> chabrette, voix<\/p>\n<p><strong>Titres :<\/strong><br \/>\n1. Bourr\u00e9e de Mouret \/ de l&#8217;Arabe \/ de Mouret &#8211; bourr\u00e9es 4&#8217;11&#8221;<br \/>\n2. Mon papa ne le veut pas \/ Ton chien&#8230; \/ Banneix \u2014 polkas 4&#8217;08&#8221;<br \/>\n3. Valse d&#8217;\u00e9t\u00e9 &#8211; valse 4&#8217;13&#8221;<br \/>\n4. Sautatz v&#8217;autras j\u00f2unas filhas \/ Las chanilhas son dins los chauls \u2014 sauti\u00e8res 2&#8217;55&#8221;<br \/>\n5. La champagnac \/ Lo violonaire \u2014 bourr\u00e9es 2&#8217;57&#8221;<br \/>\n6. \u00c0 la venue de No\u00ebl \/ Nadals dels aus\u00e8ls \u2014 no\u00ebls 5&#8217;01&#8221;<br \/>\n7. Shave the monkey \/ Hypnose \/ Bill harte&#8217;s jig \u2014 jigs 4&#8217;43&#8221;<br \/>\n8. Dom&#8217;es lo prumier de mai &#8211; chant 3&#8217;30&#8221;<br \/>\n9. La Pradinoise \/ La Sarrandona \u2014 bourr\u00e9es 2&#8217;59&#8221;<br \/>\n10. Le tinton de bouton de \u00ab binagauche \u00bb &#8211; chant 4&#8217;08&#8221;<br \/>\n11. Valse \u00e0 D\u00e9d\u00e9 &#8211; valse 3&#8217;13&#8221;<br \/>\n12. Scjara\u00e7ule mara\u00e7ule \u2014 bransle 3&#8217;34&#8221;<\/p>\n","protected":false},"excerpt":{"rendered":"<p>Pascal Bernard : chabrette, voix Julien Caillaud : alto, violon, voix Henri Clav\u00e9 : hautbois, percussions, voix lead Nino Clav\u00e9-Chastang : chabrette, basse, voix Jonathan Guillaume : piano, batterie, percussions Alexandra Lacouchie : violon, voix Sylvain Lacouchie : direction musicale, chabrettes, hautbois, saxophone, anantar, voix Guillaume Lavaud : guitare \u00e9lectrique et arrangement \u00e9lectro (12) Nicolas [&hellip;]<\/p>\n","protected":false},"featured_media":29411,"template":"","meta":{"_acf_changed":false,"_genesis_hide_title":false,"_genesis_hide_breadcrumbs":false,"_genesis_hide_singular_image":false,"_genesis_hide_footer_widgets":false,"_genesis_custom_body_class":"","_genesis_custom_post_class":"","_genesis_layout":""},"product_brand":[],"product_cat":[16683,7229],"product_tag":[],"class_list":{"0":"post-29413","1":"product","2":"type-product","3":"status-publish","4":"has-post-thumbnail","6":"product_cat-musica-oc","7":"product_cat-novela-tradicion-oc","8":"pa_auteur-couleur-chabrette-oc","9":"pa_editeur-couleur-chabrette-fr-oc","10":"pa_langue-autras-lingas-oc","11":"pa_langue-occitan-lemosin-oc","12":"pa_langue-occitan-francais-oc","13":"entry","15":"first","16":"instock","17":"shipping-taxable","18":"purchasable","19":"product-type-simple"},"acf":[],"_links":{"self":[{"href":"https:\/\/www.libraria-occitana.org\/oc\/wp-json\/wp\/v2\/product\/29413","targetHints":{"allow":["GET"]}}],"collection":[{"href":"https:\/\/www.libraria-occitana.org\/oc\/wp-json\/wp\/v2\/product"}],"about":[{"href":"https:\/\/www.libraria-occitana.org\/oc\/wp-json\/wp\/v2\/types\/product"}],"wp:featuredmedia":[{"embeddable":true,"href":"https:\/\/www.libraria-occitana.org\/oc\/wp-json\/wp\/v2\/media\/29411"}],"wp:attachment":[{"href":"https:\/\/www.libraria-occitana.org\/oc\/wp-json\/wp\/v2\/media?parent=29413"}],"wp:term":[{"taxonomy":"product_brand","embeddable":true,"href":"https:\/\/www.libraria-occitana.org\/oc\/wp-json\/wp\/v2\/product_brand?post=29413"},{"taxonomy":"product_cat","embeddable":true,"href":"https:\/\/www.libraria-occitana.org\/oc\/wp-json\/wp\/v2\/product_cat?post=29413"},{"taxonomy":"product_tag","embeddable":true,"href":"https:\/\/www.libraria-occitana.org\/oc\/wp-json\/wp\/v2\/product_tag?post=29413"}],"curies":[{"name":"wp","href":"https:\/\/api.w.org\/{rel}","templated":true}]}}