{"id":29433,"date":"1999-01-10T14:36:00","date_gmt":"1999-01-10T13:36:00","guid":{"rendered":"http:\/\/www.libraria-occitana.org\/all-products\/jour-de-marche?lang=oc"},"modified":"2025-03-09T00:44:09","modified_gmt":"2025-03-08T23:44:09","slug":"jour-de-marche","status":"publish","type":"product","link":"https:\/\/www.libraria-occitana.org\/oc\/produch\/jour-de-marche\/","title":{"rendered":"Jour de march\u00e9 Vol. 1"},"content":{"rendered":"<p><strong>Myriam Lameyre<\/strong><br \/>\n<strong>Jean-Yves Lameyre<\/strong><\/p>\n<p>De par leur vie rurale en Corr\u00e8ze, Myriam et Jean-Yves, sensibles \u00e0 la musique issue des violoneux de ce terroir, s&#8217;impr\u00e8gnent des musiques et des chants populaires de l&#8217;Auvergne et du Limousin.<br \/>\nPuisant dans le r\u00e9pertoire pour violon, accord\u00e9on diatonique, cornemuses du Centre France, ils nous interpr\u00e8tent les airs des musiciens d&#8217;hier et d&#8217;aujourd&#8217;hui, ponctu\u00e9s de leurs compositions.<br \/>\nLeur passion les conduit \u00e9galement \u00e0 \u00e9largir leur r\u00e9pertoire \u00e0 l&#8217;Irlande, le Qu\u00e9bec, la Louisiane, la Su\u00e8de, l&#8217;Italie et la Galice.<\/p>\n<p><strong>Titres :<\/strong><br \/>\n1. Sauti\u00e8res : \u00e0 Bordas, De Juillac, La maison s&#8217;\u00e9bouille 2&#8217;22&#8221;<br \/>\n2. Bourr\u00e9es \u00e0 3 temps : De Chabot, De Juille, En serrant 2&#8217;36&#8221;<br \/>\n3. Scottisches : La glissante (D. Champion), Les jonch\u00e8res (J.C. Blanc) 3&#8217;53&#8221;<br \/>\n4. Polkas : De l&#8217;ours, Hongroise 3&#8217;00&#8221;<br \/>\n5. Valses : Trinquebal (F. Bordois), Bargoin 4&#8217;35&#8221;<br \/>\n6. Mazurkas : De Poudroux, P\u00e2kkos Caf\u00e9 (J.F. Vrod) 3&#8217;42&#8221;<br \/>\n7. Polkas piqu\u00e9es : De Soudeilles, Tilou Tilou (L. Blanchard) 2&#8217;09&#8221;<br \/>\n8. Mazurkas : Des Combrailles, De Michel Peychadre 3&#8217;03&#8221;<br \/>\n9. Valse, Bourr\u00e9e \u00e0 2 temps, Bransle : La meuni\u00e8re, De Clermont, De R. Blanchard 4&#8217;41&#8221;<br \/>\n10. Bourr\u00e9es \u00e0 2 temps : Carr\u00e9 de Vouvray (G. Chabenat), Concours (F. Bordois), De Saint Chartier (Cordon Bleu) 3&#8217;04&#8221;<br \/>\n11. Les deux cercles 3&#8217;25&#8221;<br \/>\n12. Marches \u00e9cossaises 2&#8217;53&#8221;<\/p>\n","protected":false},"excerpt":{"rendered":"<p>Myriam Lameyre Jean-Yves Lameyre De par leur vie rurale en Corr\u00e8ze, Myriam et Jean-Yves, sensibles \u00e0 la musique issue des violoneux de ce terroir, s&#8217;impr\u00e8gnent des musiques et des chants populaires de l&#8217;Auvergne et du Limousin. Puisant dans le r\u00e9pertoire pour violon, accord\u00e9on diatonique, cornemuses du Centre France, ils nous interpr\u00e8tent les airs des musiciens [&hellip;]<\/p>\n","protected":false},"featured_media":29431,"template":"","meta":{"_acf_changed":false,"_genesis_hide_title":false,"_genesis_hide_breadcrumbs":false,"_genesis_hide_singular_image":false,"_genesis_hide_footer_widgets":false,"_genesis_custom_body_class":"","_genesis_custom_post_class":"","_genesis_layout":""},"product_brand":[],"product_cat":[16683,7229],"product_tag":[],"class_list":{"0":"post-29433","1":"product","2":"type-product","3":"status-publish","4":"has-post-thumbnail","6":"product_cat-musica-oc","7":"product_cat-novela-tradicion-oc","8":"pa_auteur-musiqua-deux-oc","9":"pa_editeur-musique-a-deux-fr-oc","10":"entry","12":"first","13":"outofstock","14":"shipping-taxable","15":"purchasable","16":"product-type-simple"},"acf":[],"_links":{"self":[{"href":"https:\/\/www.libraria-occitana.org\/oc\/wp-json\/wp\/v2\/product\/29433","targetHints":{"allow":["GET"]}}],"collection":[{"href":"https:\/\/www.libraria-occitana.org\/oc\/wp-json\/wp\/v2\/product"}],"about":[{"href":"https:\/\/www.libraria-occitana.org\/oc\/wp-json\/wp\/v2\/types\/product"}],"wp:featuredmedia":[{"embeddable":true,"href":"https:\/\/www.libraria-occitana.org\/oc\/wp-json\/wp\/v2\/media\/29431"}],"wp:attachment":[{"href":"https:\/\/www.libraria-occitana.org\/oc\/wp-json\/wp\/v2\/media?parent=29433"}],"wp:term":[{"taxonomy":"product_brand","embeddable":true,"href":"https:\/\/www.libraria-occitana.org\/oc\/wp-json\/wp\/v2\/product_brand?post=29433"},{"taxonomy":"product_cat","embeddable":true,"href":"https:\/\/www.libraria-occitana.org\/oc\/wp-json\/wp\/v2\/product_cat?post=29433"},{"taxonomy":"product_tag","embeddable":true,"href":"https:\/\/www.libraria-occitana.org\/oc\/wp-json\/wp\/v2\/product_tag?post=29433"}],"curies":[{"name":"wp","href":"https:\/\/api.w.org\/{rel}","templated":true}]}}