{"id":29441,"date":"2014-09-10T15:45:46","date_gmt":"2014-09-10T14:45:46","guid":{"rendered":"http:\/\/www.libraria-occitana.org\/all-products\/lembelinaire?lang=oc"},"modified":"2026-04-18T05:22:01","modified_gmt":"2026-04-18T03:22:01","slug":"lembelinaire","status":"publish","type":"product","link":"https:\/\/www.libraria-occitana.org\/oc\/produch\/lembelinaire\/","title":{"rendered":"L&#8217;embelinaire"},"content":{"rendered":"<p><strong>Marie Coumes :<\/strong> chant<br \/>\n<strong>H\u00e9l\u00e8ne Arnaud :<\/strong> chant, tambourin, tammorra<br \/>\n<strong>Laetitia Dutech :<\/strong> chant, bendir, sagattes<br \/>\n<strong>Myriam Boisserie :<\/strong> chant, brau<br \/>\n<strong>Karine Berny :<\/strong> chant, grosse caisse<\/p>\n<p>S\u00e9ducteur et magicien, l\u2019embelinaire est un artisan du myst\u00e8re\u2026<br \/>\nUn menteur magnifique qui r\u00e9enchante le monde pour nous en r\u00e9v\u00e9ler la part de gr\u00e2ce et de beaut\u00e9.<br \/>\nPour son nouvel album, La Mal Coiff\u00e9e m\u00eale sa polyphonie \u00e0 la po\u00e9sie malicieuse et imag\u00e9e de deux \u00ab embelinaires \u00bb : Jean-Marie Petit et L\u00e9on Cordes.<br \/>\nDeux grandes figures de la litt\u00e9rature languedocienne, dont les mots simples et vrais peignent l\u2019\u00e2me de leur pays, le Minervois, de ses hommes et de ses femmes, tels des instantan\u00e9s r\u00e9v\u00e9lant la nature profonde des \u00eatres et des choses.<br \/>\nLeur langue imag\u00e9e et lumineuse, mise en musique par Laurent Cavali\u00e9, est port\u00e9e par de chant sensible et profond des cinq voix de femmes, dont chaque nuance arrive \u00e0 saisir la l\u00e9g\u00e8ret\u00e9 d\u2019un sentiment, qu\u2019il nous m\u00e8ne au rire ou aux larmes.<\/p>\n<p><strong>Titres :<\/strong><br \/>\n1. La m\u00f2rt ca\u00e7aira 4&#8217;45&#8221;<br \/>\n2. L&#8217;Ora 3&#8217;48&#8221;<br \/>\n3. De femma e d&#8217;\u00f2me 2&#8217;59&#8221;<br \/>\n4. De la nu\u00e8it a la nu\u00e8it 5&#8217;04&#8221;<br \/>\n5. A la f\u00e8sta del cirque 4&#8217;18&#8221;<br \/>\n6. La cambra es alandada 3&#8217;31&#8221;<br \/>\n7. T\u00e8rra do\u00e7a 3&#8217;32&#8221;<br \/>\n8. Joaneta 3&#8217;11&#8221;<br \/>\n9. La nu\u00e8it de las est\u00e8las 3&#8217;42&#8221;<br \/>\n10. Carnaval 5&#8217;29&#8221;<br \/>\n11. La fam de rosal 3&#8217;05&#8221;<br \/>\n12. B\u00f2ria 3&#8217;59&#8221;<\/p>\n","protected":false},"excerpt":{"rendered":"<p>Marie Coumes : chant H\u00e9l\u00e8ne Arnaud : chant, tambourin, tammorra Laetitia Dutech : chant, bendir, sagattes Myriam Boisserie : chant, brau Karine Berny : chant, grosse caisse S\u00e9ducteur et magicien, l\u2019embelinaire est un artisan du myst\u00e8re\u2026 Un menteur magnifique qui r\u00e9enchante le monde pour nous en r\u00e9v\u00e9ler la part de gr\u00e2ce et de beaut\u00e9. Pour [&hellip;]<\/p>\n","protected":false},"featured_media":29439,"template":"","meta":{"_acf_changed":false,"_genesis_hide_title":false,"_genesis_hide_breadcrumbs":false,"_genesis_hide_singular_image":false,"_genesis_hide_footer_widgets":false,"_genesis_custom_body_class":"","_genesis_custom_post_class":"","_genesis_layout":""},"product_brand":[],"product_cat":[16683,7231],"product_tag":[],"class_list":{"0":"post-29441","1":"product","2":"type-product","3":"status-publish","4":"has-post-thumbnail","6":"product_cat-musica-oc","7":"product_cat-polifonias-oc","8":"pa_auteur-la-mal-coiffee-oc","9":"pa_editeur-sirventes-oc","10":"pa_langue-occitan-oc","11":"pa_langue-occitan-lengadocian-oc","12":"entry","14":"first","15":"instock","16":"shipping-taxable","17":"purchasable","18":"product-type-simple"},"acf":[],"_links":{"self":[{"href":"https:\/\/www.libraria-occitana.org\/oc\/wp-json\/wp\/v2\/product\/29441","targetHints":{"allow":["GET"]}}],"collection":[{"href":"https:\/\/www.libraria-occitana.org\/oc\/wp-json\/wp\/v2\/product"}],"about":[{"href":"https:\/\/www.libraria-occitana.org\/oc\/wp-json\/wp\/v2\/types\/product"}],"wp:featuredmedia":[{"embeddable":true,"href":"https:\/\/www.libraria-occitana.org\/oc\/wp-json\/wp\/v2\/media\/29439"}],"wp:attachment":[{"href":"https:\/\/www.libraria-occitana.org\/oc\/wp-json\/wp\/v2\/media?parent=29441"}],"wp:term":[{"taxonomy":"product_brand","embeddable":true,"href":"https:\/\/www.libraria-occitana.org\/oc\/wp-json\/wp\/v2\/product_brand?post=29441"},{"taxonomy":"product_cat","embeddable":true,"href":"https:\/\/www.libraria-occitana.org\/oc\/wp-json\/wp\/v2\/product_cat?post=29441"},{"taxonomy":"product_tag","embeddable":true,"href":"https:\/\/www.libraria-occitana.org\/oc\/wp-json\/wp\/v2\/product_tag?post=29441"}],"curies":[{"name":"wp","href":"https:\/\/api.w.org\/{rel}","templated":true}]}}