{"id":29446,"date":"2002-01-10T16:47:35","date_gmt":"2002-01-10T15:47:35","guid":{"rendered":"http:\/\/www.libraria-occitana.org\/all-products\/le-bal?lang=oc"},"modified":"2026-04-17T04:11:48","modified_gmt":"2026-04-17T02:11:48","slug":"le-bal","status":"publish","type":"product","link":"https:\/\/www.libraria-occitana.org\/oc\/produch\/le-bal\/","title":{"rendered":"Le Bal"},"content":{"rendered":"<p><strong>Xavier Vidal :<\/strong> violon, chant<br \/>\nSes invit\u00e9s : <strong>Thierry Roques<\/strong>, <strong>Cyrille Brotto<\/strong>, <strong>V\u00e9ronique Vidal<\/strong>, <strong>Josy Cormier<\/strong>, <strong>Patrick Puechmeja<\/strong>, <strong>Robert Lavergne<\/strong>, <strong>Mathias Leclair<\/strong>, <strong>Fran\u00e7ois Lagarrigue<\/strong>, <strong>Guillaume Lopez<\/strong>, <strong>Christian Mage<\/strong>, <strong>Gilles Rougeyrolles<\/strong>, <strong>Olivier Bayle<\/strong>, <strong>Daniel Theron<\/strong>, <strong>Franck Assemat<\/strong>, <strong>\u00c9ric Botella<\/strong>, <strong>V\u00e9ronique Botella<\/strong>, <strong>Jean-Fran\u00e7ois Prigent<\/strong>.<\/p>\n<p><strong>Titres :<\/strong><br \/>\n1. Bourr\u00e9es plani\u00e8res 4&#8217;03<br \/>\n2. Polka de Prayssac 4&#8217;02<br \/>\n3. Scottiche de Robert Faben 3&#8217;07<br \/>\n4. Capelon de palha \/ Tant que t&#8217;aimavi 4&#8217;49<br \/>\n5. Los jorns de mai 3&#8217;32<br \/>\n6. Dessus la grava de Bordeu 3&#8217;53<br \/>\n7. Pas de lop 3&#8217;49<br \/>\n8. Polka de cadurques 3&#8217;33<br \/>\n9. Aval a la riviera 2&#8217;58<br \/>\n10. Viste fach 3&#8217;46<br \/>\n11. Valse de Lusert 3&#8217;51<br \/>\n12. Farandole de carnaval 3&#8217;39<br \/>\n13. La nova \/ Bourr\u00e9e d&#8217;Hugon 1&#8217;54<br \/>\n14. Bourr\u00e9e du placard 2&#8217;11<br \/>\n15. Airs du mois de mai 4&#8217;13<br \/>\n16. Scottiche de Planard 3&#8217;38<br \/>\n17. Capelon de palha \/ Passant sus la planqueta 4&#8217;23<\/p>\n","protected":false},"excerpt":{"rendered":"<p>Xavier Vidal : violon, chant Ses invit\u00e9s : Thierry Roques, Cyrille Brotto, V\u00e9ronique Vidal, Josy Cormier, Patrick Puechmeja, Robert Lavergne, Mathias Leclair, Fran\u00e7ois Lagarrigue, Guillaume Lopez, Christian Mage, Gilles Rougeyrolles, Olivier Bayle, Daniel Theron, Franck Assemat, \u00c9ric Botella, V\u00e9ronique Botella, Jean-Fran\u00e7ois Prigent. Titres : 1. Bourr\u00e9es plani\u00e8res 4&#8217;03 2. Polka de Prayssac 4&#8217;02 3. Scottiche [&hellip;]<\/p>\n","protected":false},"featured_media":29444,"template":"","meta":{"_acf_changed":false,"_genesis_hide_title":false,"_genesis_hide_breadcrumbs":false,"_genesis_hide_singular_image":false,"_genesis_hide_footer_widgets":false,"_genesis_custom_body_class":"","_genesis_custom_post_class":"","_genesis_layout":""},"product_brand":[],"product_cat":[16683,7229],"product_tag":[],"class_list":{"0":"post-29446","1":"product","2":"type-product","3":"status-publish","4":"has-post-thumbnail","6":"product_cat-musica-oc","7":"product_cat-novela-tradicion-oc","8":"pa_auteur-collectiu-oc-2","9":"pa_auteur-vidal-xavier-oc","10":"pa_editeur-la-nauze-oc","11":"pa_langue-occitan-lengadocian-oc","12":"pa_langue-occitan-francais-oc","13":"entry","15":"first","16":"instock","17":"shipping-taxable","18":"purchasable","19":"product-type-simple"},"acf":[],"_links":{"self":[{"href":"https:\/\/www.libraria-occitana.org\/oc\/wp-json\/wp\/v2\/product\/29446","targetHints":{"allow":["GET"]}}],"collection":[{"href":"https:\/\/www.libraria-occitana.org\/oc\/wp-json\/wp\/v2\/product"}],"about":[{"href":"https:\/\/www.libraria-occitana.org\/oc\/wp-json\/wp\/v2\/types\/product"}],"wp:featuredmedia":[{"embeddable":true,"href":"https:\/\/www.libraria-occitana.org\/oc\/wp-json\/wp\/v2\/media\/29444"}],"wp:attachment":[{"href":"https:\/\/www.libraria-occitana.org\/oc\/wp-json\/wp\/v2\/media?parent=29446"}],"wp:term":[{"taxonomy":"product_brand","embeddable":true,"href":"https:\/\/www.libraria-occitana.org\/oc\/wp-json\/wp\/v2\/product_brand?post=29446"},{"taxonomy":"product_cat","embeddable":true,"href":"https:\/\/www.libraria-occitana.org\/oc\/wp-json\/wp\/v2\/product_cat?post=29446"},{"taxonomy":"product_tag","embeddable":true,"href":"https:\/\/www.libraria-occitana.org\/oc\/wp-json\/wp\/v2\/product_tag?post=29446"}],"curies":[{"name":"wp","href":"https:\/\/api.w.org\/{rel}","templated":true}]}}