{"id":29456,"date":"2014-12-10T18:15:34","date_gmt":"2014-12-10T17:15:34","guid":{"rendered":"http:\/\/www.libraria-occitana.org\/all-products\/ola-mesfiatz-vos-danses-de-tradition-en-limousin?lang=oc"},"modified":"2026-04-13T01:31:34","modified_gmt":"2026-04-12T23:31:34","slug":"ola-mesfiatz-vos-danses-de-tradition-en-limousin","status":"publish","type":"product","link":"https:\/\/www.libraria-occitana.org\/oc\/produch\/ola-mesfiatz-vos-danses-de-tradition-en-limousin\/","title":{"rendered":"Ol\u00e0 mesfiatz-vos ! : Danses de tradition en Limousin"},"content":{"rendered":"<p><strong>Titres :<\/strong><br \/>\n1. Mazurkas de Ren\u00e9 Chabassier<br \/>\n2. Bourr\u00e9es d&#8217;Eug\u00e8ne Solomagne<br \/>\n3. Glissante \/ Polka glissante<br \/>\n4. Sauti\u00e8res \u00e0 suivre<br \/>\n5. Scottishs de Creuse<br \/>\n6. Polka piqu\u00e9e \/ \u00ab Les matelots\u00a0\u00bb<br \/>\n7. Para lo lop<br \/>\n8. Carr\u00e9es creusoises<br \/>\n9. Scottishs-valses<br \/>\n10. Bourr\u00e9es d&#8217;Ang\u00e8le Chabeaudie<br \/>\n11. \u00ab\u00a0Valse \u00e0 David\u00a0\u00bb<br \/>\n12. Sauti\u00e8res<br \/>\n13. Les rats<br \/>\n14. Quadrilles de Marcel Piaud<br \/>\n15. Chez la m\u00e8re Antoine \/ La ch\u00e8vre<br \/>\n16. Bourr\u00e9es des Mon\u00e9di\u00e8res (Violons)<br \/>\n17. Le p\u00e8re Counaud &#8211; \u00ab\u00a0Le diable ton fourbi\u00a0\u00bb<br \/>\n18. Giatte<br \/>\n19. Bourr\u00e9es en serrant<br \/>\n20. \u00ab\u00a0L&#8217;aiga de r\u00f2sa\u00a0\u00bb &#8211; \u00ab\u00a0Las permenadas\u00a0\u00bb<br \/>\n21. \u00ab\u00a0La moutonne\u00a0\u00bb &#8211; \u00ab\u00a0Les moutons\u00a0\u00bb<br \/>\n22. Bourr\u00e9es des Mon\u00e9di\u00e8res (Accord\u00e9ons)<br \/>\n23. Mazurkas de Marcel Belette<br \/>\n24. \u00ab\u00a0Alons los vieus\u00a0\u00bb &#8211; \u00ab\u00a0Las telas\u00a0\u00bb<\/p>\n","protected":false},"excerpt":{"rendered":"<p>Titres : 1. Mazurkas de Ren\u00e9 Chabassier 2. Bourr\u00e9es d&#8217;Eug\u00e8ne Solomagne 3. Glissante \/ Polka glissante 4. Sauti\u00e8res \u00e0 suivre 5. Scottishs de Creuse 6. Polka piqu\u00e9e \/ \u00ab Les matelots\u00a0\u00bb 7. Para lo lop 8. Carr\u00e9es creusoises 9. Scottishs-valses 10. Bourr\u00e9es d&#8217;Ang\u00e8le Chabeaudie 11. \u00ab\u00a0Valse \u00e0 David\u00a0\u00bb 12. Sauti\u00e8res 13. Les rats 14. Quadrilles [&hellip;]<\/p>\n","protected":false},"featured_media":29454,"template":"","meta":{"_acf_changed":false,"_genesis_hide_title":false,"_genesis_hide_breadcrumbs":false,"_genesis_hide_singular_image":false,"_genesis_hide_footer_widgets":false,"_genesis_custom_body_class":"","_genesis_custom_post_class":"","_genesis_layout":""},"product_brand":[],"product_cat":[16683,7229],"product_tag":[],"class_list":{"0":"post-29456","1":"product","2":"type-product","3":"status-publish","4":"has-post-thumbnail","6":"product_cat-musica-oc","7":"product_cat-novela-tradicion-oc","8":"pa_auteur-dpt-musique-traditionnelle-du-crr-de-limoges-oc","9":"pa_editeur-la-trad-bande-oc","10":"pa_langue-occitan-lemosin-oc","11":"pa_langue-occitan-francais-oc","12":"entry","14":"first","15":"outofstock","16":"shipping-taxable","17":"purchasable","18":"product-type-simple"},"acf":[],"_links":{"self":[{"href":"https:\/\/www.libraria-occitana.org\/oc\/wp-json\/wp\/v2\/product\/29456","targetHints":{"allow":["GET"]}}],"collection":[{"href":"https:\/\/www.libraria-occitana.org\/oc\/wp-json\/wp\/v2\/product"}],"about":[{"href":"https:\/\/www.libraria-occitana.org\/oc\/wp-json\/wp\/v2\/types\/product"}],"wp:featuredmedia":[{"embeddable":true,"href":"https:\/\/www.libraria-occitana.org\/oc\/wp-json\/wp\/v2\/media\/29454"}],"wp:attachment":[{"href":"https:\/\/www.libraria-occitana.org\/oc\/wp-json\/wp\/v2\/media?parent=29456"}],"wp:term":[{"taxonomy":"product_brand","embeddable":true,"href":"https:\/\/www.libraria-occitana.org\/oc\/wp-json\/wp\/v2\/product_brand?post=29456"},{"taxonomy":"product_cat","embeddable":true,"href":"https:\/\/www.libraria-occitana.org\/oc\/wp-json\/wp\/v2\/product_cat?post=29456"},{"taxonomy":"product_tag","embeddable":true,"href":"https:\/\/www.libraria-occitana.org\/oc\/wp-json\/wp\/v2\/product_tag?post=29456"}],"curies":[{"name":"wp","href":"https:\/\/api.w.org\/{rel}","templated":true}]}}