{"id":29565,"date":"2016-09-01T18:21:55","date_gmt":"2016-09-01T17:21:55","guid":{"rendered":"http:\/\/www.libraria-occitana.org\/all-products\/alienor-daquitaine?lang=oc"},"modified":"2026-04-25T20:41:51","modified_gmt":"2026-04-25T18:41:51","slug":"alienor-daquitaine","status":"publish","type":"product","link":"https:\/\/www.libraria-occitana.org\/oc\/produch\/alienor-daquitaine\/","title":{"rendered":"Ali\u00e9nor d&#8217;Aquitaine"},"content":{"rendered":"<p>La chronique scandaleuse s&#8217;est empar\u00e9e tr\u00e8s t\u00f4t du personnage d&#8217;Ali\u00e9nor d&#8217;Aquitaine. Les Fran\u00e7ais ne lui auraient-ils pas gard\u00e9 rancune d&#8217;avoir abandonn\u00e9 la couronne de France pour celle d&#8217;Angleterre ? Cette r\u00e9putation f\u00e2cheuse masque une personnalit\u00e9 f\u00e9minine hors pair.<br \/>\nAdmirablement attentive \u00e0 son temps, toujours pr\u00eate \u00e0 faire face aux situations de crise, elle se montra capable d&#8217;organiser la d\u00e9fense d&#8217;une forteresse, d&#8217;administrer non seulement son duch\u00e9, mais tout un royaume, et de pr\u00e9voir l&#8217;importance qu&#8217;allait prendre, au XIIIe si\u00e8cle, la bourgeoisie des villes.<br \/>\nUn livre remarquable, couronn\u00e9 par le Grand Prix litt\u00e9raire de la Ville de Bordeaux et par le Prix Historia.<\/p>\n","protected":false},"excerpt":{"rendered":"<p>La chronique scandaleuse s&#8217;est empar\u00e9e tr\u00e8s t\u00f4t du personnage d&#8217;Ali\u00e9nor d&#8217;Aquitaine. Les Fran\u00e7ais ne lui auraient-ils pas gard\u00e9 rancune d&#8217;avoir abandonn\u00e9 la couronne de France pour celle d&#8217;Angleterre ? Cette r\u00e9putation f\u00e2cheuse masque une personnalit\u00e9 f\u00e9minine hors pair. Admirablement attentive \u00e0 son temps, toujours pr\u00eate \u00e0 faire face aux situations de crise, elle se montra [&hellip;]<\/p>\n","protected":false},"featured_media":29563,"template":"","meta":{"_acf_changed":false,"_genesis_hide_title":false,"_genesis_hide_breadcrumbs":false,"_genesis_hide_singular_image":false,"_genesis_hide_footer_widgets":false,"_genesis_custom_body_class":"","_genesis_custom_post_class":"","_genesis_layout":""},"product_brand":[],"product_cat":[7161,7149,7133],"product_tag":[],"class_list":{"0":"post-29565","1":"product","2":"type-product","3":"status-publish","4":"has-post-thumbnail","6":"product_cat-istoria-medievala-oc","7":"product_cat-istoria-geografia-oc","8":"product_cat-libres-oc","9":"pa_auteur-pernoud-regine-oc","10":"pa_editeur-albin-michel-oc","11":"pa_langue-francais-oc","12":"entry","14":"first","15":"instock","16":"shipping-taxable","17":"purchasable","18":"product-type-simple"},"acf":[],"_links":{"self":[{"href":"https:\/\/www.libraria-occitana.org\/oc\/wp-json\/wp\/v2\/product\/29565","targetHints":{"allow":["GET"]}}],"collection":[{"href":"https:\/\/www.libraria-occitana.org\/oc\/wp-json\/wp\/v2\/product"}],"about":[{"href":"https:\/\/www.libraria-occitana.org\/oc\/wp-json\/wp\/v2\/types\/product"}],"wp:featuredmedia":[{"embeddable":true,"href":"https:\/\/www.libraria-occitana.org\/oc\/wp-json\/wp\/v2\/media\/29563"}],"wp:attachment":[{"href":"https:\/\/www.libraria-occitana.org\/oc\/wp-json\/wp\/v2\/media?parent=29565"}],"wp:term":[{"taxonomy":"product_brand","embeddable":true,"href":"https:\/\/www.libraria-occitana.org\/oc\/wp-json\/wp\/v2\/product_brand?post=29565"},{"taxonomy":"product_cat","embeddable":true,"href":"https:\/\/www.libraria-occitana.org\/oc\/wp-json\/wp\/v2\/product_cat?post=29565"},{"taxonomy":"product_tag","embeddable":true,"href":"https:\/\/www.libraria-occitana.org\/oc\/wp-json\/wp\/v2\/product_tag?post=29565"}],"curies":[{"name":"wp","href":"https:\/\/api.w.org\/{rel}","templated":true}]}}