{"id":29577,"date":"2016-12-01T18:46:33","date_gmt":"2016-12-01T17:46:33","guid":{"rendered":"http:\/\/www.libraria-occitana.org\/all-products\/moko?lang=oc"},"modified":"2026-04-25T06:02:06","modified_gmt":"2026-04-25T04:02:06","slug":"moko","status":"publish","type":"product","link":"https:\/\/www.libraria-occitana.org\/oc\/produch\/moko\/","title":{"rendered":"Moko"},"content":{"rendered":"<p>Entre mystique carnavalesque et pri\u00e8re pa\u00efenne, Dj\u00e9 Bal\u00e8ti lorgne toujours plus loin vers l\u2019Afrique via une M\u00e9diterran\u00e9e r\u00e9invent\u00e9e, le trio toulousain mariant les riffs chamaniques de l\u2019espina, instrument ni\u00e7ois red\u00e9couvert par J\u00e9r\u00e9my Couraut, aux rythmes ch\u00e2abis, \u00e0 la tarentelle ou au highlife, dans une transe fusionnelle furieusement primitive. Un mix d\u00e9tonnant qui ouvre la voie \u00e0 une exp\u00e9rience musicale in\u00e9dite.<\/p>\n<p><strong>Titres :<\/strong><br \/>\n1. Manda lo bat\u00e8u 5&#8217;02<br \/>\n2. Moko bal\u00e8ti 3&#8217;12<br \/>\n3. Destartavelat 3&#8217;19<br \/>\n4. Cornu 4&#8217;10<br \/>\n5. Elvis Camping 3&#8217;04<br \/>\n6. Luna nova 4&#8217;16<br \/>\n7. Lo cogordon 3&#8217;57<br \/>\n8. Blanc, bleu, rouge 3&#8217;54<br \/>\n9. Deux vieux 3&#8217;19<br \/>\n10. G\u00e2t\u00e9 5&#8217;58<br \/>\n11. L&#8217;Aragonaise 2&#8217;45<br \/>\n12. Art\u00e9mis 3&#8217;03<\/p>\n","protected":false},"excerpt":{"rendered":"<p>Entre mystique carnavalesque et pri\u00e8re pa\u00efenne, Dj\u00e9 Bal\u00e8ti lorgne toujours plus loin vers l\u2019Afrique via une M\u00e9diterran\u00e9e r\u00e9invent\u00e9e, le trio toulousain mariant les riffs chamaniques de l\u2019espina, instrument ni\u00e7ois red\u00e9couvert par J\u00e9r\u00e9my Couraut, aux rythmes ch\u00e2abis, \u00e0 la tarentelle ou au highlife, dans une transe fusionnelle furieusement primitive. Un mix d\u00e9tonnant qui ouvre la voie [&hellip;]<\/p>\n","protected":false},"featured_media":29575,"template":"","meta":{"_acf_changed":false,"_genesis_hide_title":false,"_genesis_hide_breadcrumbs":false,"_genesis_hide_singular_image":false,"_genesis_hide_footer_widgets":false,"_genesis_custom_body_class":"","_genesis_custom_post_class":"","_genesis_layout":""},"product_brand":[],"product_cat":[16683,7233],"product_tag":[],"class_list":{"0":"post-29577","1":"product","2":"type-product","3":"status-publish","4":"has-post-thumbnail","6":"product_cat-musica-oc","7":"product_cat-roc-pop-oc","8":"pa_auteur-dje-baleti-oc","9":"pa_editeur-sirventes-oc","10":"pa_langue-francais-oc","11":"pa_langue-occitan-oc","12":"pa_langue-occitan-provencau-oc","13":"entry","15":"first","16":"instock","17":"shipping-taxable","18":"purchasable","19":"product-type-simple"},"acf":[],"_links":{"self":[{"href":"https:\/\/www.libraria-occitana.org\/oc\/wp-json\/wp\/v2\/product\/29577","targetHints":{"allow":["GET"]}}],"collection":[{"href":"https:\/\/www.libraria-occitana.org\/oc\/wp-json\/wp\/v2\/product"}],"about":[{"href":"https:\/\/www.libraria-occitana.org\/oc\/wp-json\/wp\/v2\/types\/product"}],"wp:featuredmedia":[{"embeddable":true,"href":"https:\/\/www.libraria-occitana.org\/oc\/wp-json\/wp\/v2\/media\/29575"}],"wp:attachment":[{"href":"https:\/\/www.libraria-occitana.org\/oc\/wp-json\/wp\/v2\/media?parent=29577"}],"wp:term":[{"taxonomy":"product_brand","embeddable":true,"href":"https:\/\/www.libraria-occitana.org\/oc\/wp-json\/wp\/v2\/product_brand?post=29577"},{"taxonomy":"product_cat","embeddable":true,"href":"https:\/\/www.libraria-occitana.org\/oc\/wp-json\/wp\/v2\/product_cat?post=29577"},{"taxonomy":"product_tag","embeddable":true,"href":"https:\/\/www.libraria-occitana.org\/oc\/wp-json\/wp\/v2\/product_tag?post=29577"}],"curies":[{"name":"wp","href":"https:\/\/api.w.org\/{rel}","templated":true}]}}