{"id":29608,"date":"1999-06-01T14:15:15","date_gmt":"1999-06-01T12:15:15","guid":{"rendered":"http:\/\/www.libraria-occitana.org\/all-products\/la-lecon-de-nerac-du-bartas-et-les-poetes-occitans-1550-1650?lang=oc"},"modified":"2026-04-25T23:31:45","modified_gmt":"2026-04-25T21:31:45","slug":"la-lecon-de-nerac-du-bartas-et-les-poetes-occitans-1550-1650","status":"publish","type":"product","link":"https:\/\/www.libraria-occitana.org\/oc\/produch\/la-lecon-de-nerac-du-bartas-et-les-poetes-occitans-1550-1650\/","title":{"rendered":"La Le\u00e7on de N\u00e9rac : Du Bartas et les po\u00e8tes occitans (1550-1650)"},"content":{"rendered":"<p>Du Bartas a repris l&#8217;argumentaire formul\u00e9 par Pey de Garros dans ses <em>Poesias gasconas<\/em> (1567). C&#8217;est ce fil rouge de l&#8217;\u00e9criture occitane au si\u00e8cle de Du Bartas que suit Philippe Gardy, en amont (la \u00ab joyeuse \u00bb\u00a0production toulousaine de la premi\u00e8re moiti\u00e9 du XVIe si\u00e8cle) comme en aval (Ader, Larade, Godolin, Dastros, Du Pr\u00e9), renouvelant la compr\u00e9hension qu&#8217;on pouvait avoir jusque l\u00e0 de ce moment-cl\u00e9 de la litt\u00e9rature occitane et de ses rapports avec la litt\u00e9rature fran\u00e7aise.<\/p>\n","protected":false},"excerpt":{"rendered":"<p>Du Bartas a repris l&#8217;argumentaire formul\u00e9 par Pey de Garros dans ses Poesias gasconas (1567). C&#8217;est ce fil rouge de l&#8217;\u00e9criture occitane au si\u00e8cle de Du Bartas que suit Philippe Gardy, en amont (la \u00ab joyeuse \u00bb\u00a0production toulousaine de la premi\u00e8re moiti\u00e9 du XVIe si\u00e8cle) comme en aval (Ader, Larade, Godolin, Dastros, Du Pr\u00e9), renouvelant [&hellip;]<\/p>\n","protected":false},"featured_media":29606,"template":"","meta":{"_acf_changed":false,"_genesis_hide_title":false,"_genesis_hide_breadcrumbs":false,"_genesis_hide_singular_image":false,"_genesis_hide_footer_widgets":false,"_genesis_custom_body_class":"","_genesis_custom_post_class":"","_genesis_layout":""},"product_brand":[],"product_cat":[7189,7133,7175],"product_tag":[],"class_list":{"0":"post-29608","1":"product","2":"type-product","3":"status-publish","4":"has-post-thumbnail","6":"product_cat-estudis-literaris-oc","7":"product_cat-libres-oc","8":"product_cat-literatura-oc","9":"pa_auteur-gardy-philippe-oc","10":"pa_editeur-pu-bordeaux-oc","11":"pa_langue-francais-oc","12":"entry","14":"first","15":"outofstock","16":"sold-individually","17":"shipping-taxable","18":"purchasable","19":"product-type-simple"},"acf":[],"_links":{"self":[{"href":"https:\/\/www.libraria-occitana.org\/oc\/wp-json\/wp\/v2\/product\/29608","targetHints":{"allow":["GET"]}}],"collection":[{"href":"https:\/\/www.libraria-occitana.org\/oc\/wp-json\/wp\/v2\/product"}],"about":[{"href":"https:\/\/www.libraria-occitana.org\/oc\/wp-json\/wp\/v2\/types\/product"}],"wp:featuredmedia":[{"embeddable":true,"href":"https:\/\/www.libraria-occitana.org\/oc\/wp-json\/wp\/v2\/media\/29606"}],"wp:attachment":[{"href":"https:\/\/www.libraria-occitana.org\/oc\/wp-json\/wp\/v2\/media?parent=29608"}],"wp:term":[{"taxonomy":"product_brand","embeddable":true,"href":"https:\/\/www.libraria-occitana.org\/oc\/wp-json\/wp\/v2\/product_brand?post=29608"},{"taxonomy":"product_cat","embeddable":true,"href":"https:\/\/www.libraria-occitana.org\/oc\/wp-json\/wp\/v2\/product_cat?post=29608"},{"taxonomy":"product_tag","embeddable":true,"href":"https:\/\/www.libraria-occitana.org\/oc\/wp-json\/wp\/v2\/product_tag?post=29608"}],"curies":[{"name":"wp","href":"https:\/\/api.w.org\/{rel}","templated":true}]}}