{"id":29616,"date":"2016-12-03T17:36:44","date_gmt":"2016-12-03T16:36:44","guid":{"rendered":"http:\/\/www.libraria-occitana.org\/all-products\/terras-comunas-terres-communes?lang=oc"},"modified":"2026-04-15T03:56:18","modified_gmt":"2026-04-15T01:56:18","slug":"terras-comunas-terres-communes","status":"publish","type":"product","link":"https:\/\/www.libraria-occitana.org\/oc\/produch\/terras-comunas-terres-communes\/","title":{"rendered":"Terras comunas &#8211; Terres communes"},"content":{"rendered":"<p>Tot dau long dau segle 19, daus pitits paisans paubres quiteren la Montanha per \u2018nar bastir daus barris entiers de Par\u00eds o de Lion. Los \u2018peleren los ma\u00e7ons de la Cruesa.<br \/>\nA la mesma ep\u00f2ca, d\u2019autres partigueren coma boschairons o sejaires dins los b\u00f2scs de las Lanas o de Charanta.<\/p>\n<p>Torneren dins lo pa\u00eds de lors reires emb los quauques s\u00f2us que s\u2019avian ganhat e subretot de las eid\u00e9ias novelas, \u2018trapadas sus los chantiers coma los autres obriers : solidaritat, ajuda, lucha de las classas, egalitat, partatge. Fagueren eisir \u00e7\u00f2 qu\u2019un \u2018pela a\u00fcei lo \u00ab comunisme rurau \u00bb e que dem\u00f2ra \u2018na valor f\u00f2rta dins \u2018quela partida dau Lemosin.<\/p>\n<p>Merc\u00e8s a mai d\u2019un tesmonhatges diferents, en occitan e en franc\u00e9s, sus \u2018quela tradicion que viu, n\u2019um veu que los eveniments istorics que son \u2018ribats apres : prumiera guerra mondiala, movements de resist\u00e9ncia pendent la segonda, ex\u00f2de rurau, guerra d\u2019Argeria, etc\u2026 an pres sus \u2018queu territ\u00f2ri un torn particulier.<\/p>\n<p>A\u00fcei una j\u00f2una generacion a pres la releva dau movement. Autorn dau borg de Tarnac e de son espi\u00e7ari\u00e1, quauqua ren de noveu es \u2018trapat d\u2019espelir per far viure d\u2019un autre biais \u2018quela Utopia generosa.<\/p>\n<p>Documentari en occitan jostitolat en franc\u00e9s.<\/p>\n","protected":false},"excerpt":{"rendered":"<p>Tot dau long dau segle 19, daus pitits paisans paubres quiteren la Montanha per \u2018nar bastir daus barris entiers de Par\u00eds o de Lion. Los \u2018peleren los ma\u00e7ons de la Cruesa. A la mesma ep\u00f2ca, d\u2019autres partigueren coma boschairons o sejaires dins los b\u00f2scs de las Lanas o de Charanta. Torneren dins lo pa\u00eds de [&hellip;]<\/p>\n","protected":false},"featured_media":29614,"template":"","meta":{"_acf_changed":false,"_genesis_hide_title":false,"_genesis_hide_breadcrumbs":false,"_genesis_hide_singular_image":false,"_genesis_hide_footer_widgets":false,"_genesis_custom_body_class":"","_genesis_custom_post_class":"","_genesis_layout":""},"product_brand":[],"product_cat":[7242,7240],"product_tag":[],"class_list":{"0":"post-29616","1":"product","2":"type-product","3":"status-publish","4":"has-post-thumbnail","6":"product_cat-documentari-oc","7":"product_cat-video-oc","8":"pa_auteur-ieo-lemosin-fr-oc","9":"pa_editeur-ieo-lemosin-oc","10":"pa_langue-occitan-lemosin-oc","11":"pa_langue-occitan-francais-oc","12":"entry","14":"first","15":"outofstock","16":"shipping-taxable","17":"purchasable","18":"product-type-simple"},"acf":[],"_links":{"self":[{"href":"https:\/\/www.libraria-occitana.org\/oc\/wp-json\/wp\/v2\/product\/29616","targetHints":{"allow":["GET"]}}],"collection":[{"href":"https:\/\/www.libraria-occitana.org\/oc\/wp-json\/wp\/v2\/product"}],"about":[{"href":"https:\/\/www.libraria-occitana.org\/oc\/wp-json\/wp\/v2\/types\/product"}],"wp:featuredmedia":[{"embeddable":true,"href":"https:\/\/www.libraria-occitana.org\/oc\/wp-json\/wp\/v2\/media\/29614"}],"wp:attachment":[{"href":"https:\/\/www.libraria-occitana.org\/oc\/wp-json\/wp\/v2\/media?parent=29616"}],"wp:term":[{"taxonomy":"product_brand","embeddable":true,"href":"https:\/\/www.libraria-occitana.org\/oc\/wp-json\/wp\/v2\/product_brand?post=29616"},{"taxonomy":"product_cat","embeddable":true,"href":"https:\/\/www.libraria-occitana.org\/oc\/wp-json\/wp\/v2\/product_cat?post=29616"},{"taxonomy":"product_tag","embeddable":true,"href":"https:\/\/www.libraria-occitana.org\/oc\/wp-json\/wp\/v2\/product_tag?post=29616"}],"curies":[{"name":"wp","href":"https:\/\/api.w.org\/{rel}","templated":true}]}}