{"id":29628,"date":"2009-08-09T18:07:35","date_gmt":"2009-08-09T17:07:35","guid":{"rendered":"http:\/\/www.libraria-occitana.org\/all-products\/le-bucher-de-montsegur-16-mars-1244?lang=oc"},"modified":"2026-04-17T20:06:39","modified_gmt":"2026-04-17T18:06:39","slug":"le-bucher-de-montsegur-16-mars-1244","status":"publish","type":"product","link":"https:\/\/www.libraria-occitana.org\/oc\/produch\/le-bucher-de-montsegur-16-mars-1244\/","title":{"rendered":"Le b\u00fbcher de Monts\u00e9gur : 16 mars 1244"},"content":{"rendered":"<p>En ce temps-l\u00e0 le Languedoc \u00e9tait pour l&#8217;\u00c9glise un danger : ses chefs y tol\u00e9raient la religion cathare. Pour la France du Nord et la monarchie cap\u00e9tienne, cette province riche, jalouse de son ind\u00e9pendance et de sa culture, mais d\u00e9sunie, \u00e9tait une proie convoit\u00e9e.<br \/>\nQuand le pape Innocent III, en 1209, pr\u00eacha la croisade contre l&#8217;h\u00e9r\u00e9sie cathare, commen\u00e7a une longue guerre de conqu\u00eate : arm\u00e9es de crois\u00e9s, puis arm\u00e9es royales d\u00e9ferl\u00e8rent sur le Languedoc. Les efforts conjugu\u00e9s de la royaut\u00e9, de la Papaut\u00e9 et de l&#8217;Inquisition eurent raison de la r\u00e9sistance occitane.<br \/>\nLe 16 mars 1244, Monts\u00e9gur, dernier sanctuaire du catharisme, tombait apr\u00e8s un si\u00e8ge de dix mois. Dans une Occitanie annex\u00e9e \u00e0 la couronne, il n&#8217;y eut plus de tentative de r\u00e9volte religieuse ni nationale.<\/p>\n","protected":false},"excerpt":{"rendered":"<p>En ce temps-l\u00e0 le Languedoc \u00e9tait pour l&#8217;\u00c9glise un danger : ses chefs y tol\u00e9raient la religion cathare. Pour la France du Nord et la monarchie cap\u00e9tienne, cette province riche, jalouse de son ind\u00e9pendance et de sa culture, mais d\u00e9sunie, \u00e9tait une proie convoit\u00e9e. Quand le pape Innocent III, en 1209, pr\u00eacha la croisade contre [&hellip;]<\/p>\n","protected":false},"featured_media":29626,"template":"","meta":{"_acf_changed":false,"_genesis_hide_title":false,"_genesis_hide_breadcrumbs":false,"_genesis_hide_singular_image":false,"_genesis_hide_footer_widgets":false,"_genesis_custom_body_class":"","_genesis_custom_post_class":"","_genesis_layout":""},"product_brand":[],"product_cat":[7161,7149,7133],"product_tag":[],"class_list":{"0":"post-29628","1":"product","2":"type-product","3":"status-publish","4":"has-post-thumbnail","6":"product_cat-istoria-medievala-oc","7":"product_cat-istoria-geografia-oc","8":"product_cat-libres-oc","9":"pa_auteur-oldenburg-zoe-oc","10":"pa_editeur-gallimard-oc","11":"pa_langue-francais-oc","12":"entry","14":"first","15":"instock","16":"shipping-taxable","17":"purchasable","18":"product-type-simple"},"acf":[],"_links":{"self":[{"href":"https:\/\/www.libraria-occitana.org\/oc\/wp-json\/wp\/v2\/product\/29628","targetHints":{"allow":["GET"]}}],"collection":[{"href":"https:\/\/www.libraria-occitana.org\/oc\/wp-json\/wp\/v2\/product"}],"about":[{"href":"https:\/\/www.libraria-occitana.org\/oc\/wp-json\/wp\/v2\/types\/product"}],"wp:featuredmedia":[{"embeddable":true,"href":"https:\/\/www.libraria-occitana.org\/oc\/wp-json\/wp\/v2\/media\/29626"}],"wp:attachment":[{"href":"https:\/\/www.libraria-occitana.org\/oc\/wp-json\/wp\/v2\/media?parent=29628"}],"wp:term":[{"taxonomy":"product_brand","embeddable":true,"href":"https:\/\/www.libraria-occitana.org\/oc\/wp-json\/wp\/v2\/product_brand?post=29628"},{"taxonomy":"product_cat","embeddable":true,"href":"https:\/\/www.libraria-occitana.org\/oc\/wp-json\/wp\/v2\/product_cat?post=29628"},{"taxonomy":"product_tag","embeddable":true,"href":"https:\/\/www.libraria-occitana.org\/oc\/wp-json\/wp\/v2\/product_tag?post=29628"}],"curies":[{"name":"wp","href":"https:\/\/api.w.org\/{rel}","templated":true}]}}