{"id":29643,"date":"2016-12-31T18:54:50","date_gmt":"2016-12-31T17:54:50","guid":{"rendered":"http:\/\/www.libraria-occitana.org\/all-products\/cancons-pels-enfants?lang=oc"},"modified":"2025-03-09T00:12:13","modified_gmt":"2025-03-08T23:12:13","slug":"cancons-pels-enfants","status":"publish","type":"product","link":"https:\/\/www.libraria-occitana.org\/oc\/produch\/cancons-pels-enfants\/","title":{"rendered":"Can\u00e7ons pels enfants"},"content":{"rendered":"<p><strong>Arnaud Cance :<\/strong> Percussions, cant<br \/>\n<strong>Paulin Cortial :<\/strong> Guitarras, bassa, percussions, cant<br \/>\n<strong>Joan-Lo\u00eds Cortial :<\/strong> Acordeon, clavi\u00e8rs pichons, cant<\/p>\n<p>P\u00f2mpogoD\u00f2m c&#8217;est des chansons de cr\u00e9ation en occitan pour les enfants.<br \/>\n14 chansons que tu \u00e9coutes et le CD tourne en boucle dans ta maison, dans ta voiture : tout le monde chante. Elles sont (ou paraissent) si simples, ces chansons. En tout cas elles sont contagieuses. Et tout le monde apprend l\u2019occitan, en chanson, en retrouvant une \u00e2me d\u2019enfant.<\/p>\n<p>\u00ab La pant\u00e8ra en col\u00e8ra, al leon v\u00f2l far la gu\u00e8rra\u2026 Lo tractor per la campanha s\u2019avan\u00e7ava dapasset\u2026 A la mar quand fa solelh i te carras tot plen\u2026 Plica placa plica pl\u00f2c, es la plu\u00e8ja que tomba pl\u00f2c\u2026 \u00bb<\/p>\n<p>Le livret int\u00e9rieur contient les textes en occitan et une introduction en fran\u00e7ais.<\/p>\n<p><strong>Titres :<\/strong><br \/>\n1. Per la fen\u00e8stra 2&#8217;28<br \/>\n2. Plica placa la plu\u00e8ja 2&#8217;44<br \/>\n3. F\u00f2rmas 3&#8217;20<br \/>\n4. La lei de la jungla 4&#8217;24<br \/>\n5. La mosca rabalaira 3&#8217;00<br \/>\n6. Lo tractor per la campanha 3&#8217;42<br \/>\n7. La bicicleta 4&#8217;00<br \/>\n8. Lo reipetit 4&#8217;36<br \/>\n9. Per dan\u00e7ar la polc\u00e0 5&#8217;33<br \/>\n10. La sopa 4&#8217;58<br \/>\n11. Lo cat e la mirgueta 3&#8217;38<br \/>\n12. A la mar 3&#8217;58<br \/>\n13. Borr\u00e8ia de las colors 3&#8217;41<br \/>\n14. Pan e vida 3&#8217;49<\/p>\n","protected":false},"excerpt":{"rendered":"<p>Arnaud Cance : Percussions, cant Paulin Cortial : Guitarras, bassa, percussions, cant Joan-Lo\u00eds Cortial : Acordeon, clavi\u00e8rs pichons, cant P\u00f2mpogoD\u00f2m c&#8217;est des chansons de cr\u00e9ation en occitan pour les enfants. 14 chansons que tu \u00e9coutes et le CD tourne en boucle dans ta maison, dans ta voiture : tout le monde chante. Elles sont (ou [&hellip;]<\/p>\n","protected":false},"featured_media":29641,"template":"","meta":{"_acf_changed":false,"_genesis_hide_title":false,"_genesis_hide_breadcrumbs":false,"_genesis_hide_singular_image":false,"_genesis_hide_footer_widgets":false,"_genesis_custom_body_class":"","_genesis_custom_post_class":"","_genesis_layout":""},"product_brand":[],"product_cat":[7223,16683],"product_tag":[],"class_list":{"0":"post-29643","1":"product","2":"type-product","3":"status-publish","4":"has-post-thumbnail","6":"product_cat-jounessa-oc","7":"product_cat-musica-oc","8":"pa_auteur-pompogodom-oc","9":"pa_editeur-cultures-musicales-oc","10":"pa_langue-occitan-oc","11":"pa_langue-occitan-lengadocian-oc","12":"entry","14":"first","15":"outofstock","16":"shipping-taxable","17":"purchasable","18":"product-type-simple"},"acf":[],"_links":{"self":[{"href":"https:\/\/www.libraria-occitana.org\/oc\/wp-json\/wp\/v2\/product\/29643","targetHints":{"allow":["GET"]}}],"collection":[{"href":"https:\/\/www.libraria-occitana.org\/oc\/wp-json\/wp\/v2\/product"}],"about":[{"href":"https:\/\/www.libraria-occitana.org\/oc\/wp-json\/wp\/v2\/types\/product"}],"wp:featuredmedia":[{"embeddable":true,"href":"https:\/\/www.libraria-occitana.org\/oc\/wp-json\/wp\/v2\/media\/29641"}],"wp:attachment":[{"href":"https:\/\/www.libraria-occitana.org\/oc\/wp-json\/wp\/v2\/media?parent=29643"}],"wp:term":[{"taxonomy":"product_brand","embeddable":true,"href":"https:\/\/www.libraria-occitana.org\/oc\/wp-json\/wp\/v2\/product_brand?post=29643"},{"taxonomy":"product_cat","embeddable":true,"href":"https:\/\/www.libraria-occitana.org\/oc\/wp-json\/wp\/v2\/product_cat?post=29643"},{"taxonomy":"product_tag","embeddable":true,"href":"https:\/\/www.libraria-occitana.org\/oc\/wp-json\/wp\/v2\/product_tag?post=29643"}],"curies":[{"name":"wp","href":"https:\/\/api.w.org\/{rel}","templated":true}]}}