{"id":29648,"date":"2008-04-02T19:52:55","date_gmt":"2008-04-02T18:52:55","guid":{"rendered":"http:\/\/www.libraria-occitana.org\/all-products\/poemas-de-prosa-poemes-en-prose?lang=oc"},"modified":"2026-04-12T21:52:03","modified_gmt":"2026-04-12T19:52:03","slug":"poemas-de-prosa-poemes-en-prose","status":"publish","type":"product","link":"https:\/\/www.libraria-occitana.org\/oc\/produch\/poemas-de-prosa-poemes-en-prose\/","title":{"rendered":"Po\u00e8mas de pr\u00f2sa &#8211; Po\u00e8mes en prose"},"content":{"rendered":"<p>\u00ab Cette paix s\u00e9culaire. Cette paix de mille ans. Et m\u00eame plus. Qui se berce doucement dans la vague molle. Qui se r\u00e9chauffe au matin. Qui s\u2019assoupit \u00e0 la torpeur de l\u2019apr\u00e8s-midi. Et qui \u00e9coute, la nuit, dans les pins, chanter le rossignol et les cris des paons r\u00e9veill\u00e9s. R\u00e9veill\u00e9s par l\u2019antique peur descendue au long des si\u00e8cles dans leurs veines. Celle de toute l\u2019esp\u00e8ce, dans les vall\u00e9es du temps. Et qui n\u2019oublie pas de se r\u00e9veiller chaque nuit.<br \/>\nCette paix de Maguelone, o\u00f9 l\u2019enfant de la nuit joue \u00e0 faire glisser le sable dans sa paume. Comme s\u2019il \u00e9tait, lui, le sablier de l\u2019histoire. \u00bb<\/p>\n<p>\u00c9crits pour la plupart entre 2000 et 2005 (date de la mort de l\u2019\u00e9crivain), ces <em>Po\u00e8mes en prose<\/em> commencent presque toujours comme des notes jet\u00e9es sur la papier, mais ils se transforment aussit\u00f4t en tableaux vertigineux, dont les perspectives, \u00e0 peine sugg\u00e9r\u00e9es, ouvrent grand sur les myst\u00e8res et les enchantements d\u2019un monde dont on ne soup\u00e7onnait gu\u00e8re l\u2019existence, et plus encore la pr\u00e9sence, invisible mais bien r\u00e9elle, \u00e0 nos c\u00f4t\u00e9s. Rouquette, comme dans le reste de son \u0153uvre, est ici un incomparable d\u00e9chiffreur. Ses capacit\u00e9s \u00e0 comprendre le secret des choses et des \u00eatres autour de lui se transforment imm\u00e9diatement en images et en musiques qui nous mettent de plain-pied avec ce qu\u2019il a vu et ressenti, et dont il a su restituer la force et la profondeur.<\/p>\n","protected":false},"excerpt":{"rendered":"<p>\u00ab Cette paix s\u00e9culaire. Cette paix de mille ans. Et m\u00eame plus. Qui se berce doucement dans la vague molle. Qui se r\u00e9chauffe au matin. Qui s\u2019assoupit \u00e0 la torpeur de l\u2019apr\u00e8s-midi. Et qui \u00e9coute, la nuit, dans les pins, chanter le rossignol et les cris des paons r\u00e9veill\u00e9s. R\u00e9veill\u00e9s par l\u2019antique peur descendue au [&hellip;]<\/p>\n","protected":false},"featured_media":29646,"template":"","meta":{"_acf_changed":false,"_genesis_hide_title":false,"_genesis_hide_breadcrumbs":false,"_genesis_hide_singular_image":false,"_genesis_hide_footer_widgets":false,"_genesis_custom_body_class":"","_genesis_custom_post_class":"","_genesis_layout":""},"product_brand":[],"product_cat":[7133,7175,7181],"product_tag":[],"class_list":{"0":"post-29648","1":"product","2":"type-product","3":"status-publish","4":"has-post-thumbnail","6":"product_cat-libres-oc","7":"product_cat-literatura-oc","8":"product_cat-poesia-oc","9":"pa_auteur-roqueta-max-oc","10":"pa_editeur-federop-oc","11":"pa_langue-occitan-lengadocian-oc","12":"pa_langue-occitan-francais-oc","13":"entry","15":"first","16":"outofstock","17":"sold-individually","18":"shipping-taxable","19":"purchasable","20":"product-type-simple"},"acf":[],"_links":{"self":[{"href":"https:\/\/www.libraria-occitana.org\/oc\/wp-json\/wp\/v2\/product\/29648","targetHints":{"allow":["GET"]}}],"collection":[{"href":"https:\/\/www.libraria-occitana.org\/oc\/wp-json\/wp\/v2\/product"}],"about":[{"href":"https:\/\/www.libraria-occitana.org\/oc\/wp-json\/wp\/v2\/types\/product"}],"wp:featuredmedia":[{"embeddable":true,"href":"https:\/\/www.libraria-occitana.org\/oc\/wp-json\/wp\/v2\/media\/29646"}],"wp:attachment":[{"href":"https:\/\/www.libraria-occitana.org\/oc\/wp-json\/wp\/v2\/media?parent=29648"}],"wp:term":[{"taxonomy":"product_brand","embeddable":true,"href":"https:\/\/www.libraria-occitana.org\/oc\/wp-json\/wp\/v2\/product_brand?post=29648"},{"taxonomy":"product_cat","embeddable":true,"href":"https:\/\/www.libraria-occitana.org\/oc\/wp-json\/wp\/v2\/product_cat?post=29648"},{"taxonomy":"product_tag","embeddable":true,"href":"https:\/\/www.libraria-occitana.org\/oc\/wp-json\/wp\/v2\/product_tag?post=29648"}],"curies":[{"name":"wp","href":"https:\/\/api.w.org\/{rel}","templated":true}]}}