{"id":29683,"date":"2014-08-23T07:00:28","date_gmt":"2014-08-23T06:00:28","guid":{"rendered":"http:\/\/www.libraria-occitana.org\/all-products\/flamenca?lang=oc"},"modified":"2026-04-29T10:06:32","modified_gmt":"2026-04-29T08:06:32","slug":"flamenca","status":"publish","type":"product","link":"https:\/\/www.libraria-occitana.org\/oc\/produch\/flamenca\/","title":{"rendered":"Flamenca"},"content":{"rendered":"<p>Joyau de la litt\u00e9rature d\u2019oc m\u00e9di\u00e9vale d\u00e9clinante, le r\u00e9cit de <em>Flamenca<\/em> a \u00e9t\u00e9 lu tant\u00f4t comme un roman historique, tant\u00f4t comme un art d\u2019aimer, tant\u00f4t comme la pr\u00e9figuration du roman psychologique. Large amplification narrative des <em>castia gilos<\/em> (ch\u00e2timents de jaloux) ant\u00e9rieurs, l\u2019\u0153uvre analyse les tortures qu\u2019endure et fait endurer \u00e0 son entourage un mari injustement jaloux, qui, en s\u00e9questrant sa femme dans une tour, met en place, \u00e0 son insu, toutes les conditions propices \u00e0 l\u2019av\u00e8nement de ce qu\u2019il redoute.<br \/>\nCette intrigue accorde une place in\u00e9dite \u00e0 l\u2019introspection et se nourrit plus subtilement d\u2019une vaste culture litt\u00e9raire qu\u2019elle renouvelle en la pr\u00eatant \u00e0 ses personnages.<br \/>\nElle est aussi pr\u00e9texte \u00e0 une mise en sc\u00e8ne de la connaissance des lettres : n\u0153ud de la relation amoureuse, essentiel \u00e0 la courtoisie et \u00e0 la formation de l\u2019individu, l\u2019amour des lettres participe pleinement de la valeur intrins\u00e8que des \u00eatres en devenir, confront\u00e9s \u00e0 leur destin\u00e9e.<\/p>\n","protected":false},"excerpt":{"rendered":"<p>Joyau de la litt\u00e9rature d\u2019oc m\u00e9di\u00e9vale d\u00e9clinante, le r\u00e9cit de Flamenca a \u00e9t\u00e9 lu tant\u00f4t comme un roman historique, tant\u00f4t comme un art d\u2019aimer, tant\u00f4t comme la pr\u00e9figuration du roman psychologique. Large amplification narrative des castia gilos (ch\u00e2timents de jaloux) ant\u00e9rieurs, l\u2019\u0153uvre analyse les tortures qu\u2019endure et fait endurer \u00e0 son entourage un mari injustement [&hellip;]<\/p>\n","protected":false},"featured_media":29681,"template":"","meta":{"_acf_changed":false,"_genesis_hide_title":false,"_genesis_hide_breadcrumbs":false,"_genesis_hide_singular_image":false,"_genesis_hide_footer_widgets":false,"_genesis_custom_body_class":"","_genesis_custom_post_class":"","_genesis_layout":""},"product_brand":[],"product_cat":[7133,7175,7183],"product_tag":[],"class_list":{"0":"post-29683","1":"product","2":"type-product","3":"status-publish","4":"has-post-thumbnail","6":"product_cat-libres-oc","7":"product_cat-literatura-oc","8":"product_cat-romans-novelas-oc","9":"pa_auteur-anonime-oc","10":"pa_editeur-lgf-oc","11":"pa_langue-occitan-medievau-oc","12":"pa_langue-occitan-francais-oc","13":"entry","15":"first","16":"instock","17":"shipping-taxable","18":"purchasable","19":"product-type-simple"},"acf":[],"_links":{"self":[{"href":"https:\/\/www.libraria-occitana.org\/oc\/wp-json\/wp\/v2\/product\/29683","targetHints":{"allow":["GET"]}}],"collection":[{"href":"https:\/\/www.libraria-occitana.org\/oc\/wp-json\/wp\/v2\/product"}],"about":[{"href":"https:\/\/www.libraria-occitana.org\/oc\/wp-json\/wp\/v2\/types\/product"}],"wp:featuredmedia":[{"embeddable":true,"href":"https:\/\/www.libraria-occitana.org\/oc\/wp-json\/wp\/v2\/media\/29681"}],"wp:attachment":[{"href":"https:\/\/www.libraria-occitana.org\/oc\/wp-json\/wp\/v2\/media?parent=29683"}],"wp:term":[{"taxonomy":"product_brand","embeddable":true,"href":"https:\/\/www.libraria-occitana.org\/oc\/wp-json\/wp\/v2\/product_brand?post=29683"},{"taxonomy":"product_cat","embeddable":true,"href":"https:\/\/www.libraria-occitana.org\/oc\/wp-json\/wp\/v2\/product_cat?post=29683"},{"taxonomy":"product_tag","embeddable":true,"href":"https:\/\/www.libraria-occitana.org\/oc\/wp-json\/wp\/v2\/product_tag?post=29683"}],"curies":[{"name":"wp","href":"https:\/\/api.w.org\/{rel}","templated":true}]}}