{"id":29688,"date":"2008-10-10T16:14:54","date_gmt":"2008-10-10T15:14:54","guid":{"rendered":"http:\/\/www.libraria-occitana.org\/all-products\/la-chanson-occitane-1965-1997?lang=oc"},"modified":"2026-04-02T22:26:20","modified_gmt":"2026-04-02T20:26:20","slug":"la-chanson-occitane-1965-1997","status":"publish","type":"product","link":"https:\/\/www.libraria-occitana.org\/oc\/produch\/la-chanson-occitane-1965-1997\/","title":{"rendered":"La chanson occitane 1965-1997"},"content":{"rendered":"<p>Apparue discr\u00e8tement dans les ann\u00e9es 1960 comme auxiliaire de la po\u00e9sie, la chanson devient, apr\u00e8s Mai 68, avec des chanteurs comme Claude Marti, le vecteur le plus efficace de la revendication occitane, notamment lors des grandes manifestations du Larzac (1973-1974). Elle se pr\u00e9sente comme un outil politique destin\u00e9 \u00e0 forger une identit\u00e9, mais aussi \u00e0 recomposer des rapports sociaux et ren\u00e9gocier avec le pouvoir fran\u00e7ais le statut des langues et de cultures minoritaires.<br \/>\nLe <em>protest-song<\/em> recule ensuite au profit de la r\u00e9appropriation <em>folk<\/em> du r\u00e9pertoire populaire traditionnel par des musiciens mieux form\u00e9s, ayant souvent pratiqu\u00e9 le collectage et b\u00e9n\u00e9ficiant du soutien des nouvelles institutions culturelles.<br \/>\nSensible aux nouveaux courants musicaux (reggae, rap), une troisi\u00e8me vague, \u00e0 la fin des ann\u00e9es 1980, baptis\u00e9e par Claude Sicre \u00ab Ligne Imaginot \u00bb, en r\u00e9f\u00e9rence \u00e0 la r\u00e9flexion \u00e0 la fois anti-centraliste et anti-r\u00e9gionaliste de F\u00e9lix Castan, exprime le souci d&#8217;un ancrage social de sa pratique, tant \u00e0 Toulouse (les Fabulous Trobadors) qu&#8217;\u00e0 Marseille (Massilia Sound System) ou \u00e0 Nice, et s&#8217;emploie, en occitan et en fran\u00e7ais, \u00e0 inventer un nouveau folklore urbain, ferment de r\u00e9g\u00e9n\u00e9ration de la vie culturelle nationale.<\/p>\n","protected":false},"excerpt":{"rendered":"<p>Apparue discr\u00e8tement dans les ann\u00e9es 1960 comme auxiliaire de la po\u00e9sie, la chanson devient, apr\u00e8s Mai 68, avec des chanteurs comme Claude Marti, le vecteur le plus efficace de la revendication occitane, notamment lors des grandes manifestations du Larzac (1973-1974). Elle se pr\u00e9sente comme un outil politique destin\u00e9 \u00e0 forger une identit\u00e9, mais aussi \u00e0 [&hellip;]<\/p>\n","protected":false},"featured_media":29686,"template":"","meta":{"_acf_changed":false,"_genesis_hide_title":false,"_genesis_hide_breadcrumbs":false,"_genesis_hide_singular_image":false,"_genesis_hide_footer_widgets":false,"_genesis_custom_body_class":"","_genesis_custom_post_class":"","_genesis_layout":""},"product_brand":[],"product_cat":[7133,7191,7195],"product_tag":[],"class_list":{"0":"post-29688","1":"product","2":"type-product","3":"status-publish","4":"has-post-thumbnail","6":"product_cat-libres-oc","7":"product_cat-musica-danca-oc","8":"product_cat-estudis-oc","9":"pa_auteur-mazerolle-valerie-oc","10":"pa_editeur-pu-bordeaux-oc","11":"pa_langue-francais-oc","12":"entry","14":"first","15":"instock","16":"shipping-taxable","17":"purchasable","18":"product-type-simple"},"acf":[],"_links":{"self":[{"href":"https:\/\/www.libraria-occitana.org\/oc\/wp-json\/wp\/v2\/product\/29688","targetHints":{"allow":["GET"]}}],"collection":[{"href":"https:\/\/www.libraria-occitana.org\/oc\/wp-json\/wp\/v2\/product"}],"about":[{"href":"https:\/\/www.libraria-occitana.org\/oc\/wp-json\/wp\/v2\/types\/product"}],"wp:featuredmedia":[{"embeddable":true,"href":"https:\/\/www.libraria-occitana.org\/oc\/wp-json\/wp\/v2\/media\/29686"}],"wp:attachment":[{"href":"https:\/\/www.libraria-occitana.org\/oc\/wp-json\/wp\/v2\/media?parent=29688"}],"wp:term":[{"taxonomy":"product_brand","embeddable":true,"href":"https:\/\/www.libraria-occitana.org\/oc\/wp-json\/wp\/v2\/product_brand?post=29688"},{"taxonomy":"product_cat","embeddable":true,"href":"https:\/\/www.libraria-occitana.org\/oc\/wp-json\/wp\/v2\/product_cat?post=29688"},{"taxonomy":"product_tag","embeddable":true,"href":"https:\/\/www.libraria-occitana.org\/oc\/wp-json\/wp\/v2\/product_tag?post=29688"}],"curies":[{"name":"wp","href":"https:\/\/api.w.org\/{rel}","templated":true}]}}