{"id":29717,"date":"2011-08-10T17:32:55","date_gmt":"2011-08-10T16:32:55","guid":{"rendered":"http:\/\/www.libraria-occitana.org\/all-products\/corpus-des-emaux-meridionaux-tome-ii-lapogee-1190-1215?lang=oc"},"modified":"2026-04-25T22:01:35","modified_gmt":"2026-04-25T20:01:35","slug":"corpus-des-emaux-meridionaux-tome-ii-lapogee-1190-1215","status":"publish","type":"product","link":"https:\/\/www.libraria-occitana.org\/oc\/produch\/corpus-des-emaux-meridionaux-tome-ii-lapogee-1190-1215\/","title":{"rendered":"Corpus des \u00e9maux m\u00e9ridionaux tome II : L&#8217;apog\u00e9e 1190-1215 (libre + CD-Rom)"},"content":{"rendered":"<p>Ce deuxi\u00e8me volume du <em>Corpus des \u00e9maux m\u00e9ridionaux<\/em> regroupe les \u00e9maux limousins r\u00e9alis\u00e9s entre 1190 et 1215. Il est form\u00e9 d&#8217;un album illustr\u00e9, proposant une s\u00e9lection des notices des \u0153uvres les plus repr\u00e9sentatives, et d&#8217;un Cd-Rom, pr\u00e9sentant l&#8217;ensemble des informations concernant les huit cent cinquante-neuf notices du Corpus (\u0153uvres conserv\u00e9es dans les collections publiques et priv\u00e9es ou pass\u00e9es dans le commerce d&#8217;art international), accompagn\u00e9es d&#8217;environ mille sept cents illustrations en couleur et en noir et blanc.<br \/>\nLe Cd-Rom est compos\u00e9 d&#8217;une carte interactive, permettant de s\u00e9lectionner les notices selon le lieu de provenance ancienne des \u00e9maux ; de moteurs de recherche avanc\u00e9e, par chapitre ou par mots cl\u00e9s ; de liens directs aux r\u00e9f\u00e9rences bibliographiques des notices.<br \/>\nTel qu&#8217;il se pr\u00e9sente, sous l&#8217;\u00e9gide de Ma\u00eetre Alpais, ce deuxi\u00e8me volume du Corpus des \u00e9maux m\u00e9ridionaux a pour but essentiel d&#8217;apporter aux chercheurs et \u00e0 tous les admirateurs de l&#8217;\u0153uvre de Limoges une vue d&#8217;ensemble de la production limousine vers 1200, o\u00f9 des \u0153uvres c\u00e9l\u00e8bres c\u00f4toient des pi\u00e8ces peu connues et souvent in\u00e9dites.<\/p>\n","protected":false},"excerpt":{"rendered":"<p>Ce deuxi\u00e8me volume du Corpus des \u00e9maux m\u00e9ridionaux regroupe les \u00e9maux limousins r\u00e9alis\u00e9s entre 1190 et 1215. Il est form\u00e9 d&#8217;un album illustr\u00e9, proposant une s\u00e9lection des notices des \u0153uvres les plus repr\u00e9sentatives, et d&#8217;un Cd-Rom, pr\u00e9sentant l&#8217;ensemble des informations concernant les huit cent cinquante-neuf notices du Corpus (\u0153uvres conserv\u00e9es dans les collections publiques et [&hellip;]<\/p>\n","protected":false},"featured_media":29714,"template":"","meta":{"_acf_changed":false,"_genesis_hide_title":false,"_genesis_hide_breadcrumbs":false,"_genesis_hide_singular_image":false,"_genesis_hide_footer_widgets":false,"_genesis_custom_body_class":"","_genesis_custom_post_class":"","_genesis_layout":""},"product_brand":[],"product_cat":[7161],"product_tag":[],"class_list":{"0":"post-29717","1":"product","2":"type-product","3":"status-publish","4":"has-post-thumbnail","6":"product_cat-istoria-medievala-oc","7":"pa_auteur-antoine-elisabeth-oc","8":"pa_auteur-collectiu-oc-2","9":"pa_auteur-gauthier-marie-madeleine-oc","10":"pa_editeur-cths-oc","11":"pa_langue-francais-oc","12":"entry","14":"first","15":"outofstock","16":"shipping-taxable","17":"purchasable","18":"product-type-simple"},"acf":[],"_links":{"self":[{"href":"https:\/\/www.libraria-occitana.org\/oc\/wp-json\/wp\/v2\/product\/29717","targetHints":{"allow":["GET"]}}],"collection":[{"href":"https:\/\/www.libraria-occitana.org\/oc\/wp-json\/wp\/v2\/product"}],"about":[{"href":"https:\/\/www.libraria-occitana.org\/oc\/wp-json\/wp\/v2\/types\/product"}],"wp:featuredmedia":[{"embeddable":true,"href":"https:\/\/www.libraria-occitana.org\/oc\/wp-json\/wp\/v2\/media\/29714"}],"wp:attachment":[{"href":"https:\/\/www.libraria-occitana.org\/oc\/wp-json\/wp\/v2\/media?parent=29717"}],"wp:term":[{"taxonomy":"product_brand","embeddable":true,"href":"https:\/\/www.libraria-occitana.org\/oc\/wp-json\/wp\/v2\/product_brand?post=29717"},{"taxonomy":"product_cat","embeddable":true,"href":"https:\/\/www.libraria-occitana.org\/oc\/wp-json\/wp\/v2\/product_cat?post=29717"},{"taxonomy":"product_tag","embeddable":true,"href":"https:\/\/www.libraria-occitana.org\/oc\/wp-json\/wp\/v2\/product_tag?post=29717"}],"curies":[{"name":"wp","href":"https:\/\/api.w.org\/{rel}","templated":true}]}}