{"id":29724,"date":"2016-10-10T18:53:20","date_gmt":"2016-10-10T17:53:20","guid":{"rendered":"http:\/\/www.libraria-occitana.org\/all-products\/et-dailleurs?lang=oc"},"modified":"2025-03-09T00:34:07","modified_gmt":"2025-03-08T23:34:07","slug":"et-dailleurs","status":"publish","type":"product","link":"https:\/\/www.libraria-occitana.org\/oc\/produch\/et-dailleurs\/","title":{"rendered":"Et d&#8217;ailleurs&#8230;"},"content":{"rendered":"<p><strong>Nicolas Blaise, Arnaud Cance, Xavier Mouly<\/strong><\/p>\n<p>Le groupe du coin, c&#8217;est trois gars qui viennent du coin. Mais faut pas croire qu&#8217;ils y restent, dans leur coin. Non. Comme la plan\u00e8te est ronde, ils y ont trouv\u00e9 tout un tas d&#8217;autres coins. Le temps d&#8217;un tour de chant, ils voyagent sans valise des berges du Don en Russie jusqu&#8217;au fond d&#8217;une mine en Espagne. \u00c7a fait un peu loin mais ils sont dr\u00f4lement courageux. Parfois, aussi, ils font juste quelques pas pour savoir ce qui se chante du c\u00f4t\u00e9 de la Gascogne ou de l&#8217;Alsace. Jusqu&#8217;en Alsace, oui, c&#8217;est vous dire s&#8217;ils vont partout. Et puis, leurs pieds meurtris, fatigu\u00e9s des voyages incessants, ils reviennent chez eux pour \u00e9couter s&#8217;il ne s&#8217;y trouverait pas aussi quelques belles notes. Juste quelques instruments et trois voix. Pas plus, pas moins. Le groupe du coin, c&#8217;est trois voix de trois gars qui sont de par l\u00e0 mais qui aiment bien aussi vous trimbaler un peu ailleurs.<\/p>\n<p><strong>Titres :<\/strong><br \/>\n1. La Poule \u00e0 Colin 3&#8217;28<br \/>\n2. Uskurdar&#8217;a 5&#8217;01<br \/>\n3. Les Yeux noirs 2&#8217;43<br \/>\n4. La Villageoise 4&#8217;32<br \/>\n5. Esperanza l&#8217;Aranesa 4&#8217;27<br \/>\n6. Rotlar\u00e0 4&#8217;26<br \/>\n7. L&#8217;Estaca 4&#8217;37<br \/>\n8. Korobeinintendo 5&#8217;31<br \/>\n9. El pozo Maria Luisa 5&#8217;33<br \/>\n10. Los carboni\u00e8rs de La Sala 3&#8217;14<br \/>\n11. Entre midi et deux 3&#8217;14<br \/>\n12. Se canta 3&#8217;02<br \/>\n13. Dis-moi Bioman 2&#8217;25<\/p>\n","protected":false},"excerpt":{"rendered":"<p>Nicolas Blaise, Arnaud Cance, Xavier Mouly Le groupe du coin, c&#8217;est trois gars qui viennent du coin. Mais faut pas croire qu&#8217;ils y restent, dans leur coin. Non. Comme la plan\u00e8te est ronde, ils y ont trouv\u00e9 tout un tas d&#8217;autres coins. Le temps d&#8217;un tour de chant, ils voyagent sans valise des berges du [&hellip;]<\/p>\n","protected":false},"featured_media":29722,"template":"","meta":{"_acf_changed":false,"_genesis_hide_title":false,"_genesis_hide_breadcrumbs":false,"_genesis_hide_singular_image":false,"_genesis_hide_footer_widgets":false,"_genesis_custom_body_class":"","_genesis_custom_post_class":"","_genesis_layout":""},"product_brand":[],"product_cat":[7219,16683],"product_tag":[],"class_list":{"0":"post-29724","1":"product","2":"type-product","3":"status-publish","4":"has-post-thumbnail","6":"product_cat-chancon-oc","7":"product_cat-musica-oc","8":"pa_auteur-le-groupe-du-coin-oc","9":"pa_editeur-le-groupe-du-coin-fr-oc","10":"pa_langue-autras-lingas-oc","11":"pa_langue-francais-oc","12":"pa_langue-occitan-oc","13":"pa_langue-occitan-lengadocian-oc","14":"entry","16":"first","17":"outofstock","18":"shipping-taxable","19":"purchasable","20":"product-type-simple"},"acf":[],"_links":{"self":[{"href":"https:\/\/www.libraria-occitana.org\/oc\/wp-json\/wp\/v2\/product\/29724","targetHints":{"allow":["GET"]}}],"collection":[{"href":"https:\/\/www.libraria-occitana.org\/oc\/wp-json\/wp\/v2\/product"}],"about":[{"href":"https:\/\/www.libraria-occitana.org\/oc\/wp-json\/wp\/v2\/types\/product"}],"wp:featuredmedia":[{"embeddable":true,"href":"https:\/\/www.libraria-occitana.org\/oc\/wp-json\/wp\/v2\/media\/29722"}],"wp:attachment":[{"href":"https:\/\/www.libraria-occitana.org\/oc\/wp-json\/wp\/v2\/media?parent=29724"}],"wp:term":[{"taxonomy":"product_brand","embeddable":true,"href":"https:\/\/www.libraria-occitana.org\/oc\/wp-json\/wp\/v2\/product_brand?post=29724"},{"taxonomy":"product_cat","embeddable":true,"href":"https:\/\/www.libraria-occitana.org\/oc\/wp-json\/wp\/v2\/product_cat?post=29724"},{"taxonomy":"product_tag","embeddable":true,"href":"https:\/\/www.libraria-occitana.org\/oc\/wp-json\/wp\/v2\/product_tag?post=29724"}],"curies":[{"name":"wp","href":"https:\/\/api.w.org\/{rel}","templated":true}]}}