{"id":29730,"date":"2016-03-10T19:21:09","date_gmt":"2016-03-10T18:21:09","guid":{"rendered":"http:\/\/www.libraria-occitana.org\/all-products\/laussine?lang=oc"},"modified":"2025-03-09T01:02:26","modified_gmt":"2025-03-09T00:02:26","slug":"laussine","status":"publish","type":"product","link":"https:\/\/www.libraria-occitana.org\/oc\/produch\/laussine\/","title":{"rendered":"Laussine"},"content":{"rendered":"<p><strong>Myriam Lameyre :<\/strong> chant, accord\u00e9ons diatoniques, guitare, cornemuses (musettes 14 et 16 pouces, ga\u00efta galicienne, chabrette limousine), guitare basse, percussion pieds, bombarde<br \/>\n<strong>Jean-Yves Lameyre :<\/strong> chant, nyckelharpa, accord\u00e9ons diatoniques, violon, p\u00e9dalier Roland PK 50 + Roland Fantom XR<\/p>\n<p><strong>Titres :<br \/>\n<\/strong> 1. <strong>Valse \u00e0 8 temps :<\/strong> Qu&#8217;il fait bon \u00eatre \u00e0 table (trad) 3&#8217;33<br \/>\n2. <strong>Bourr\u00e9es \u00e0 2 temps :<\/strong> Gar\u00e7ons du village (trad) \/\u00a0\u00ab Avis de Grand Frais \u00bb (Jean-Yves Lameyre) 4&#8217;01<br \/>\n3. <strong>Stig vals :<\/strong> Waltz fr\u00e5n R\u00e4ttvick efter Karl Werkm\u00e4ster 3&#8217;21<br \/>\n4. <strong>Bourr\u00e9es \u00e0 3 temps :<\/strong> Dite de Nasbinals (trad) \/ La Giatte du Coualhon (trad) 4&#8217;51<br \/>\n5. <strong>Mazurkas :<\/strong> Dite de l&#8217;Artense (trad) \/ Marguerite elle est malade (trad) 5&#8217;41<br \/>\n6. <strong>Schottis :<\/strong> Efter Wikman \/ Efter Eric Ersa 5&#8242;<br \/>\n7. <strong>Cajun Freeze : madison :<\/strong> Le Blues du Tac Tac (Nathan Abshire) 4&#8217;26<br \/>\n8. <strong>L&#8217;\u00e9chelle de Jacob :<\/strong> Sulam Yaakov (Nurit Hirsh) 4&#8217;19<br \/>\n9. <strong>Avant-deux de Travers :<\/strong> \u00ab Y a dix pies dans le pommier \u00bb (trad) 4&#8217;00<br \/>\n10. <strong>Polska och bakmes :<\/strong> Polska fr\u00e5n Sarna (trad) 2&#8217;13<br \/>\n11. <strong>Bourr\u00e9es \u00e0 2 temps :<\/strong> La fiert\u00e9 de Fanchon (trad : Barbillat-Touraine) \/ Le Val d&#8217;Amour (Dominique Meunier) 4&#8217;01<br \/>\n12. <strong>Polska :<\/strong> E P\u00e5l Nilsson, \u00c5tabakspolska, F\u00f6llinge 2&#8217;51<br \/>\n13. <strong>Mazurka :<\/strong> L&#8217;\u00e2ge de c\u0153ur (Corinne Renaud) 4&#8217;40<br \/>\n14. <strong>Hambopolska fr\u00e5n J\u00e4ttendal :<\/strong> H\u00e5vapolskan 2&#8217;39<br \/>\n15. <strong>Chapelloise :<\/strong> Le dernier des Mohicans (Trevor Jones) 6&#8217;12<br \/>\n16. <strong>Sauti\u00e8res :<\/strong> De Martin (Barra d&#8217;en clau) \/ Sautiera passada (cf. Cahier de r\u00e9pertoire pour chabrette : E. Montbel \/ trad) 1&#8217;53<br \/>\n17. <strong>Snoa :<\/strong> Hammarslungan efter Hans Hammarbergs 3&#8217;08<br \/>\n18. <strong>Bourr\u00e9es \u00e0 3 temps :<\/strong> Dite de \u00ab l&#8217;Arabe \u00bb (d&#8217;apr\u00e8s Baptiste Porte, Corr\u00e8ze) \/ Le Cur\u00e9 de la Chapelle 3&#8217;46<\/p>\n","protected":false},"excerpt":{"rendered":"<p>Myriam Lameyre : chant, accord\u00e9ons diatoniques, guitare, cornemuses (musettes 14 et 16 pouces, ga\u00efta galicienne, chabrette limousine), guitare basse, percussion pieds, bombarde Jean-Yves Lameyre : chant, nyckelharpa, accord\u00e9ons diatoniques, violon, p\u00e9dalier Roland PK 50 + Roland Fantom XR Titres : 1. Valse \u00e0 8 temps : Qu&#8217;il fait bon \u00eatre \u00e0 table (trad) 3&#8217;33 2. [&hellip;]<\/p>\n","protected":false},"featured_media":29728,"template":"","meta":{"_acf_changed":false,"_genesis_hide_title":false,"_genesis_hide_breadcrumbs":false,"_genesis_hide_singular_image":false,"_genesis_hide_footer_widgets":false,"_genesis_custom_body_class":"","_genesis_custom_post_class":"","_genesis_layout":""},"product_brand":[],"product_cat":[16683,7229],"product_tag":[],"class_list":{"0":"post-29730","1":"product","2":"type-product","3":"status-publish","4":"has-post-thumbnail","6":"product_cat-musica-oc","7":"product_cat-novela-tradicion-oc","8":"pa_auteur-musiqua-deux-oc","9":"pa_editeur-musique-a-deux-fr-oc","10":"pa_langue-francais-oc","11":"pa_langue-occitan-oc","12":"pa_langue-occitan-lemosin-oc","13":"entry","15":"first","16":"outofstock","17":"shipping-taxable","18":"purchasable","19":"product-type-simple"},"acf":[],"_links":{"self":[{"href":"https:\/\/www.libraria-occitana.org\/oc\/wp-json\/wp\/v2\/product\/29730","targetHints":{"allow":["GET"]}}],"collection":[{"href":"https:\/\/www.libraria-occitana.org\/oc\/wp-json\/wp\/v2\/product"}],"about":[{"href":"https:\/\/www.libraria-occitana.org\/oc\/wp-json\/wp\/v2\/types\/product"}],"wp:featuredmedia":[{"embeddable":true,"href":"https:\/\/www.libraria-occitana.org\/oc\/wp-json\/wp\/v2\/media\/29728"}],"wp:attachment":[{"href":"https:\/\/www.libraria-occitana.org\/oc\/wp-json\/wp\/v2\/media?parent=29730"}],"wp:term":[{"taxonomy":"product_brand","embeddable":true,"href":"https:\/\/www.libraria-occitana.org\/oc\/wp-json\/wp\/v2\/product_brand?post=29730"},{"taxonomy":"product_cat","embeddable":true,"href":"https:\/\/www.libraria-occitana.org\/oc\/wp-json\/wp\/v2\/product_cat?post=29730"},{"taxonomy":"product_tag","embeddable":true,"href":"https:\/\/www.libraria-occitana.org\/oc\/wp-json\/wp\/v2\/product_tag?post=29730"}],"curies":[{"name":"wp","href":"https:\/\/api.w.org\/{rel}","templated":true}]}}