{"id":29746,"date":"2016-12-15T19:31:35","date_gmt":"2016-12-15T18:31:35","guid":{"rendered":"http:\/\/www.libraria-occitana.org\/all-products\/lo-drolle-dau-chen-que-parla-la-drolla-que-parla-a-la-mar-libre-cd?lang=oc"},"modified":"2026-04-29T05:56:25","modified_gmt":"2026-04-29T03:56:25","slug":"lo-drolle-dau-chen-que-parla-la-drolla-que-parla-a-la-mar-libre-cd","status":"publish","type":"product","link":"https:\/\/www.libraria-occitana.org\/oc\/produch\/lo-drolle-dau-chen-que-parla-la-drolla-que-parla-a-la-mar-libre-cd\/","title":{"rendered":"Lo dr\u00f2lle dau chen que parla \/ La dr\u00f2lla que parla a la mar (libre + CD)"},"content":{"rendered":"<p>Una revirada\u00a0de <em>Le gar\u00e7on au chien parlant \/ La fille qui parle \u00e0 la mer<\/em>, de Claudine Gal\u00e9a, editat en 2013 per las \u00c9ditions du Rouergue.<\/p>\n<p>Oyana a frotjat\u00a0sus l&#8217;autra riba de la mar. Lo\u00efc coneis ben la mar. Un lendeman de tempesta, lors ist\u00f2rias se rencontren.<\/p>\n<p>Cicles 3-4. Enregistrament de las ist\u00f2rias per far auvir\u00a0la lenga.<br \/>\nLibreton pedagogic <a href=\"http:\/\/capoc.crdp-aquitaine.fr\/articles.php?lng=en&amp;pg=450&amp;mnuid=304&amp;tconfig=0\">sus lo site dau CAP&#8217;\u00d2C<\/a>.<\/p>\n","protected":false},"excerpt":{"rendered":"<p>Una revirada\u00a0de Le gar\u00e7on au chien parlant \/ La fille qui parle \u00e0 la mer, de Claudine Gal\u00e9a, editat en 2013 per las \u00c9ditions du Rouergue. Oyana a frotjat\u00a0sus l&#8217;autra riba de la mar. Lo\u00efc coneis ben la mar. Un lendeman de tempesta, lors ist\u00f2rias se rencontren. Cicles 3-4. Enregistrament de las ist\u00f2rias per far [&hellip;]<\/p>\n","protected":false},"featured_media":29744,"template":"","meta":{"_acf_changed":false,"_genesis_hide_title":false,"_genesis_hide_breadcrumbs":false,"_genesis_hide_singular_image":false,"_genesis_hide_footer_widgets":false,"_genesis_custom_body_class":"","_genesis_custom_post_class":"","_genesis_layout":""},"product_brand":[],"product_cat":[7167,7165,7133],"product_tag":[],"class_list":{"0":"post-29746","1":"product","2":"type-product","3":"status-publish","4":"has-post-thumbnail","6":"product_cat-ados-oc","7":"product_cat-jounessa-bd-umor","8":"product_cat-libres-oc","9":"pa_auteur-galea-claudine-oc","10":"pa_editeur-canope-editions-oc","11":"pa_illustrateur-leveque-joan-lois-leveque-jean-louis-oc","12":"pa_illustrateur-petit-aurore-oc","13":"pa_langue-occitan-oc","14":"pa_langue-occitan-lemosin-oc","15":"entry","17":"first","18":"instock","19":"shipping-taxable","20":"purchasable","21":"product-type-simple"},"acf":[],"_links":{"self":[{"href":"https:\/\/www.libraria-occitana.org\/oc\/wp-json\/wp\/v2\/product\/29746","targetHints":{"allow":["GET"]}}],"collection":[{"href":"https:\/\/www.libraria-occitana.org\/oc\/wp-json\/wp\/v2\/product"}],"about":[{"href":"https:\/\/www.libraria-occitana.org\/oc\/wp-json\/wp\/v2\/types\/product"}],"wp:featuredmedia":[{"embeddable":true,"href":"https:\/\/www.libraria-occitana.org\/oc\/wp-json\/wp\/v2\/media\/29744"}],"wp:attachment":[{"href":"https:\/\/www.libraria-occitana.org\/oc\/wp-json\/wp\/v2\/media?parent=29746"}],"wp:term":[{"taxonomy":"product_brand","embeddable":true,"href":"https:\/\/www.libraria-occitana.org\/oc\/wp-json\/wp\/v2\/product_brand?post=29746"},{"taxonomy":"product_cat","embeddable":true,"href":"https:\/\/www.libraria-occitana.org\/oc\/wp-json\/wp\/v2\/product_cat?post=29746"},{"taxonomy":"product_tag","embeddable":true,"href":"https:\/\/www.libraria-occitana.org\/oc\/wp-json\/wp\/v2\/product_tag?post=29746"}],"curies":[{"name":"wp","href":"https:\/\/api.w.org\/{rel}","templated":true}]}}