{"id":29756,"date":"2012-02-15T12:49:37","date_gmt":"2012-02-15T11:49:37","guid":{"rendered":"http:\/\/www.libraria-occitana.org\/all-products\/folk-off?lang=oc"},"modified":"2026-04-29T02:36:38","modified_gmt":"2026-04-29T00:36:38","slug":"folk-off","status":"publish","type":"product","link":"https:\/\/www.libraria-occitana.org\/oc\/produch\/folk-off\/","title":{"rendered":"Folk Off"},"content":{"rendered":"<p><strong>Roman Baudoin :<\/strong> Sonsainas<br \/>\n<strong>Mat\u00e8u Baudoin :<\/strong> Votz, vriulon, tamborin, programmacion<\/p>\n<p>Kat \u00e7a-i est avant tout une histoire de <em>familha<\/em>, une complicit\u00e9 de 26 ans qui permet une facilit\u00e9 de jeu d\u00e9concertante et un son unique. C&#8217;est aussi une culture, Gasconne, assum\u00e9e et m\u00eame revendiqu\u00e9e par deux des membres fondateurs de Familha Art\u00fas.<br \/>\nSp\u00e9cialis\u00e9s dans les techniques instrumentales et vocales li\u00e9es \u00e0 ce r\u00e9pertoire et \u00e0 cette langue, ils donnent une vision originale d&#8217;une musique enracin\u00e9e et totalement novatrice.<br \/>\nKat \u00e7a-i est donc pour eux un laboratoire d&#8217;exp\u00e9rimentation autour de leur pratique, une r\u00e9cr\u00e9ation publique bas\u00e9e sur le plaisir de se retrouver pour cr\u00e9er une musique ethnique, directe et efficace. Travailler du sp\u00e9cifique vers l&#8217;universel c&#8217;est savoir d&#8217;o\u00f9 l&#8217;on vient pour savoir o\u00f9 l&#8217;on va !<\/p>\n<p><strong>Titres :<\/strong><br \/>\n1. Quan jo \u00e8ri filha a marider 9&#8217;20<br \/>\n2. Peishetz aulhadas 4&#8217;05<br \/>\n3. Monenh 5&#8217;04<br \/>\n4. Punka 6&#8217;32<br \/>\n5. Le long du rivage 6&#8217;02<br \/>\n6. Rond\u00e8us a Dauba 6&#8217;16<br \/>\n7. Quin te va l&#8217;aulhada 6&#8217;10<\/p>\n","protected":false},"excerpt":{"rendered":"<p>Roman Baudoin : Sonsainas Mat\u00e8u Baudoin : Votz, vriulon, tamborin, programmacion Kat \u00e7a-i est avant tout une histoire de familha, une complicit\u00e9 de 26 ans qui permet une facilit\u00e9 de jeu d\u00e9concertante et un son unique. C&#8217;est aussi une culture, Gasconne, assum\u00e9e et m\u00eame revendiqu\u00e9e par deux des membres fondateurs de Familha Art\u00fas. Sp\u00e9cialis\u00e9s dans [&hellip;]<\/p>\n","protected":false},"featured_media":29754,"template":"","meta":{"_acf_changed":false,"_genesis_hide_title":false,"_genesis_hide_breadcrumbs":false,"_genesis_hide_singular_image":false,"_genesis_hide_footer_widgets":false,"_genesis_custom_body_class":"","_genesis_custom_post_class":"","_genesis_layout":""},"product_brand":[],"product_cat":[16683,7229],"product_tag":[],"class_list":{"0":"post-29756","1":"product","2":"type-product","3":"status-publish","4":"has-post-thumbnail","6":"product_cat-musica-oc","7":"product_cat-novela-tradicion-oc","8":"pa_auteur-kat-ca-i-oc","9":"pa_editeur-pagans-oc","10":"pa_langue-occitan-oc","11":"pa_langue-occitan-gascon-oc","12":"entry","14":"first","15":"instock","16":"shipping-taxable","17":"purchasable","18":"product-type-simple"},"acf":[],"_links":{"self":[{"href":"https:\/\/www.libraria-occitana.org\/oc\/wp-json\/wp\/v2\/product\/29756","targetHints":{"allow":["GET"]}}],"collection":[{"href":"https:\/\/www.libraria-occitana.org\/oc\/wp-json\/wp\/v2\/product"}],"about":[{"href":"https:\/\/www.libraria-occitana.org\/oc\/wp-json\/wp\/v2\/types\/product"}],"wp:featuredmedia":[{"embeddable":true,"href":"https:\/\/www.libraria-occitana.org\/oc\/wp-json\/wp\/v2\/media\/29754"}],"wp:attachment":[{"href":"https:\/\/www.libraria-occitana.org\/oc\/wp-json\/wp\/v2\/media?parent=29756"}],"wp:term":[{"taxonomy":"product_brand","embeddable":true,"href":"https:\/\/www.libraria-occitana.org\/oc\/wp-json\/wp\/v2\/product_brand?post=29756"},{"taxonomy":"product_cat","embeddable":true,"href":"https:\/\/www.libraria-occitana.org\/oc\/wp-json\/wp\/v2\/product_cat?post=29756"},{"taxonomy":"product_tag","embeddable":true,"href":"https:\/\/www.libraria-occitana.org\/oc\/wp-json\/wp\/v2\/product_tag?post=29756"}],"curies":[{"name":"wp","href":"https:\/\/api.w.org\/{rel}","templated":true}]}}