{"id":29783,"date":"2016-09-24T19:34:52","date_gmt":"2016-09-24T17:34:52","guid":{"rendered":"http:\/\/www.libraria-occitana.org\/all-products\/la-lauze-en-perigord-architecture-et-savoir-faire?lang=oc"},"modified":"2026-04-10T22:41:52","modified_gmt":"2026-04-10T20:41:52","slug":"la-lauze-en-perigord-architecture-et-savoir-faire","status":"publish","type":"product","link":"https:\/\/www.libraria-occitana.org\/oc\/produch\/la-lauze-en-perigord-architecture-et-savoir-faire\/","title":{"rendered":"La lauze en P\u00e9rigord : Architecture et savoir-faire"},"content":{"rendered":"<p>Jean-Paul Simon se passionne pour les pierres et les techniques anciennes de construction. Il a publi\u00e9 un premier ouvrage <em>L\u2019architecture paysanne en P\u00e9rigord et sa restauration<\/em> qui met en valeur les traditions architecturales locales. La vari\u00e9t\u00e9 des toitures de lauzes en P\u00e9rigord et la pratique de ce mode de couverture sur ses chantiers le m\u00e8nent \u00e0 \u00e9crire ce nouvel ouvrage.<\/p>\n<p>\u00ab Une telle concentration de toitures de lauzes calcaires, pos\u00e9es en tas de charge, notamment sur charpente, reste unique au monde ! Apr\u00e8s sa reconnaissance en images pour le plaisir des yeux, il faut en venir aux mains et aux gestes des lauziers ! Leurs techniques et les principes d\u2019\u00e9laboration de ces toitures sont d\u00e9crits pour comprendre et appr\u00e9cier leur savoir-faire, et participer modestement \u00e0 la sauvegarde de ce m\u00e9tier. \u00bb<\/p>\n","protected":false},"excerpt":{"rendered":"<p>Jean-Paul Simon se passionne pour les pierres et les techniques anciennes de construction. Il a publi\u00e9 un premier ouvrage L\u2019architecture paysanne en P\u00e9rigord et sa restauration qui met en valeur les traditions architecturales locales. La vari\u00e9t\u00e9 des toitures de lauzes en P\u00e9rigord et la pratique de ce mode de couverture sur ses chantiers le m\u00e8nent [&hellip;]<\/p>\n","protected":false},"featured_media":29781,"template":"","meta":{"_acf_changed":false,"_genesis_hide_title":false,"_genesis_hide_breadcrumbs":false,"_genesis_hide_singular_image":false,"_genesis_hide_footer_widgets":false,"_genesis_custom_body_class":"","_genesis_custom_post_class":"","_genesis_layout":""},"product_brand":[],"product_cat":[7133,7213,7207],"product_tag":[],"class_list":{"0":"post-29783","1":"product","2":"type-product","3":"status-publish","4":"has-post-thumbnail","6":"product_cat-libres-oc","7":"product_cat-metiers-saubre-far-oc","8":"product_cat-tradicions-patrimoni-oc","9":"pa_auteur-simon-jean-paul-oc","10":"pa_editeur-fanlac-oc","11":"pa_langue-francais-oc","12":"entry","14":"first","15":"instock","16":"shipping-taxable","17":"purchasable","18":"product-type-simple"},"acf":[],"_links":{"self":[{"href":"https:\/\/www.libraria-occitana.org\/oc\/wp-json\/wp\/v2\/product\/29783","targetHints":{"allow":["GET"]}}],"collection":[{"href":"https:\/\/www.libraria-occitana.org\/oc\/wp-json\/wp\/v2\/product"}],"about":[{"href":"https:\/\/www.libraria-occitana.org\/oc\/wp-json\/wp\/v2\/types\/product"}],"wp:featuredmedia":[{"embeddable":true,"href":"https:\/\/www.libraria-occitana.org\/oc\/wp-json\/wp\/v2\/media\/29781"}],"wp:attachment":[{"href":"https:\/\/www.libraria-occitana.org\/oc\/wp-json\/wp\/v2\/media?parent=29783"}],"wp:term":[{"taxonomy":"product_brand","embeddable":true,"href":"https:\/\/www.libraria-occitana.org\/oc\/wp-json\/wp\/v2\/product_brand?post=29783"},{"taxonomy":"product_cat","embeddable":true,"href":"https:\/\/www.libraria-occitana.org\/oc\/wp-json\/wp\/v2\/product_cat?post=29783"},{"taxonomy":"product_tag","embeddable":true,"href":"https:\/\/www.libraria-occitana.org\/oc\/wp-json\/wp\/v2\/product_tag?post=29783"}],"curies":[{"name":"wp","href":"https:\/\/api.w.org\/{rel}","templated":true}]}}