{"id":29799,"date":"2016-09-29T11:12:17","date_gmt":"2016-09-29T10:12:17","guid":{"rendered":"http:\/\/www.libraria-occitana.org\/all-products\/musiques-occitanes?lang=oc"},"modified":"2026-04-08T00:22:05","modified_gmt":"2026-04-07T22:22:05","slug":"musiques-occitanes","status":"publish","type":"product","link":"https:\/\/www.libraria-occitana.org\/oc\/produch\/musiques-occitanes\/","title":{"rendered":"Musiques occitanes"},"content":{"rendered":"<p>Vaste territoire, l&#8217;Occitanie se d\u00e9finit en premier lieu par sa langue vernaculaire et d\u00e9ploie une mythologie o\u00f9 se c\u00f4toient troubadours, luttes sociales contemporaines et transmission orale.<br \/>\nLes musiques des Pays d&#8217;oc montrent toute cette multiciplicit\u00e9, depuis leur renouveau militant dans les ann\u00e9es soixante-dix, impuls\u00e9 notamment par Claude Marti, puis par Claude Sicre en 1980, jusqu&#8217;aux exp\u00e9rimentations actuelles du collectif La N\u00f2via, au reggae occitan du Massilia Sound System.<br \/>\nAussi est-il naturel que des groupes tels que Riga-Raga, Nux Vomica, les Fabulous Trobadors, Du Bart\u00e0s, La Mal Coiff\u00e9e et tant d&#8217;autres donnent \u00e0 entendre ses richesses et ses contradictions, ses racines et ses affinit\u00e9s culturelles diverses, tant avec le bassin m\u00e9diterran\u00e9en que l&#8217;Orient voire le Nordeste br\u00e9silien, alliant musiques et instrumentarium traditionnels et musiques actuelles telles que le rock, le dub ou l&#8217;electro.<\/p>\n","protected":false},"excerpt":{"rendered":"<p>Vaste territoire, l&#8217;Occitanie se d\u00e9finit en premier lieu par sa langue vernaculaire et d\u00e9ploie une mythologie o\u00f9 se c\u00f4toient troubadours, luttes sociales contemporaines et transmission orale. Les musiques des Pays d&#8217;oc montrent toute cette multiciplicit\u00e9, depuis leur renouveau militant dans les ann\u00e9es soixante-dix, impuls\u00e9 notamment par Claude Marti, puis par Claude Sicre en 1980, jusqu&#8217;aux [&hellip;]<\/p>\n","protected":false},"featured_media":29797,"template":"","meta":{"_acf_changed":false,"_genesis_hide_title":false,"_genesis_hide_breadcrumbs":false,"_genesis_hide_singular_image":false,"_genesis_hide_footer_widgets":false,"_genesis_custom_body_class":"","_genesis_custom_post_class":"","_genesis_layout":""},"product_brand":[],"product_cat":[7195,7133,7191],"product_tag":[],"class_list":{"0":"post-29799","1":"product","2":"type-product","3":"status-publish","4":"has-post-thumbnail","6":"product_cat-estudis-oc","7":"product_cat-libres-oc","8":"product_cat-musica-danca-oc","9":"pa_auteur-martel-camille-oc","10":"pa_auteur-saisset-jordan-oc","11":"pa_editeur-le-mot-et-le-reste-oc","12":"pa_langue-francais-oc","13":"entry","15":"first","16":"outofstock","17":"shipping-taxable","18":"purchasable","19":"product-type-simple"},"acf":[],"_links":{"self":[{"href":"https:\/\/www.libraria-occitana.org\/oc\/wp-json\/wp\/v2\/product\/29799","targetHints":{"allow":["GET"]}}],"collection":[{"href":"https:\/\/www.libraria-occitana.org\/oc\/wp-json\/wp\/v2\/product"}],"about":[{"href":"https:\/\/www.libraria-occitana.org\/oc\/wp-json\/wp\/v2\/types\/product"}],"wp:featuredmedia":[{"embeddable":true,"href":"https:\/\/www.libraria-occitana.org\/oc\/wp-json\/wp\/v2\/media\/29797"}],"wp:attachment":[{"href":"https:\/\/www.libraria-occitana.org\/oc\/wp-json\/wp\/v2\/media?parent=29799"}],"wp:term":[{"taxonomy":"product_brand","embeddable":true,"href":"https:\/\/www.libraria-occitana.org\/oc\/wp-json\/wp\/v2\/product_brand?post=29799"},{"taxonomy":"product_cat","embeddable":true,"href":"https:\/\/www.libraria-occitana.org\/oc\/wp-json\/wp\/v2\/product_cat?post=29799"},{"taxonomy":"product_tag","embeddable":true,"href":"https:\/\/www.libraria-occitana.org\/oc\/wp-json\/wp\/v2\/product_tag?post=29799"}],"curies":[{"name":"wp","href":"https:\/\/api.w.org\/{rel}","templated":true}]}}