{"id":29812,"date":"2015-03-29T15:40:16","date_gmt":"2015-03-29T14:40:16","guid":{"rendered":"http:\/\/www.libraria-occitana.org\/all-products\/contes-et-racontes-du-pays-de-rocamadour-libre-cd?lang=oc"},"modified":"2026-04-18T21:06:27","modified_gmt":"2026-04-18T19:06:27","slug":"contes-et-racontes-du-pays-de-rocamadour-libre-cd","status":"publish","type":"product","link":"https:\/\/www.libraria-occitana.org\/oc\/produch\/contes-et-racontes-du-pays-de-rocamadour-libre-cd\/","title":{"rendered":"Contes et Racontes du pays de Rocamadour (libre + CD)"},"content":{"rendered":"<p>La vertu essentielle de ces r\u00e9cits est de r\u00e9-enchanter notre territoire, de donner \u00e2me et vie aux lieux, de les emplir de cette profondeur historique que pierres et paysages \u00e9voquent sans r\u00e9v\u00e9ler d&#8217;embl\u00e9e. L&#8217;autre qualit\u00e9 de ces textes est de permettre, sous les auspices de l&#8217;abb\u00e9, de mieux imaginer cette soci\u00e9t\u00e9 rurale d&#8217;avant-guerre, en ses veill\u00e9es, son travail ordinaire, ses rites, mais aussi et peut-\u00eatre surtout, en ce qui a pu la faire rire et r\u00eaver, en ses croyances et ses songes qui parfois, deviennent des contes. Cette description d&#8217;un imaginaire et de repr\u00e9sentations du monde nous est sans doute pr\u00e9cieuse, dans un monde devenu rationnel et parfois d\u00e9senchant\u00e9. Certains de ces textes sont des contes pour la plupart r\u00e9pertori\u00e9s mais ces versions in\u00e9dites ont l&#8217;avantage d&#8217;\u00eatre localement situ\u00e9es, \u00e0 la mani\u00e8re des l\u00e9gendes et autres r\u00e9cits, ces racontes qui font partie de \u00ab ce qui se raconte \u00bb et que l&#8217;on tient pour vrai. Les occitanistes sauront reconna\u00eetre sous la plume de l&#8217;abb\u00e9, une langue riche, subtile, nuanc\u00e9e et les amateurs de litt\u00e9rature orale sauront appr\u00e9cier, dans une traduction en fran\u00e7ais de Guilhem Boucher et une adaptation de Martine Bergues, la diversit\u00e9 et la saveur d&#8217;histoires bonnes \u00e0 transmettre.<\/p>\n","protected":false},"excerpt":{"rendered":"<p>La vertu essentielle de ces r\u00e9cits est de r\u00e9-enchanter notre territoire, de donner \u00e2me et vie aux lieux, de les emplir de cette profondeur historique que pierres et paysages \u00e9voquent sans r\u00e9v\u00e9ler d&#8217;embl\u00e9e. L&#8217;autre qualit\u00e9 de ces textes est de permettre, sous les auspices de l&#8217;abb\u00e9, de mieux imaginer cette soci\u00e9t\u00e9 rurale d&#8217;avant-guerre, en ses [&hellip;]<\/p>\n","protected":false},"featured_media":29810,"template":"","meta":{"_acf_changed":false,"_genesis_hide_title":false,"_genesis_hide_breadcrumbs":false,"_genesis_hide_singular_image":false,"_genesis_hide_footer_widgets":false,"_genesis_custom_body_class":"","_genesis_custom_post_class":"","_genesis_layout":""},"product_brand":[],"product_cat":[7177,7133,7175],"product_tag":[],"class_list":{"0":"post-29812","1":"product","2":"type-product","3":"status-publish","4":"has-post-thumbnail","6":"product_cat-contes-fablas-oc","7":"product_cat-libres-oc","8":"product_cat-literatura-oc","9":"pa_auteur-lafon-jean-abbe-2-oc","10":"pa_editeur-tertium-oc","11":"pa_illustrateur-bergues-martine","12":"pa_illustrateur-boucher-guilhem","13":"pa_langue-occitan-lengadocian-oc","14":"pa_langue-occitan-francais-oc","15":"entry","17":"first","18":"instock","19":"shipping-taxable","20":"purchasable","21":"product-type-simple"},"acf":[],"_links":{"self":[{"href":"https:\/\/www.libraria-occitana.org\/oc\/wp-json\/wp\/v2\/product\/29812","targetHints":{"allow":["GET"]}}],"collection":[{"href":"https:\/\/www.libraria-occitana.org\/oc\/wp-json\/wp\/v2\/product"}],"about":[{"href":"https:\/\/www.libraria-occitana.org\/oc\/wp-json\/wp\/v2\/types\/product"}],"wp:featuredmedia":[{"embeddable":true,"href":"https:\/\/www.libraria-occitana.org\/oc\/wp-json\/wp\/v2\/media\/29810"}],"wp:attachment":[{"href":"https:\/\/www.libraria-occitana.org\/oc\/wp-json\/wp\/v2\/media?parent=29812"}],"wp:term":[{"taxonomy":"product_brand","embeddable":true,"href":"https:\/\/www.libraria-occitana.org\/oc\/wp-json\/wp\/v2\/product_brand?post=29812"},{"taxonomy":"product_cat","embeddable":true,"href":"https:\/\/www.libraria-occitana.org\/oc\/wp-json\/wp\/v2\/product_cat?post=29812"},{"taxonomy":"product_tag","embeddable":true,"href":"https:\/\/www.libraria-occitana.org\/oc\/wp-json\/wp\/v2\/product_tag?post=29812"}],"curies":[{"name":"wp","href":"https:\/\/api.w.org\/{rel}","templated":true}]}}