{"id":29841,"date":"1981-10-04T11:37:25","date_gmt":"1981-10-04T10:37:25","guid":{"rendered":"http:\/\/www.libraria-occitana.org\/all-products\/obra-poetica-occitana-loeuvre-poetique-occitane-1940-1980?lang=oc"},"modified":"2026-04-26T04:16:43","modified_gmt":"2026-04-26T02:16:43","slug":"obra-poetica-occitana-loeuvre-poetique-occitane-1940-1980","status":"publish","type":"product","link":"https:\/\/www.libraria-occitana.org\/oc\/produch\/obra-poetica-occitana-loeuvre-poetique-occitane-1940-1980\/","title":{"rendered":"Obra po\u00ebtica occitana &#8211; L&#8217;\u0153uvre po\u00e9tique occitane (1940-1980)"},"content":{"rendered":"<p>Quaranta ans de po\u00ebsia. L&#8217;\u00f2bra lirica mai importanta de la renaissen\u00e7a occitana al segle XX.<br \/>\nPo\u00e8ta, Renat Nelli es tanben un filos\u00f2f. Sach\u00e8t trapar dins sa coneissen\u00e7a perfi\u00e8cha de l&#8217;Edat Mejana en Occitania (Catars e trobadors), del surrealisme e de la rec\u00e8rca etnografica contemporan\u00e8a, las fondamentas d&#8217;una pensada prigondament originala ont los probl\u00e8mas de l&#8217;Amor e de la Libertat ocupan la primi\u00e8ira pla\u00e7a.<br \/>\nSolidament aplantat dins sa vila natala, l&#8217;escrivan carcasson\u00e9s s&#8217;es ganhat per l&#8217;ensemble de sos trebalhs una audi\u00e9ncia internacionala.<br \/>\nAculhent als joves po\u00e8tas coma als joves cercaires, present dins totes los debats sus la Po\u00ebsia, l&#8217;Occitania e la civilisacion de l&#8217;Amor, Nelli apareis a totes coma un M\u00e8stre, e un M\u00e8stre aimat.<\/p>\n","protected":false},"excerpt":{"rendered":"<p>Quaranta ans de po\u00ebsia. L&#8217;\u00f2bra lirica mai importanta de la renaissen\u00e7a occitana al segle XX. Po\u00e8ta, Renat Nelli es tanben un filos\u00f2f. Sach\u00e8t trapar dins sa coneissen\u00e7a perfi\u00e8cha de l&#8217;Edat Mejana en Occitania (Catars e trobadors), del surrealisme e de la rec\u00e8rca etnografica contemporan\u00e8a, las fondamentas d&#8217;una pensada prigondament originala ont los probl\u00e8mas de l&#8217;Amor [&hellip;]<\/p>\n","protected":false},"featured_media":29839,"template":"","meta":{"_acf_changed":false,"_genesis_hide_title":false,"_genesis_hide_breadcrumbs":false,"_genesis_hide_singular_image":false,"_genesis_hide_footer_widgets":false,"_genesis_custom_body_class":"","_genesis_custom_post_class":"","_genesis_layout":""},"product_brand":[],"product_cat":[7133,7175,7181],"product_tag":[],"class_list":{"0":"post-29841","1":"product","2":"type-product","3":"status-publish","4":"has-post-thumbnail","6":"product_cat-libres-oc","7":"product_cat-literatura-oc","8":"product_cat-poesia-oc","9":"pa_auteur-nelli-renat-oc","10":"pa_editeur-ieo-fr-oc","11":"pa_langue-occitan-lengadocian-oc","12":"pa_langue-occitan-francais-oc","13":"entry","15":"first","16":"instock","17":"shipping-taxable","18":"purchasable","19":"product-type-simple"},"acf":[],"_links":{"self":[{"href":"https:\/\/www.libraria-occitana.org\/oc\/wp-json\/wp\/v2\/product\/29841","targetHints":{"allow":["GET"]}}],"collection":[{"href":"https:\/\/www.libraria-occitana.org\/oc\/wp-json\/wp\/v2\/product"}],"about":[{"href":"https:\/\/www.libraria-occitana.org\/oc\/wp-json\/wp\/v2\/types\/product"}],"wp:featuredmedia":[{"embeddable":true,"href":"https:\/\/www.libraria-occitana.org\/oc\/wp-json\/wp\/v2\/media\/29839"}],"wp:attachment":[{"href":"https:\/\/www.libraria-occitana.org\/oc\/wp-json\/wp\/v2\/media?parent=29841"}],"wp:term":[{"taxonomy":"product_brand","embeddable":true,"href":"https:\/\/www.libraria-occitana.org\/oc\/wp-json\/wp\/v2\/product_brand?post=29841"},{"taxonomy":"product_cat","embeddable":true,"href":"https:\/\/www.libraria-occitana.org\/oc\/wp-json\/wp\/v2\/product_cat?post=29841"},{"taxonomy":"product_tag","embeddable":true,"href":"https:\/\/www.libraria-occitana.org\/oc\/wp-json\/wp\/v2\/product_tag?post=29841"}],"curies":[{"name":"wp","href":"https:\/\/api.w.org\/{rel}","templated":true}]}}