{"id":29884,"date":"2014-03-05T09:35:18","date_gmt":"2014-03-05T08:35:18","guid":{"rendered":"http:\/\/www.libraria-occitana.org\/all-products\/les-secrets-de-las-bestias-contes-meravilhoses-e-risoliers?lang=oc"},"modified":"2026-04-15T23:52:03","modified_gmt":"2026-04-15T21:52:03","slug":"les-secrets-de-las-bestias-contes-meravilhoses-e-risoliers","status":"publish","type":"product","link":"https:\/\/www.libraria-occitana.org\/oc\/produch\/les-secrets-de-las-bestias-contes-meravilhoses-e-risoliers\/","title":{"rendered":"Les Secr\u00e8ts de las B\u00e8stias : Contes meravilhoses e risoli\u00e8rs"},"content":{"rendered":"<p>Planvenguts al pa\u00eds dels contes : lo de las b\u00e8stias que parlan e de Jan B\u00e8stia, dels cast\u00e8ls encantats e dels ponts de veire, de las filhas de rei e del diable colhonat, de las bru\u00e8issas e de Jan de l&#8217;Ors, de Pitcendr\u00e0s e dels menaires de lops, de las c\u00f2rnas d&#8217;\u00f2r e de l&#8217;\u00f2me dels dits copats, e que te sabi ieu\u2026<br \/>\nAic\u00ed presar\u00e8tz coma se deu l&#8217;eng\u00e8ni dels contaires que sabon escotar los secr\u00e8ts de las b\u00e8stias e tot l&#8217;art d&#8217;escriure d&#8217;Andrieu Lagarda, culhidor fid\u00e8l e escrupul\u00f3s.<br \/>\nDe vertat, un dels m\u00e0gers recu\u00e8lhs de contes populars occitans que s&#8217;es pogut legir dincas ara.<\/p>\n","protected":false},"excerpt":{"rendered":"<p>Planvenguts al pa\u00eds dels contes : lo de las b\u00e8stias que parlan e de Jan B\u00e8stia, dels cast\u00e8ls encantats e dels ponts de veire, de las filhas de rei e del diable colhonat, de las bru\u00e8issas e de Jan de l&#8217;Ors, de Pitcendr\u00e0s e dels menaires de lops, de las c\u00f2rnas d&#8217;\u00f2r e de l&#8217;\u00f2me [&hellip;]<\/p>\n","protected":false},"featured_media":29882,"template":"","meta":{"_acf_changed":false,"_genesis_hide_title":false,"_genesis_hide_breadcrumbs":false,"_genesis_hide_singular_image":false,"_genesis_hide_footer_widgets":false,"_genesis_custom_body_class":"","_genesis_custom_post_class":"","_genesis_layout":""},"product_brand":[],"product_cat":[7177,7133,7175],"product_tag":[],"class_list":{"0":"post-29884","1":"product","2":"type-product","3":"status-publish","4":"has-post-thumbnail","6":"product_cat-contes-fablas-oc","7":"product_cat-libres-oc","8":"product_cat-literatura-oc","9":"pa_auteur-lagarda-andrieu-oc","10":"pa_editeur-letras-doc-oc","11":"pa_langue-occitan-oc","12":"pa_langue-occitan-lengadocian-oc","13":"entry","15":"first","16":"instock","17":"shipping-taxable","18":"purchasable","19":"product-type-simple"},"acf":[],"_links":{"self":[{"href":"https:\/\/www.libraria-occitana.org\/oc\/wp-json\/wp\/v2\/product\/29884","targetHints":{"allow":["GET"]}}],"collection":[{"href":"https:\/\/www.libraria-occitana.org\/oc\/wp-json\/wp\/v2\/product"}],"about":[{"href":"https:\/\/www.libraria-occitana.org\/oc\/wp-json\/wp\/v2\/types\/product"}],"wp:featuredmedia":[{"embeddable":true,"href":"https:\/\/www.libraria-occitana.org\/oc\/wp-json\/wp\/v2\/media\/29882"}],"wp:attachment":[{"href":"https:\/\/www.libraria-occitana.org\/oc\/wp-json\/wp\/v2\/media?parent=29884"}],"wp:term":[{"taxonomy":"product_brand","embeddable":true,"href":"https:\/\/www.libraria-occitana.org\/oc\/wp-json\/wp\/v2\/product_brand?post=29884"},{"taxonomy":"product_cat","embeddable":true,"href":"https:\/\/www.libraria-occitana.org\/oc\/wp-json\/wp\/v2\/product_cat?post=29884"},{"taxonomy":"product_tag","embeddable":true,"href":"https:\/\/www.libraria-occitana.org\/oc\/wp-json\/wp\/v2\/product_tag?post=29884"}],"curies":[{"name":"wp","href":"https:\/\/api.w.org\/{rel}","templated":true}]}}