{"id":29894,"date":"2014-08-07T10:05:04","date_gmt":"2014-08-07T09:05:04","guid":{"rendered":"http:\/\/www.libraria-occitana.org\/all-products\/histoire-de-richard-ier-coeur-de-lion?lang=oc"},"modified":"2026-04-08T01:26:39","modified_gmt":"2026-04-07T23:26:39","slug":"histoire-de-richard-ier-coeur-de-lion","status":"publish","type":"product","link":"https:\/\/www.libraria-occitana.org\/oc\/produch\/histoire-de-richard-ier-coeur-de-lion\/","title":{"rendered":"Histoire de Richard Ier \u00ab C\u0153ur de Lion \u00bb"},"content":{"rendered":"<p>Richard C\u0153ur de Lion, voil\u00e0 un nom qui excite toujours, huit si\u00e8cles apr\u00e8s sa mort, l&#8217;imaginaire de l&#8217;humanit\u00e9 ! Prince d&#8217;un empire atlantique s&#8217;\u00e9tirant de l&#8217;\u00c9cosse \u00e0 la Navarre, homme orgueilleux, courageux jusqu&#8217;au t\u00e9m\u00e9raire, strat\u00e8ge incomparable des guerres de son temps, homme d&#8217;\u00e9tat m\u00e9connu, mort trop t\u00f4t \u00e0 42 ans, il est le type m\u00eame du h\u00e9ros \u00ab romantique \u00bb. Mais quelle a \u00e9t\u00e9 sa vie v\u00e9ritablement ? Alors ce petit ouvrage vous le dira et vous donnera les cl\u00e9s pour mieux comprendre cette folle existence dans un XIIe si\u00e8cle t\u00e9n\u00e9breux et cruel mais o\u00f9 les princes sont aussi troubadours&#8230; O\u00f9 les protagonistes s&#8217;appellent C\u0153ur de Lion, Henri II, Ali\u00e9nor d&#8217;Aquitaine, Philippe-Auguste, Jean Sans Terre, Saladin&#8230; et o\u00f9 l&#8217;on sillonne l&#8217;Europe et le Proche-Orient du Poitou \u00e0 la Palestine en passant par la Normandie, la Sicile, Chypre, l&#8217;Autriche, le saint Empire germanique et&#8230; l&#8217;Angleterre.<\/p>\n","protected":false},"excerpt":{"rendered":"<p>Richard C\u0153ur de Lion, voil\u00e0 un nom qui excite toujours, huit si\u00e8cles apr\u00e8s sa mort, l&#8217;imaginaire de l&#8217;humanit\u00e9 ! Prince d&#8217;un empire atlantique s&#8217;\u00e9tirant de l&#8217;\u00c9cosse \u00e0 la Navarre, homme orgueilleux, courageux jusqu&#8217;au t\u00e9m\u00e9raire, strat\u00e8ge incomparable des guerres de son temps, homme d&#8217;\u00e9tat m\u00e9connu, mort trop t\u00f4t \u00e0 42 ans, il est le type m\u00eame [&hellip;]<\/p>\n","protected":false},"featured_media":29892,"template":"","meta":{"_acf_changed":false,"_genesis_hide_title":false,"_genesis_hide_breadcrumbs":false,"_genesis_hide_singular_image":false,"_genesis_hide_footer_widgets":false,"_genesis_custom_body_class":"","_genesis_custom_post_class":"","_genesis_layout":""},"product_brand":[],"product_cat":[7161,7149,7133],"product_tag":[],"class_list":{"0":"post-29894","1":"product","2":"type-product","3":"status-publish","4":"has-post-thumbnail","6":"product_cat-istoria-medievala-oc","7":"product_cat-istoria-geografia-oc","8":"product_cat-libres-oc","9":"pa_auteur-poujoulat-baptistin-oc","10":"pa_editeur-editions-des-regionalismes-oc","11":"pa_langue-francais-oc","12":"entry","14":"first","15":"outofstock","16":"downloadable","17":"shipping-taxable","18":"purchasable","19":"product-type-simple"},"acf":[],"_links":{"self":[{"href":"https:\/\/www.libraria-occitana.org\/oc\/wp-json\/wp\/v2\/product\/29894","targetHints":{"allow":["GET"]}}],"collection":[{"href":"https:\/\/www.libraria-occitana.org\/oc\/wp-json\/wp\/v2\/product"}],"about":[{"href":"https:\/\/www.libraria-occitana.org\/oc\/wp-json\/wp\/v2\/types\/product"}],"wp:featuredmedia":[{"embeddable":true,"href":"https:\/\/www.libraria-occitana.org\/oc\/wp-json\/wp\/v2\/media\/29892"}],"wp:attachment":[{"href":"https:\/\/www.libraria-occitana.org\/oc\/wp-json\/wp\/v2\/media?parent=29894"}],"wp:term":[{"taxonomy":"product_brand","embeddable":true,"href":"https:\/\/www.libraria-occitana.org\/oc\/wp-json\/wp\/v2\/product_brand?post=29894"},{"taxonomy":"product_cat","embeddable":true,"href":"https:\/\/www.libraria-occitana.org\/oc\/wp-json\/wp\/v2\/product_cat?post=29894"},{"taxonomy":"product_tag","embeddable":true,"href":"https:\/\/www.libraria-occitana.org\/oc\/wp-json\/wp\/v2\/product_tag?post=29894"}],"curies":[{"name":"wp","href":"https:\/\/api.w.org\/{rel}","templated":true}]}}