{"id":29918,"date":"2016-11-07T12:27:24","date_gmt":"2016-11-07T11:27:24","guid":{"rendered":"http:\/\/www.libraria-occitana.org\/all-products\/lo-qui-marmusava-dens-lescuranha?lang=oc"},"modified":"2026-04-17T00:06:25","modified_gmt":"2026-04-16T22:06:25","slug":"lo-qui-marmusava-dens-lescuranha","status":"publish","type":"product","link":"https:\/\/www.libraria-occitana.org\/oc\/produch\/lo-qui-marmusava-dens-lescuranha\/","title":{"rendered":"Lo qui marmusava dens l&#8217;escuranha"},"content":{"rendered":"<p>Traduccion en occitan gascon (Felip Biu) de l\u2019\u00f2bra originau americana de Howard Phillips Lovecraft, <em>The Whisperer in Darkness<\/em>, pareguda en 1930.<\/p>\n<p>Au long d&#8217;un escambi epistolari enter un professor d&#8217;universitat e un solitari estremat e esconut dens las s\u00e8rras sauvatjas de Nava Anglat\u00e8rra, en Vermont, lo mist\u00e8ri que vad de mei en mei esp\u00e9s.<br \/>\nDe vertat, aqueths \u00e8stes descriuts per Henry Akeley com esconuts au pregon de la t\u00e8rra, vienguts d&#8217;espacis galactics desconeguts, e son ua creacion imagin\u00e0ria, de vielhas legendas, o ua realitat esvarjanta ?<br \/>\nDeishatz-ve donc miar peu m\u00e8ste contaire dinc au cap de <em>Lo qui marmusava dens l&#8217;escuranha<\/em> t\u00e0 descobrir la vertat.<\/p>\n<p>Howard Phillips Lovecraft (1890-1937), escrivan american, qu&#8217;ei un deus m\u00e8stes de la literatura fantastica. Qu&#8217;a creat tot un legendari personau e mondes fantastics poplats de creaturas misteriosas, tenebrosas e h\u00f2raviengudas.<\/p>\n","protected":false},"excerpt":{"rendered":"<p>Traduccion en occitan gascon (Felip Biu) de l\u2019\u00f2bra originau americana de Howard Phillips Lovecraft, The Whisperer in Darkness, pareguda en 1930. Au long d&#8217;un escambi epistolari enter un professor d&#8217;universitat e un solitari estremat e esconut dens las s\u00e8rras sauvatjas de Nava Anglat\u00e8rra, en Vermont, lo mist\u00e8ri que vad de mei en mei esp\u00e9s. De [&hellip;]<\/p>\n","protected":false},"featured_media":29916,"template":"","meta":{"_acf_changed":false,"_genesis_hide_title":false,"_genesis_hide_breadcrumbs":false,"_genesis_hide_singular_image":false,"_genesis_hide_footer_widgets":false,"_genesis_custom_body_class":"","_genesis_custom_post_class":"","_genesis_layout":""},"product_brand":[],"product_cat":[7133,7175,7183],"product_tag":[],"class_list":{"0":"post-29918","1":"product","2":"type-product","3":"status-publish","4":"has-post-thumbnail","6":"product_cat-libres-oc","7":"product_cat-literatura-oc","8":"product_cat-romans-novelas-oc","9":"pa_auteur-lovecraft-howard-phillips-oc","10":"pa_editeur-letras-doc-oc","11":"pa_illustrateur-biu-felip-1-oc","12":"pa_langue-occitan-oc","13":"pa_langue-occitan-gascon-oc","14":"entry","16":"first","17":"instock","18":"shipping-taxable","19":"purchasable","20":"product-type-simple"},"acf":[],"_links":{"self":[{"href":"https:\/\/www.libraria-occitana.org\/oc\/wp-json\/wp\/v2\/product\/29918","targetHints":{"allow":["GET"]}}],"collection":[{"href":"https:\/\/www.libraria-occitana.org\/oc\/wp-json\/wp\/v2\/product"}],"about":[{"href":"https:\/\/www.libraria-occitana.org\/oc\/wp-json\/wp\/v2\/types\/product"}],"wp:featuredmedia":[{"embeddable":true,"href":"https:\/\/www.libraria-occitana.org\/oc\/wp-json\/wp\/v2\/media\/29916"}],"wp:attachment":[{"href":"https:\/\/www.libraria-occitana.org\/oc\/wp-json\/wp\/v2\/media?parent=29918"}],"wp:term":[{"taxonomy":"product_brand","embeddable":true,"href":"https:\/\/www.libraria-occitana.org\/oc\/wp-json\/wp\/v2\/product_brand?post=29918"},{"taxonomy":"product_cat","embeddable":true,"href":"https:\/\/www.libraria-occitana.org\/oc\/wp-json\/wp\/v2\/product_cat?post=29918"},{"taxonomy":"product_tag","embeddable":true,"href":"https:\/\/www.libraria-occitana.org\/oc\/wp-json\/wp\/v2\/product_tag?post=29918"}],"curies":[{"name":"wp","href":"https:\/\/api.w.org\/{rel}","templated":true}]}}