{"id":29953,"date":"2009-05-11T13:53:35","date_gmt":"2009-05-11T12:53:35","guid":{"rendered":"http:\/\/www.libraria-occitana.org\/all-products\/les-campagnes-limousines-au-xviiie-siecle?lang=oc"},"modified":"2026-04-29T10:34:51","modified_gmt":"2026-04-29T08:34:51","slug":"les-campagnes-limousines-au-xviiie-siecle","status":"publish","type":"product","link":"https:\/\/www.libraria-occitana.org\/oc\/produch\/les-campagnes-limousines-au-xviiie-siecle\/","title":{"rendered":"Les campagnes limousines au XVIIIe si\u00e8cle"},"content":{"rendered":"<p>Le Limousin est depuis longtemps une terre d\u2019\u00e9levage. Cette activit\u00e9 s\u2019 est pr\u00e9cocement orient\u00e9e vers la commercialisation de b\u0153ufs gras destin\u00e9s surtout \u00e0 la capitale. Cette activit\u00e9 prend une telle ampleur au XVIIIe si\u00e8cle qu\u2019 elle constitue la principale ressource \u00e9conomique de la province. L\u2019exploitation judicieuse des caract\u00e9ristiques naturelles de celle-ci \u2013 forte pluviosit\u00e9, abondance de l\u2019herbe, irrigation des pr\u00e9s de fauche \u2013 et l\u2019utilisation de produits locaux abondants et d\u2019un faible co\u00fbt \u2013 foin, raves et ch\u00e2taignes \u2013 permettent aux \u00e9leveurs d\u2019engraisser les bovins \u00e0 l\u2019\u00e9table durant l\u2019hiver et de fournir ainsi la capitale pendant les mois o\u00f9 les autres provinces comme la Normandie ne l\u2019approvisionnent que faiblement. Cette m\u00e9thode permet au Limousin de s\u2019ins\u00e9rer avec succ\u00e8s dans le plus grand march\u00e9 du royaume et de devenir le second fournisseur de celui-ci en bovins.<\/p>\n<p>En se d\u00e9marquant de la pr\u00e9occupation primordiale du si\u00e8cle \u2013 la production de bl\u00e9s avant tout \u2013 l\u2019\u00e9levage bovin limousin fait ainsi figure d\u2019une sp\u00e9cialisation agricole impliqu\u00e9e dans l\u2019\u00e9conomie de march\u00e9 qui contraste avec la repr\u00e9sentation traditionnelle de la province souvent d\u00e9crite \u00e0 travers le prisme de la mis\u00e8re, de l\u2019archa\u00efsme de ses pratiques agricoles et de l\u2019isolement.<\/p>\n","protected":false},"excerpt":{"rendered":"<p>Le Limousin est depuis longtemps une terre d\u2019\u00e9levage. Cette activit\u00e9 s\u2019 est pr\u00e9cocement orient\u00e9e vers la commercialisation de b\u0153ufs gras destin\u00e9s surtout \u00e0 la capitale. Cette activit\u00e9 prend une telle ampleur au XVIIIe si\u00e8cle qu\u2019 elle constitue la principale ressource \u00e9conomique de la province. L\u2019exploitation judicieuse des caract\u00e9ristiques naturelles de celle-ci \u2013 forte pluviosit\u00e9, abondance [&hellip;]<\/p>\n","protected":false},"featured_media":29951,"template":"","meta":{"_acf_changed":false,"_genesis_hide_title":false,"_genesis_hide_breadcrumbs":false,"_genesis_hide_singular_image":false,"_genesis_hide_footer_widgets":false,"_genesis_custom_body_class":"","_genesis_custom_post_class":"","_genesis_layout":""},"product_brand":[],"product_cat":[7159,7149,7133],"product_tag":[],"class_list":{"0":"post-29953","1":"product","2":"type-product","3":"status-publish","4":"has-post-thumbnail","6":"product_cat-istoria-moderna-e-contemporala-oc","7":"product_cat-istoria-geografia-oc","8":"product_cat-libres-oc","9":"pa_auteur-delhoume-jean-pierre-oc","10":"pa_editeur-pu-limoges-oc","11":"pa_langue-francais-oc","12":"entry","14":"first","15":"outofstock","16":"shipping-taxable","17":"purchasable","18":"product-type-simple"},"acf":[],"_links":{"self":[{"href":"https:\/\/www.libraria-occitana.org\/oc\/wp-json\/wp\/v2\/product\/29953","targetHints":{"allow":["GET"]}}],"collection":[{"href":"https:\/\/www.libraria-occitana.org\/oc\/wp-json\/wp\/v2\/product"}],"about":[{"href":"https:\/\/www.libraria-occitana.org\/oc\/wp-json\/wp\/v2\/types\/product"}],"wp:featuredmedia":[{"embeddable":true,"href":"https:\/\/www.libraria-occitana.org\/oc\/wp-json\/wp\/v2\/media\/29951"}],"wp:attachment":[{"href":"https:\/\/www.libraria-occitana.org\/oc\/wp-json\/wp\/v2\/media?parent=29953"}],"wp:term":[{"taxonomy":"product_brand","embeddable":true,"href":"https:\/\/www.libraria-occitana.org\/oc\/wp-json\/wp\/v2\/product_brand?post=29953"},{"taxonomy":"product_cat","embeddable":true,"href":"https:\/\/www.libraria-occitana.org\/oc\/wp-json\/wp\/v2\/product_cat?post=29953"},{"taxonomy":"product_tag","embeddable":true,"href":"https:\/\/www.libraria-occitana.org\/oc\/wp-json\/wp\/v2\/product_tag?post=29953"}],"curies":[{"name":"wp","href":"https:\/\/api.w.org\/{rel}","templated":true}]}}