{"id":29966,"date":"2017-04-12T18:03:56","date_gmt":"2017-04-12T16:03:56","guid":{"rendered":"http:\/\/www.libraria-occitana.org\/all-products\/na-lonja-lonja-via?lang=oc"},"modified":"2026-04-29T00:47:06","modified_gmt":"2026-04-28T22:47:06","slug":"na-lonja-lonja-via","status":"publish","type":"product","link":"https:\/\/www.libraria-occitana.org\/oc\/produch\/na-lonja-lonja-via\/","title":{"rendered":"&#8216;Na lonja lonja vi\u00e1"},"content":{"rendered":"<p>Po\u00e8ta, romancier e autor plan conegut de teatre, l&#8217;irland\u00e9s Sebastian Barry es nascut en 1954. Conta dins <em>&#8216;Na lonja lonja vi\u00e1<\/em> la guerra de Quat\u00f2rze daus Irland\u00e9s, venguda enquera mai estranha e tarribla apres las \u00ab Paschas sagnosas \u00bb de 1916.<br \/>\nLo Willie Dunne, partit la flor al fusilh, e al c\u00f2r l&#8217;amor de sa Gretta, descrubir\u00e1 redde que ren es simple, e mai qu&#8217;Irlanda, los \u00f2mes e lo monde son cap de pial coma los avi\u00e1 totjorn vists.<\/p>\n","protected":false},"excerpt":{"rendered":"<p>Po\u00e8ta, romancier e autor plan conegut de teatre, l&#8217;irland\u00e9s Sebastian Barry es nascut en 1954. Conta dins &#8216;Na lonja lonja vi\u00e1 la guerra de Quat\u00f2rze daus Irland\u00e9s, venguda enquera mai estranha e tarribla apres las \u00ab Paschas sagnosas \u00bb de 1916. Lo Willie Dunne, partit la flor al fusilh, e al c\u00f2r l&#8217;amor de sa [&hellip;]<\/p>\n","protected":false},"featured_media":29964,"template":"","meta":{"_acf_changed":false,"_genesis_hide_title":false,"_genesis_hide_breadcrumbs":false,"_genesis_hide_singular_image":false,"_genesis_hide_footer_widgets":false,"_genesis_custom_body_class":"","_genesis_custom_post_class":"","_genesis_layout":""},"product_brand":[],"product_cat":[7133,7175,7183],"product_tag":[],"class_list":{"0":"post-29966","1":"product","2":"type-product","3":"status-publish","4":"has-post-thumbnail","6":"product_cat-libres-oc","7":"product_cat-literatura-oc","8":"product_cat-romans-novelas-oc","9":"pa_auteur-barry-sebastian-oc","10":"pa_editeur-letras-doc-oc","11":"pa_illustrateur-lacomba-joan-peire-oc","12":"pa_langue-occitan-oc","13":"pa_langue-occitan-lemosin-oc","14":"entry","16":"first","17":"instock","18":"shipping-taxable","19":"purchasable","20":"product-type-simple"},"acf":[],"_links":{"self":[{"href":"https:\/\/www.libraria-occitana.org\/oc\/wp-json\/wp\/v2\/product\/29966","targetHints":{"allow":["GET"]}}],"collection":[{"href":"https:\/\/www.libraria-occitana.org\/oc\/wp-json\/wp\/v2\/product"}],"about":[{"href":"https:\/\/www.libraria-occitana.org\/oc\/wp-json\/wp\/v2\/types\/product"}],"wp:featuredmedia":[{"embeddable":true,"href":"https:\/\/www.libraria-occitana.org\/oc\/wp-json\/wp\/v2\/media\/29964"}],"wp:attachment":[{"href":"https:\/\/www.libraria-occitana.org\/oc\/wp-json\/wp\/v2\/media?parent=29966"}],"wp:term":[{"taxonomy":"product_brand","embeddable":true,"href":"https:\/\/www.libraria-occitana.org\/oc\/wp-json\/wp\/v2\/product_brand?post=29966"},{"taxonomy":"product_cat","embeddable":true,"href":"https:\/\/www.libraria-occitana.org\/oc\/wp-json\/wp\/v2\/product_cat?post=29966"},{"taxonomy":"product_tag","embeddable":true,"href":"https:\/\/www.libraria-occitana.org\/oc\/wp-json\/wp\/v2\/product_tag?post=29966"}],"curies":[{"name":"wp","href":"https:\/\/api.w.org\/{rel}","templated":true}]}}